{"id":10084,"date":"2023-11-14T09:06:16","date_gmt":"2023-11-14T08:06:16","guid":{"rendered":"https:\/\/www.branas.se\/?page_id=10084"},"modified":"2026-03-19T10:44:35","modified_gmt":"2026-03-19T09:44:35","slug":"branas-syd","status":"publish","type":"page","link":"https:\/\/www.branas.se\/da\/om-branasgruppen\/projekt\/branas-syd\/","title":{"rendered":"Bran\u00e4s Syd"},"content":{"rendered":"<h1 style=\"text-align: center;\">Fremtidens store skiomr\u00e5de<\/h1>\n<div class=\"ingress\">Bran\u00e4s er i dag Sveriges fjerdest\u00f8rste skisportssted, og vi er stolte af vores rejse indtil videre. Men vi stopper ikke der \u2013 vi ser allerede fremad og planl\u00e6gger den n\u00e6ste store investering i Bran\u00e4s historie. Med fem nye lifte og lige s\u00e5 mange pister vil Bran\u00e4s Syd tage skiforn\u00f8jelsen til n\u00e6ste niveau<\/div>","protected":false},"excerpt":{"rendered":"<p>Fremtidens store skiomr\u00e5de, Bran\u00e4s, er i dag Sveriges fjerdest\u00f8rste skisportssted, og vi er stolte af vores rejse indtil videre. Men vi stopper ikke der \u2013 vi ser allerede fremad og planl\u00e6gger det n\u00e6ste store foretagende i Bran\u00e4s&#039; historie. Med fem nye lifter og lige s\u00e5 mange pister vil Bran\u00e4s Syd tage skigl\u00e6den til et nyt niveau.<\/p>","protected":false},"author":14,"featured_media":0,"parent":9138,"menu_order":0,"comment_status":"closed","ping_status":"closed","template":"","meta":{"_acf_changed":false,"footnotes":""},"class_list":["post-10084","page","type-page","status-publish","hentry"],"acf":[],"_links":{"self":[{"href":"https:\/\/www.branas.se\/da\/wp-json\/wp\/v2\/pages\/10084"}],"collection":[{"href":"https:\/\/www.branas.se\/da\/wp-json\/wp\/v2\/pages"}],"about":[{"href":"https:\/\/www.branas.se\/da\/wp-json\/wp\/v2\/types\/page"}],"author":[{"embeddable":true,"href":"https:\/\/www.branas.se\/da\/wp-json\/wp\/v2\/users\/14"}],"replies":[{"embeddable":true,"href":"https:\/\/www.branas.se\/da\/wp-json\/wp\/v2\/comments?post=10084"}],"version-history":[{"count":14,"href":"https:\/\/www.branas.se\/da\/wp-json\/wp\/v2\/pages\/10084\/revisions"}],"predecessor-version":[{"id":14810,"href":"https:\/\/www.branas.se\/da\/wp-json\/wp\/v2\/pages\/10084\/revisions\/14810"}],"up":[{"embeddable":true,"href":"https:\/\/www.branas.se\/da\/wp-json\/wp\/v2\/pages\/9138"}],"wp:attachment":[{"href":"https:\/\/www.branas.se\/da\/wp-json\/wp\/v2\/media?parent=10084"}],"curies":[{"name":"wp","href":"https:\/\/api.w.org\/{rel}","templated":true}]}}