{"id":10116,"date":"2023-07-06T17:58:36","date_gmt":"2023-07-06T15:58:36","guid":{"rendered":"https:\/\/www.branas.se\/?page_id=10116"},"modified":"2023-08-28T15:20:40","modified_gmt":"2023-08-28T13:20:40","slug":"7-tips-utforscykling","status":"publish","type":"page","link":"https:\/\/www.branas.se\/da\/sommar\/cykel\/7-tips-utforscykling\/","title":{"rendered":"7 tips - downhill cykling"},"content":{"rendered":"<div class=\"ingress\">Mountainbike er den perfekte familie- og sommeraktivitet og i Bran\u00e4s finder du dejlige flow-stier, hvor alle kan have det sjovt uanset alder og erfaring. Men hvordan sker det? Og hvad skal der til? Nedenfor lister vi syv tips til dig, der gerne vil i gang med at cykle!<\/div>\n<div>\n<p><img loading=\"lazy\" decoding=\"async\" class=\"alignnone size-full wp-image-10117\" src=\"https:\/\/cdn.branasgruppen.se\/branas\/app\/uploads\/2023\/07\/06175646\/7_cykeltips-bf.jpg\" alt=\"\" width=\"1200\" height=\"675\" srcset=\"https:\/\/cdn.branasgruppen.se\/branas\/app\/uploads\/2023\/07\/06175646\/7_cykeltips-bf.jpg 1200w, https:\/\/cdn.branasgruppen.se\/branas\/app\/uploads\/2023\/07\/06175646\/7_cykeltips-bf-300x169.jpg 300w, https:\/\/cdn.branasgruppen.se\/branas\/app\/uploads\/2023\/07\/06175646\/7_cykeltips-bf-768x432.jpg 768w, https:\/\/cdn.branasgruppen.se\/branas\/app\/uploads\/2023\/07\/06175646\/7_cykeltips-bf-1024x576.jpg 1024w, https:\/\/cdn.branasgruppen.se\/branas\/app\/uploads\/2023\/07\/06175646\/7_cykeltips-bf-18x10.jpg 18w\" sizes=\"(max-width: 1200px) 100vw, 1200px\" \/><\/p>\n<p>Interessen for downhill-cykling vokser for hvert \u00e5r, der g\u00e5r, og flere og flere mennesker opdager tiltr\u00e6kningen ved liftb\u00e5ret cykling. Hos os kan du nyde familievenlige flowstier, som du nemt kan n\u00e5 med en stolelift eller rullebane for de mindste. En flowled snor sig ned ad bjerget og er bygget til at passe b\u00e5de familier og begyndere og er ikke s\u00e5 stejl som en ned ad bakke.<\/p>\n<p>At cykle ned ad bakke er sjovt og slet ikke s\u00e5 sv\u00e6rt, som mange m\u00e5ske forestiller sig. Nedenfor er syv velvalgte tips til at hj\u00e6lpe dig i gang med at cykle og g\u00f8re din dag p\u00e5 bjerget endnu bedre!<\/p>\n<h2>1. Det rigtige udstyr<\/h2>\n<p>N\u00e5r man cykler ned ad bakke, anbefales en cykel med st\u00f8dd\u00e6mpning b\u00e5de for og bag, hvilket g\u00f8r cyklingen nemmere og mere sikker. Udover cyklen skal du bruge hjelm, n\u00e5r du cykler ned ad bakke, og s\u00e5 anbefales en helhjelm. Rygbeskyttelse, handsker og kn\u00e6- og albuebeskyttelse er ogs\u00e5 gode at have. B\u00e5de cykler i forskellige st\u00f8rrelser og overtr\u00e6k kan lejes p\u00e5 stedet. <a href=\"https:\/\/hyra.branas.se\/cykel\/#\/hyra\">Bestil udstyr her.<\/a><\/p>\n<h2>2. Glem ikke opvarmningen<\/h2>\n<p>Start dagen med at varme din krop op og l\u00e6re din cykel at kende, det minimerer risikoen for skader. For eksempel kan du tr\u00e6de et par runder i et teknisk omr\u00e5de eller en pumptrack for at kickstarte b\u00e5de krop og cykel, inden du begiver dig op ad bjerget.<\/p>\n<h2>3. Du skal ikke bekymre dig om liften<\/h2>\n<p>Det bedste ved liftb\u00e5ret cykling er, at det er bekvemt at komme op ad bjerget. For at tage cyklen med op, skal du h\u00e6nge den p\u00e5 et beslag, der er placeret bagerst i liften. Det er ikke sv\u00e6rt at f\u00e5 ordnet cyklen, men det kan v\u00e6re us\u00e6dvanligt i starten. Men bare rolig \u2013 vores personale hj\u00e6lper dig b\u00e5de p\u00e5 og af cyklen i liften.<\/p>\n<h2>4. Cykle let i starten<\/h2>\n<p>Start med det nemmeste spor og \u00f8g derefter gradvist sv\u00e6rhedsgraden, hvis du f\u00f8ler, du vil udfordre dig selv. Uanset hvilken type spor du k\u00f8rer, er det altid en god id\u00e9 at starte langsomt for at l\u00e6re stien at kende, f\u00f8r du gradvist \u00f8ger din hastighed.<\/p>\n<h2>5. Vandrette pedaler<\/h2>\n<p>Pedalerne skal st\u00e5 i en vandret linje, n\u00e5r du k\u00f8rer ned ad bakke, s\u00e5 de ikke fanger sten og r\u00f8dder, som du k\u00f8rer over. Pr\u00f8v at g\u00f8re det til en rutine altid at placere pedalerne vandret, n\u00e5r du ikke tr\u00e6der i pedalerne.<\/p>\n<h2>6. St\u00e5 op<\/h2>\n<p>Ved at st\u00e5 op p\u00e5 cyklen bliver du mere fleksibel og f\u00e5r mere kontrol over cyklingen. N\u00e5r du st\u00e5r op, er det nemmere at parere bump ved at b\u00f8je arme og ben og du f\u00e5r meget bedre balance i forhold til hvis du sidder ned.<\/p>\n<h2>7. Planl\u00e6g cyklingen<\/h2>\n<p>Bliv et skridt foran ved at kigge op og planl\u00e6gge din cykling. Hvis du tilpasser din hastighed i god tid, kan du undg\u00e5 at bremse midt i kurver og forhindringer, hvilket betyder, at du ikke f\u00e5r samme flow og risikerer at glide og falde.<\/p>\n<h2>Bonustip \u2013 God forn\u00f8jelse!<\/h2>\n<p>Det vigtigste, n\u00e5r man cykler, er at have det sjovt. Stil ikke for h\u00f8je krav til dig selv og s\u00f8rg for at nyde kaffe, god mad og godt selskab. S\u00e5 bliver din cykeloplevelse med garanti uforglemmelig!<\/p>\n<p><img loading=\"lazy\" decoding=\"async\" class=\"wp-image-9988 size-full aligncenter\" src=\"https:\/\/cdn.branasgruppen.se\/branas\/app\/uploads\/2023\/05\/11155556\/branas_cykel-09_mailchimp.jpg\" alt=\"\" width=\"1000\" height=\"667\" srcset=\"https:\/\/cdn.branasgruppen.se\/branas\/app\/uploads\/2023\/05\/11155556\/branas_cykel-09_mailchimp.jpg 1000w, https:\/\/cdn.branasgruppen.se\/branas\/app\/uploads\/2023\/05\/11155556\/branas_cykel-09_mailchimp-300x200.jpg 300w, https:\/\/cdn.branasgruppen.se\/branas\/app\/uploads\/2023\/05\/11155556\/branas_cykel-09_mailchimp-768x512.jpg 768w, https:\/\/cdn.branasgruppen.se\/branas\/app\/uploads\/2023\/05\/11155556\/branas_cykel-09_mailchimp-18x12.jpg 18w\" sizes=\"(max-width: 1000px) 100vw, 1000px\" \/><\/p>\n<\/div>","protected":false},"excerpt":{"rendered":"<p>Mountainbike er den perfekte familie- og sommeraktivitet og i Bran\u00e4s finder du dejlige flow-stier, hvor alle kan have det sjovt uanset alder og erfaring. Men hvordan sker det? Og hvad skal der til? Nedenfor lister vi syv tips til dig, der gerne vil i gang med at cykle! Interessen for downhill cykling vokser hvert \u00e5r [...]<\/p>","protected":false},"author":14,"featured_media":0,"parent":6574,"menu_order":0,"comment_status":"closed","ping_status":"closed","template":"","meta":{"_acf_changed":false,"footnotes":""},"class_list":["post-10116","page","type-page","status-publish","hentry"],"acf":[],"_links":{"self":[{"href":"https:\/\/www.branas.se\/da\/wp-json\/wp\/v2\/pages\/10116"}],"collection":[{"href":"https:\/\/www.branas.se\/da\/wp-json\/wp\/v2\/pages"}],"about":[{"href":"https:\/\/www.branas.se\/da\/wp-json\/wp\/v2\/types\/page"}],"author":[{"embeddable":true,"href":"https:\/\/www.branas.se\/da\/wp-json\/wp\/v2\/users\/14"}],"replies":[{"embeddable":true,"href":"https:\/\/www.branas.se\/da\/wp-json\/wp\/v2\/comments?post=10116"}],"version-history":[{"count":6,"href":"https:\/\/www.branas.se\/da\/wp-json\/wp\/v2\/pages\/10116\/revisions"}],"predecessor-version":[{"id":10195,"href":"https:\/\/www.branas.se\/da\/wp-json\/wp\/v2\/pages\/10116\/revisions\/10195"}],"up":[{"embeddable":true,"href":"https:\/\/www.branas.se\/da\/wp-json\/wp\/v2\/pages\/6574"}],"wp:attachment":[{"href":"https:\/\/www.branas.se\/da\/wp-json\/wp\/v2\/media?parent=10116"}],"curies":[{"name":"wp","href":"https:\/\/api.w.org\/{rel}","templated":true}]}}