{"id":11117,"date":"2023-12-22T11:12:24","date_gmt":"2023-12-22T10:12:24","guid":{"rendered":"https:\/\/www.branas.se\/?page_id=11117"},"modified":"2026-01-12T08:41:18","modified_gmt":"2026-01-12T07:41:18","slug":"info-till-boendegast","status":"publish","type":"page","link":"https:\/\/www.branas.se\/da\/info-till-boendegast\/","title":{"rendered":"Information til fastboende g\u00e6ster"},"content":{"rendered":"<div class=\"ingress\">Her finder du nyttig information til dig, der bor hos os i Bran\u00e4s. Hvis du har yderligere sp\u00f8rgsm\u00e5l, kan du finde svaret i vores FAQ eller kontakte os via samme side.<\/div>\n<div style=\"text-align: center;\"><a class=\"btn btn--c--brand\" href=\"https:\/\/www.branas.se\/da\/gastservice\/\">Til FAQ<\/a><\/div>","protected":false},"excerpt":{"rendered":"<p>Her finder du nyttige oplysninger for jer, der bor hos os i Bran\u00e4s. Hvis du har yderligere sp\u00f8rgsm\u00e5l, kan du finde svaret i vores FAQ eller kontakte os via samme side. Til Ofte stillede sp\u00f8rgsm\u00e5l<\/p>","protected":false},"author":14,"featured_media":0,"parent":0,"menu_order":0,"comment_status":"closed","ping_status":"closed","template":"","meta":{"_acf_changed":false,"footnotes":""},"class_list":["post-11117","page","type-page","status-publish","hentry"],"acf":[],"_links":{"self":[{"href":"https:\/\/www.branas.se\/da\/wp-json\/wp\/v2\/pages\/11117"}],"collection":[{"href":"https:\/\/www.branas.se\/da\/wp-json\/wp\/v2\/pages"}],"about":[{"href":"https:\/\/www.branas.se\/da\/wp-json\/wp\/v2\/types\/page"}],"author":[{"embeddable":true,"href":"https:\/\/www.branas.se\/da\/wp-json\/wp\/v2\/users\/14"}],"replies":[{"embeddable":true,"href":"https:\/\/www.branas.se\/da\/wp-json\/wp\/v2\/comments?post=11117"}],"version-history":[{"count":37,"href":"https:\/\/www.branas.se\/da\/wp-json\/wp\/v2\/pages\/11117\/revisions"}],"predecessor-version":[{"id":14614,"href":"https:\/\/www.branas.se\/da\/wp-json\/wp\/v2\/pages\/11117\/revisions\/14614"}],"wp:attachment":[{"href":"https:\/\/www.branas.se\/da\/wp-json\/wp\/v2\/media?parent=11117"}],"curies":[{"name":"wp","href":"https:\/\/api.w.org\/{rel}","templated":true}]}}