{"id":1130,"date":"2018-11-20T16:26:45","date_gmt":"2018-11-20T16:26:45","guid":{"rendered":"https:\/\/www.branas.se\/?page_id=1130"},"modified":"2025-09-24T13:26:45","modified_gmt":"2025-09-24T11:26:45","slug":"stugagarportalen","status":"publish","type":"page","link":"https:\/\/www.branas.se\/da\/hyr-ut-boende\/stugagarportalen\/","title":{"rendered":"Sommerhusejerportalen"},"content":{"rendered":"<div class=\"ingress\">Sommerhusejerportalen er for dig, der allerede ejer et sommerhus eller lejlighed i Bran\u00e4s og \u00f8nsker at leje det ud. Bran\u00e4s Fritidscenter hj\u00e6lper med hele processen \u2013 fra markedsf\u00f8ring af g\u00e6stekontakt til alt det praktiske omkring udlejningen.<\/div>\n<div style=\"text-align: center;\"><a class=\"btn btn--action\" href=\"https:\/\/branas.r360owner.se\/r360\/owner\/login.php\">Log ind p\u00e5 sommerhusejerportalen<\/a><\/div>\n<hr \/>","protected":false},"excerpt":{"rendered":"<p>Sommerhusejerportalen er for jer, der allerede ejer et sommerhus eller en lejlighed i Bran\u00e4s og \u00f8nsker at udleje det. Bran\u00e4s Fritidscenter hj\u00e6lper med hele processen \u2013 fra markedsf\u00f8ring og g\u00e6stekontakt til alle de praktiske aspekter af udlejning. Log ind p\u00e5 sommerhusejerportalen<\/p>","protected":false},"author":2,"featured_media":0,"parent":7401,"menu_order":0,"comment_status":"closed","ping_status":"closed","template":"","meta":{"_acf_changed":false,"footnotes":""},"class_list":["post-1130","page","type-page","status-publish","hentry"],"acf":[],"_links":{"self":[{"href":"https:\/\/www.branas.se\/da\/wp-json\/wp\/v2\/pages\/1130"}],"collection":[{"href":"https:\/\/www.branas.se\/da\/wp-json\/wp\/v2\/pages"}],"about":[{"href":"https:\/\/www.branas.se\/da\/wp-json\/wp\/v2\/types\/page"}],"author":[{"embeddable":true,"href":"https:\/\/www.branas.se\/da\/wp-json\/wp\/v2\/users\/2"}],"replies":[{"embeddable":true,"href":"https:\/\/www.branas.se\/da\/wp-json\/wp\/v2\/comments?post=1130"}],"version-history":[{"count":34,"href":"https:\/\/www.branas.se\/da\/wp-json\/wp\/v2\/pages\/1130\/revisions"}],"predecessor-version":[{"id":14168,"href":"https:\/\/www.branas.se\/da\/wp-json\/wp\/v2\/pages\/1130\/revisions\/14168"}],"up":[{"embeddable":true,"href":"https:\/\/www.branas.se\/da\/wp-json\/wp\/v2\/pages\/7401"}],"wp:attachment":[{"href":"https:\/\/www.branas.se\/da\/wp-json\/wp\/v2\/media?parent=1130"}],"curies":[{"name":"wp","href":"https:\/\/api.w.org\/{rel}","templated":true}]}}