{"id":11665,"date":"2024-05-02T10:40:29","date_gmt":"2024-05-02T08:40:29","guid":{"rendered":"https:\/\/www.branas.se\/?page_id=11665"},"modified":"2025-06-09T09:07:40","modified_gmt":"2025-06-09T07:07:40","slug":"liftkort","status":"publish","type":"page","link":"https:\/\/www.branas.se\/da\/sommar\/liftkort\/","title":{"rendered":"liftkort"},"content":{"rendered":"<div class=\"ingress\"><span class=\"TextRun SCXW158894704 BCX9\" lang=\"SV-SE\" xml:lang=\"SV-SE\" data-contrast=\"auto\"><span class=\"NormalTextRun SCXW158894704 BCX9\">Velkommen til familiens favorit Bran\u00e4s og sommereventyr.<\/span><\/span><span class=\"EOP SCXW158894704 BCX9\" data-ccp-props=\"{}\"> Her finder du 7 stier af lettere sv\u00e6rhedsgrad, der g\u00f8r det nemt for hele familien at k\u00f8re sammen. B\u00f8rn mellem 0-6 \u00e5r st\u00e5r gratis p\u00e5 ski i vores anl\u00e6g, hvis de har et liftkort med b\u00f8rn.\u00a0<\/span><\/div>","protected":false},"excerpt":{"rendered":"<p>Velkommen til familiens yndlingseventyr i Bran\u00e4s og om sommeren. Her finder du 7 lettere ruter, der g\u00f8r det nemt for hele familien at k\u00f8re sammen. B\u00f8rn mellem 0-6 \u00e5r st\u00e5r gratis p\u00e5 ski i vores faciliteter, hvis de har et liftkort med till\u00e6gsgebyr.\u00a0<\/p>","protected":false},"author":14,"featured_media":0,"parent":7846,"menu_order":0,"comment_status":"closed","ping_status":"closed","template":"","meta":{"_acf_changed":false,"footnotes":""},"class_list":["post-11665","page","type-page","status-publish","hentry"],"acf":[],"_links":{"self":[{"href":"https:\/\/www.branas.se\/da\/wp-json\/wp\/v2\/pages\/11665"}],"collection":[{"href":"https:\/\/www.branas.se\/da\/wp-json\/wp\/v2\/pages"}],"about":[{"href":"https:\/\/www.branas.se\/da\/wp-json\/wp\/v2\/types\/page"}],"author":[{"embeddable":true,"href":"https:\/\/www.branas.se\/da\/wp-json\/wp\/v2\/users\/14"}],"replies":[{"embeddable":true,"href":"https:\/\/www.branas.se\/da\/wp-json\/wp\/v2\/comments?post=11665"}],"version-history":[{"count":27,"href":"https:\/\/www.branas.se\/da\/wp-json\/wp\/v2\/pages\/11665\/revisions"}],"predecessor-version":[{"id":13950,"href":"https:\/\/www.branas.se\/da\/wp-json\/wp\/v2\/pages\/11665\/revisions\/13950"}],"up":[{"embeddable":true,"href":"https:\/\/www.branas.se\/da\/wp-json\/wp\/v2\/pages\/7846"}],"wp:attachment":[{"href":"https:\/\/www.branas.se\/da\/wp-json\/wp\/v2\/media?parent=11665"}],"curies":[{"name":"wp","href":"https:\/\/api.w.org\/{rel}","templated":true}]}}