{"id":11698,"date":"2024-05-03T12:59:09","date_gmt":"2024-05-03T10:59:09","guid":{"rendered":"https:\/\/www.branas.se\/?page_id=11698"},"modified":"2026-04-27T10:20:05","modified_gmt":"2026-04-27T08:20:05","slug":"nyheter","status":"publish","type":"page","link":"https:\/\/www.branas.se\/da\/sommar\/nyheter\/","title":{"rendered":"Nyheder"},"content":{"rendered":"<div class=\"ingress\">\n<p>Til sommeren vil vi forts\u00e6tte med at udvikle vores sommerkoncept med tilf\u00f8jelser til b\u00e5de cykelstierne og de omkringliggende aktiviteter.<\/p>\n<\/div>","protected":false},"excerpt":{"rendered":"<p>Til sommeren vil vi forts\u00e6tte med at udvikle vores sommerkoncept med tilf\u00f8jelser til b\u00e5de cykelstierne og de omkringliggende aktiviteter.<\/p>","protected":false},"author":14,"featured_media":0,"parent":7846,"menu_order":0,"comment_status":"closed","ping_status":"closed","template":"","meta":{"_acf_changed":false,"footnotes":""},"class_list":["post-11698","page","type-page","status-publish","hentry"],"acf":[],"_links":{"self":[{"href":"https:\/\/www.branas.se\/da\/wp-json\/wp\/v2\/pages\/11698"}],"collection":[{"href":"https:\/\/www.branas.se\/da\/wp-json\/wp\/v2\/pages"}],"about":[{"href":"https:\/\/www.branas.se\/da\/wp-json\/wp\/v2\/types\/page"}],"author":[{"embeddable":true,"href":"https:\/\/www.branas.se\/da\/wp-json\/wp\/v2\/users\/14"}],"replies":[{"embeddable":true,"href":"https:\/\/www.branas.se\/da\/wp-json\/wp\/v2\/comments?post=11698"}],"version-history":[{"count":28,"href":"https:\/\/www.branas.se\/da\/wp-json\/wp\/v2\/pages\/11698\/revisions"}],"predecessor-version":[{"id":14913,"href":"https:\/\/www.branas.se\/da\/wp-json\/wp\/v2\/pages\/11698\/revisions\/14913"}],"up":[{"embeddable":true,"href":"https:\/\/www.branas.se\/da\/wp-json\/wp\/v2\/pages\/7846"}],"wp:attachment":[{"href":"https:\/\/www.branas.se\/da\/wp-json\/wp\/v2\/media?parent=11698"}],"curies":[{"name":"wp","href":"https:\/\/api.w.org\/{rel}","templated":true}]}}