{"id":11758,"date":"2024-06-03T10:45:25","date_gmt":"2024-06-03T08:45:25","guid":{"rendered":"https:\/\/www.branas.se\/?page_id=11758"},"modified":"2024-06-03T11:00:09","modified_gmt":"2024-06-03T09:00:09","slug":"vad-ar-en-flowled","status":"publish","type":"page","link":"https:\/\/www.branas.se\/da\/sommar\/cykel\/vad-ar-en-flowled\/","title":{"rendered":"Hvad er et flow led"},"content":{"rendered":"<div class=\"ingress\">N\u00e5r man cykler i Bran\u00e4s, er det p\u00e5 stier, der g\u00e5r under navnet flowled. Her kan du l\u00e6re, hvad et flow-spor er, hvordan sporet skal opleves, og hvad det best\u00e5r af.<\/div>","protected":false},"excerpt":{"rendered":"<p>N\u00e5r man cykler i Bran\u00e4s, er det p\u00e5 stier, der g\u00e5r under navnet flowled. Her kan du l\u00e6re, hvad et flow-spor er, hvordan sporet skal opleves, og hvad det best\u00e5r af.<\/p>","protected":false},"author":14,"featured_media":0,"parent":6574,"menu_order":0,"comment_status":"closed","ping_status":"closed","template":"","meta":{"_acf_changed":false,"footnotes":""},"class_list":["post-11758","page","type-page","status-publish","hentry"],"acf":[],"_links":{"self":[{"href":"https:\/\/www.branas.se\/da\/wp-json\/wp\/v2\/pages\/11758"}],"collection":[{"href":"https:\/\/www.branas.se\/da\/wp-json\/wp\/v2\/pages"}],"about":[{"href":"https:\/\/www.branas.se\/da\/wp-json\/wp\/v2\/types\/page"}],"author":[{"embeddable":true,"href":"https:\/\/www.branas.se\/da\/wp-json\/wp\/v2\/users\/14"}],"replies":[{"embeddable":true,"href":"https:\/\/www.branas.se\/da\/wp-json\/wp\/v2\/comments?post=11758"}],"version-history":[{"count":2,"href":"https:\/\/www.branas.se\/da\/wp-json\/wp\/v2\/pages\/11758\/revisions"}],"predecessor-version":[{"id":11762,"href":"https:\/\/www.branas.se\/da\/wp-json\/wp\/v2\/pages\/11758\/revisions\/11762"}],"up":[{"embeddable":true,"href":"https:\/\/www.branas.se\/da\/wp-json\/wp\/v2\/pages\/6574"}],"wp:attachment":[{"href":"https:\/\/www.branas.se\/da\/wp-json\/wp\/v2\/media?parent=11758"}],"curies":[{"name":"wp","href":"https:\/\/api.w.org\/{rel}","templated":true}]}}