{"id":13144,"date":"2025-03-19T13:39:24","date_gmt":"2025-03-19T12:39:24","guid":{"rendered":"https:\/\/www.branas.se\/?page_id=13144"},"modified":"2025-12-18T09:24:42","modified_gmt":"2025-12-18T08:24:42","slug":"konferens","status":"publish","type":"page","link":"https:\/\/www.branas.se\/da\/grupp-och-skolresor\/konferens\/","title":{"rendered":"Konference"},"content":{"rendered":"<div class=\"ingress\" style=\"text-align: center;\">\n<p><span data-contrast=\"auto\">I Bran\u00e4s bliver hytten dit samlingssted, elevatoren din walk-and-talk og Toppstugan din kaffestue. Kickstart dit n\u00e6ste store projekt med et milj\u00f8skift, hvor du skifter strategiske samtaler med carvingsving og lange pauser p\u00e5 udend\u00f8rsterrassen.\u00a0<\/span><\/p>\n<p><span data-contrast=\"auto\">Og den bedste del? Du kommer hjem med ny energi, st\u00e6rkere samh\u00f8righed og en ny tradition at se frem til hvert \u00e5r.<\/span><span data-ccp-props=\"{}\"><br \/>\n<\/span><\/p>\n<p style=\"text-align: center;\"><a class=\"btn btn--action\" href=\"https:\/\/grupp.branas.se\/bokningsforfragan\">Booking anmodning<\/a><\/p>\n<p><span data-ccp-props=\"{}\">\u00a0<\/span><\/p>\n<\/div>","protected":false},"excerpt":{"rendered":"<p>I Bran\u00e4s bliver hytten dit samlingssted, elevatoren din walk-and-talk og Toppstugan din kaffestue. Kickstart dit n\u00e6ste store projekt med et milj\u00f8skift, hvor du skifter strategiske samtaler med carving-sving og lange pauser p\u00e5 udend\u00f8rsterrassen. Og det bedste? Du tager hjem med ny energi, st\u00e6rkere sammenhold og en ny tradition at se frem til hvert \u00e5r. Bookinganmodning \u00a0<\/p>","protected":false},"author":14,"featured_media":0,"parent":93,"menu_order":0,"comment_status":"closed","ping_status":"closed","template":"","meta":{"_acf_changed":false,"footnotes":""},"class_list":["post-13144","page","type-page","status-publish","hentry"],"acf":[],"_links":{"self":[{"href":"https:\/\/www.branas.se\/da\/wp-json\/wp\/v2\/pages\/13144"}],"collection":[{"href":"https:\/\/www.branas.se\/da\/wp-json\/wp\/v2\/pages"}],"about":[{"href":"https:\/\/www.branas.se\/da\/wp-json\/wp\/v2\/types\/page"}],"author":[{"embeddable":true,"href":"https:\/\/www.branas.se\/da\/wp-json\/wp\/v2\/users\/14"}],"replies":[{"embeddable":true,"href":"https:\/\/www.branas.se\/da\/wp-json\/wp\/v2\/comments?post=13144"}],"version-history":[{"count":21,"href":"https:\/\/www.branas.se\/da\/wp-json\/wp\/v2\/pages\/13144\/revisions"}],"predecessor-version":[{"id":14533,"href":"https:\/\/www.branas.se\/da\/wp-json\/wp\/v2\/pages\/13144\/revisions\/14533"}],"up":[{"embeddable":true,"href":"https:\/\/www.branas.se\/da\/wp-json\/wp\/v2\/pages\/93"}],"wp:attachment":[{"href":"https:\/\/www.branas.se\/da\/wp-json\/wp\/v2\/media?parent=13144"}],"curies":[{"name":"wp","href":"https:\/\/api.w.org\/{rel}","templated":true}]}}