{"id":13272,"date":"2025-04-03T08:35:45","date_gmt":"2025-04-03T06:35:45","guid":{"rendered":"https:\/\/www.branas.se\/?page_id=13272"},"modified":"2026-03-12T14:34:49","modified_gmt":"2026-03-12T13:34:49","slug":"attraktioner","status":"publish","type":"page","link":"https:\/\/www.branas.se\/da\/skidakning-i-branas\/kul-pa-sno\/attraktioner\/","title":{"rendered":"Sev\u00e6rdigheder"},"content":{"rendered":"<h2 class=\"ingress\">Oplev vores otte forskellige skiattraktioner, der g\u00f8r skil\u00f8b sjovere \u2013 og udviklende! Udfordr hinanden i Speedcross, sig hej til Mario og hans venner i Nintendos land, og tag en tur p\u00e5 SIA-isbakken. Her er l\u00e6ring en del af gl\u00e6den ved at st\u00e5 p\u00e5 ski!<\/h2>","protected":false},"excerpt":{"rendered":"<p>Oplev vores otte forskellige skiattraktioner, der g\u00f8r skil\u00f8b sjovere \u2013 og udviklende! Udfordr hinanden i Speedcross, sig hej til Mario og hans venner i Nintendos land, og tag en tur p\u00e5 SIA-isbakken. Her er l\u00e6ring en del af gl\u00e6den ved at st\u00e5 p\u00e5 ski!<\/p>","protected":false},"author":14,"featured_media":0,"parent":5049,"menu_order":0,"comment_status":"closed","ping_status":"closed","template":"","meta":{"_acf_changed":false,"footnotes":""},"class_list":["post-13272","page","type-page","status-publish","hentry"],"acf":[],"_links":{"self":[{"href":"https:\/\/www.branas.se\/da\/wp-json\/wp\/v2\/pages\/13272"}],"collection":[{"href":"https:\/\/www.branas.se\/da\/wp-json\/wp\/v2\/pages"}],"about":[{"href":"https:\/\/www.branas.se\/da\/wp-json\/wp\/v2\/types\/page"}],"author":[{"embeddable":true,"href":"https:\/\/www.branas.se\/da\/wp-json\/wp\/v2\/users\/14"}],"replies":[{"embeddable":true,"href":"https:\/\/www.branas.se\/da\/wp-json\/wp\/v2\/comments?post=13272"}],"version-history":[{"count":27,"href":"https:\/\/www.branas.se\/da\/wp-json\/wp\/v2\/pages\/13272\/revisions"}],"predecessor-version":[{"id":14798,"href":"https:\/\/www.branas.se\/da\/wp-json\/wp\/v2\/pages\/13272\/revisions\/14798"}],"up":[{"embeddable":true,"href":"https:\/\/www.branas.se\/da\/wp-json\/wp\/v2\/pages\/5049"}],"wp:attachment":[{"href":"https:\/\/www.branas.se\/da\/wp-json\/wp\/v2\/media?parent=13272"}],"curies":[{"name":"wp","href":"https:\/\/api.w.org\/{rel}","templated":true}]}}