{"id":13304,"date":"2025-04-03T07:44:16","date_gmt":"2025-04-03T05:44:16","guid":{"rendered":"https:\/\/www.branas.se\/?page_id=13304"},"modified":"2025-04-03T08:34:43","modified_gmt":"2025-04-03T06:34:43","slug":"snowpark-i-branas","status":"publish","type":"page","link":"https:\/\/www.branas.se\/da\/skidakning-i-branas\/kul-pa-sno\/snowpark-i-branas\/","title":{"rendered":"Snowpark i Bran\u00e4s"},"content":{"rendered":"<div class=\"ingress\">Kom og hav det sjovt som familie, uanset om du pr\u00f8ver dine f\u00f8rste hop eller finpudser dine tricks. Udforsk dit f\u00f8rste parkl\u00f8b i vores miniparker eller udfordr dig selv i Pepsi Snowpark \u2013 uanset niveau er vores parker for alle, uanset tidligere erfaring!<\/div>","protected":false},"excerpt":{"rendered":"<p>Kom og hav det sjovt som familie, uanset om du pr\u00f8ver dine f\u00f8rste hop eller finpudser dine tricks. Udforsk dit f\u00f8rste parkl\u00f8b i vores miniparker eller udfordr dig selv i Pepsi Snowpark \u2013 uanset niveau er vores parker for alle, uanset tidligere erfaring!<\/p>","protected":false},"author":14,"featured_media":0,"parent":5049,"menu_order":0,"comment_status":"closed","ping_status":"closed","template":"","meta":{"_acf_changed":false,"footnotes":""},"class_list":["post-13304","page","type-page","status-publish","hentry"],"acf":[],"_links":{"self":[{"href":"https:\/\/www.branas.se\/da\/wp-json\/wp\/v2\/pages\/13304"}],"collection":[{"href":"https:\/\/www.branas.se\/da\/wp-json\/wp\/v2\/pages"}],"about":[{"href":"https:\/\/www.branas.se\/da\/wp-json\/wp\/v2\/types\/page"}],"author":[{"embeddable":true,"href":"https:\/\/www.branas.se\/da\/wp-json\/wp\/v2\/users\/14"}],"replies":[{"embeddable":true,"href":"https:\/\/www.branas.se\/da\/wp-json\/wp\/v2\/comments?post=13304"}],"version-history":[{"count":41,"href":"https:\/\/www.branas.se\/da\/wp-json\/wp\/v2\/pages\/13304\/revisions"}],"predecessor-version":[{"id":13376,"href":"https:\/\/www.branas.se\/da\/wp-json\/wp\/v2\/pages\/13304\/revisions\/13376"}],"up":[{"embeddable":true,"href":"https:\/\/www.branas.se\/da\/wp-json\/wp\/v2\/pages\/5049"}],"wp:attachment":[{"href":"https:\/\/www.branas.se\/da\/wp-json\/wp\/v2\/media?parent=13304"}],"curies":[{"name":"wp","href":"https:\/\/api.w.org\/{rel}","templated":true}]}}