{"id":13386,"date":"2025-04-11T14:24:26","date_gmt":"2025-04-11T12:24:26","guid":{"rendered":"https:\/\/www.branas.se\/?page_id=13386"},"modified":"2025-12-23T08:29:40","modified_gmt":"2025-12-23T07:29:40","slug":"familjeomraden","status":"publish","type":"page","link":"https:\/\/www.branas.se\/da\/skidakning-i-branas\/familjeomraden\/","title":{"rendered":"Familieomr\u00e5der"},"content":{"rendered":"<h2 class=\"ingress\"><span class=\"TextRun SCXW251195975 BCX0\" lang=\"SV-SE\" xml:lang=\"SV-SE\" data-contrast=\"auto\"><span class=\"NormalTextRun SCXW251195975 BCX0\">Vi har flere omr\u00e5der, der er skabt, s\u00e5 hele familien kan nyde tiden sammen og opleve gl\u00e6den ved sne sammen. Her finder du hyggelige grillpladser, sjove k\u00e6lkebakker og enkle lifte, der g\u00f8r det nemt at komme i gang med at st\u00e5 p\u00e5 ski.<\/span><\/span><\/h2>","protected":false},"excerpt":{"rendered":"<p>Vi har flere omr\u00e5der, der er skabt, s\u00e5 hele familien kan nyde tiden sammen og opleve gl\u00e6den ved sne sammen. Her finder du hyggelige grillpladser, sjove k\u00e6lkebakker og enkle lifte, der g\u00f8r det nemt at komme i gang med at st\u00e5 p\u00e5 ski.<\/p>","protected":false},"author":14,"featured_media":0,"parent":368,"menu_order":0,"comment_status":"closed","ping_status":"closed","template":"","meta":{"_acf_changed":false,"footnotes":""},"class_list":["post-13386","page","type-page","status-publish","hentry"],"acf":[],"_links":{"self":[{"href":"https:\/\/www.branas.se\/da\/wp-json\/wp\/v2\/pages\/13386"}],"collection":[{"href":"https:\/\/www.branas.se\/da\/wp-json\/wp\/v2\/pages"}],"about":[{"href":"https:\/\/www.branas.se\/da\/wp-json\/wp\/v2\/types\/page"}],"author":[{"embeddable":true,"href":"https:\/\/www.branas.se\/da\/wp-json\/wp\/v2\/users\/14"}],"replies":[{"embeddable":true,"href":"https:\/\/www.branas.se\/da\/wp-json\/wp\/v2\/comments?post=13386"}],"version-history":[{"count":16,"href":"https:\/\/www.branas.se\/da\/wp-json\/wp\/v2\/pages\/13386\/revisions"}],"predecessor-version":[{"id":14563,"href":"https:\/\/www.branas.se\/da\/wp-json\/wp\/v2\/pages\/13386\/revisions\/14563"}],"up":[{"embeddable":true,"href":"https:\/\/www.branas.se\/da\/wp-json\/wp\/v2\/pages\/368"}],"wp:attachment":[{"href":"https:\/\/www.branas.se\/da\/wp-json\/wp\/v2\/media?parent=13386"}],"curies":[{"name":"wp","href":"https:\/\/api.w.org\/{rel}","templated":true}]}}