{"id":13401,"date":"2025-04-11T11:03:33","date_gmt":"2025-04-11T09:03:33","guid":{"rendered":"https:\/\/www.branas.se\/?page_id=13401"},"modified":"2026-04-24T10:33:13","modified_gmt":"2026-04-24T08:33:13","slug":"branasutmaningen","status":"publish","type":"page","link":"https:\/\/www.branas.se\/da\/sommar\/branasutmaningen\/","title":{"rendered":"Bran\u00e4s-udfordringen"},"content":{"rendered":"<div class=\"ingress\">\n<p class=\"\" data-start=\"178\" data-end=\"427\">Velkommen til at l\u00f8be Bran\u00e4s Challenge den 11. juli! Et 6 km langt offroad-l\u00f8b, der tager dig ad grusveje og stier p\u00e5 den \u00f8vre del af Bran\u00e4sberget. Her f\u00e5r du en udfordring for b\u00e5de ben og pandeknogler p\u00e5 pisterne, men bliver bel\u00f8nnet med en magisk udsigt, n\u00e5r du passerer toppen! Selvf\u00f8lgelig afholder vi ogs\u00e5 et l\u00f8b for b\u00f8rnene, Bj\u00f6rnbuseloppet!<\/p>\n<p class=\"\" data-start=\"429\" data-end=\"578\">L\u00f8bet er en del af sommerens Familiedag i Bran\u00e4s i samarbejde med N\u00e4ck\u00e5ns Energi og Tripoint. Der vil ogs\u00e5 v\u00e6re et afterrun, en troubadouraften og en dag til at udforske sommerens nyheder!<\/p>\n<\/div>","protected":false},"excerpt":{"rendered":"<p>V\u00e4lkommen att springa Bran\u00e4sutmaningen 11 juli! Ett 6 km l\u00e5ngt terr\u00e4nglopp som tar dig genom grusv\u00e4gar och stigar p\u00e5 den \u00f6vre delen av Bran\u00e4sberget. H\u00e4r f\u00e5r du en utmaning f\u00f6r b\u00e5de ben och pannben i backarna, men bel\u00f6nas med en magisk utsikt n\u00e4r du passerar toppen! Sj\u00e4lvklart k\u00f6r vi \u00e4ven ett lopp f\u00f6r barnen, Bj\u00f6rnbuseloppet! [&hellip;]<\/p>","protected":false},"author":14,"featured_media":0,"parent":7846,"menu_order":0,"comment_status":"closed","ping_status":"closed","template":"","meta":{"_acf_changed":false,"footnotes":""},"class_list":["post-13401","page","type-page","status-publish","hentry"],"acf":[],"_links":{"self":[{"href":"https:\/\/www.branas.se\/da\/wp-json\/wp\/v2\/pages\/13401"}],"collection":[{"href":"https:\/\/www.branas.se\/da\/wp-json\/wp\/v2\/pages"}],"about":[{"href":"https:\/\/www.branas.se\/da\/wp-json\/wp\/v2\/types\/page"}],"author":[{"embeddable":true,"href":"https:\/\/www.branas.se\/da\/wp-json\/wp\/v2\/users\/14"}],"replies":[{"embeddable":true,"href":"https:\/\/www.branas.se\/da\/wp-json\/wp\/v2\/comments?post=13401"}],"version-history":[{"count":72,"href":"https:\/\/www.branas.se\/da\/wp-json\/wp\/v2\/pages\/13401\/revisions"}],"predecessor-version":[{"id":14917,"href":"https:\/\/www.branas.se\/da\/wp-json\/wp\/v2\/pages\/13401\/revisions\/14917"}],"up":[{"embeddable":true,"href":"https:\/\/www.branas.se\/da\/wp-json\/wp\/v2\/pages\/7846"}],"wp:attachment":[{"href":"https:\/\/www.branas.se\/da\/wp-json\/wp\/v2\/media?parent=13401"}],"curies":[{"name":"wp","href":"https:\/\/api.w.org\/{rel}","templated":true}]}}