{"id":13699,"date":"2025-05-08T10:31:25","date_gmt":"2025-05-08T08:31:25","guid":{"rendered":"https:\/\/www.branas.se\/?page_id=13699"},"modified":"2025-05-20T09:02:26","modified_gmt":"2025-05-20T07:02:26","slug":"liftburen-ledcykling","status":"publish","type":"page","link":"https:\/\/www.branas.se\/da\/sommar\/cykel\/liftburen-ledcykling\/","title":{"rendered":"Liftb\u00e5ren sticykling"},"content":{"rendered":"<div class=\"ingress\"><span class=\"TextRun SCXW180275009 BCX0\" lang=\"SV-SE\" xml:lang=\"SV-SE\" data-contrast=\"auto\"><span class=\"NormalTextRun SCXW180275009 BCX0\">Spar dine ben, lad l\u00f8ftet ske <\/span><span class=\"NormalTextRun SCXW180275009 BCX0\">klatre op p\u00e5 bjerget<\/span><span class=\"NormalTextRun SCXW180275009 BCX0\">! <\/span><span class=\"NormalTextRun SCXW180275009 BCX0\">Med <\/span><span class=\"NormalTextRun SCXW180275009 BCX0\">vores <\/span><span class=\"NormalTextRun ContextualSpellingAndGrammarErrorV2Themed SCXW180275009 BCX0\">pp<\/span><span class=\"NormalTextRun ContextualSpellingAndGrammarErrorV2Themed SCXW180275009 BCX0\">tidligere stolelift<\/span> <span class=\"NormalTextRun ContextualSpellingAndGrammarErrorV2Themed SCXW180275009 BCX0\"> Havets ekspress<\/span> <span class=\"NormalTextRun SCXW180275009 BCX0\">du n\u00e5r hurtigt frem<\/span> <span class=\"NormalTextRun SCXW180275009 BCX0\">toppen <\/span><span class=\"NormalTextRun SCXW180275009 BCX0\">af Bran\u00e4sberget, hvor <\/span><span class=\"NormalTextRun SCXW180275009 BCX0\">flere <\/span><span class=\"NormalTextRun SpellingErrorV2Themed SCXW180275009 BCX0\">str\u00f8mningsfuger<\/span><span class=\"NormalTextRun SCXW180275009 BCX0\"> i forskellige <\/span><span class=\"NormalTextRun SpellingErrorV2Themed SCXW180275009 BCX0\">sv\u00e6rhedsgrader<\/span><span class=\"NormalTextRun SCXW180275009 BCX0\"> venter<\/span><span class=\"NormalTextRun SCXW180275009 BCX0\">.<\/span><span class=\"NormalTextRun SCXW180275009 BCX0\">\u00a0<\/span><span class=\"NormalTextRun SCXW180275009 BCX0\">V\u00e6lg mellem gr\u00f8nne og bl\u00e5 stier<\/span><span class=\"NormalTextRun SCXW180275009 BCX0\"> der snor sig ned ad bjerget<\/span><span class=\"NormalTextRun SCXW180275009 BCX0\">.<\/span> <span class=\"NormalTextRun SCXW180275009 BCX0\">Godt nede? Tag elevatoren op igen. <\/span><span class=\"NormalTextRun SCXW180275009 BCX0\">og <\/span><span class=\"NormalTextRun SCXW180275009 BCX0\">f\u00e5<\/span><span class=\"NormalTextRun SCXW180275009 BCX0\"> mere tid<\/span> <span class=\"NormalTextRun SpellingErrorV2Themed SCXW180275009 BCX0\">cykling udf\u00f8res<\/span><span class=\"NormalTextRun SCXW180275009 BCX0\">!<\/span><\/span><span class=\"EOP SCXW180275009 BCX0\" data-ccp-props=\"{}\">\u00a0<\/span><\/div>","protected":false},"excerpt":{"rendered":"<p>Spar dine ben, lad elevatoren tage dig op p\u00e5 bjerget! Med vores seks-stolslift Sj\u00f6expressen n\u00e5r du hurtigt toppen af Bran\u00e4sberget, hvor adskillige flowruter af varierende sv\u00e6rhedsgrad venter. V\u00e6lg mellem gr\u00f8nne og bl\u00e5 stier, der snor sig ned ad bjerget. Godt nede? Tag liften op igen, og f\u00e5 mere tid til cykling ned ad bakke!\u00a0<\/p>","protected":false},"author":14,"featured_media":0,"parent":6574,"menu_order":0,"comment_status":"closed","ping_status":"closed","template":"","meta":{"_acf_changed":false,"footnotes":""},"class_list":["post-13699","page","type-page","status-publish","hentry"],"acf":[],"_links":{"self":[{"href":"https:\/\/www.branas.se\/da\/wp-json\/wp\/v2\/pages\/13699"}],"collection":[{"href":"https:\/\/www.branas.se\/da\/wp-json\/wp\/v2\/pages"}],"about":[{"href":"https:\/\/www.branas.se\/da\/wp-json\/wp\/v2\/types\/page"}],"author":[{"embeddable":true,"href":"https:\/\/www.branas.se\/da\/wp-json\/wp\/v2\/users\/14"}],"replies":[{"embeddable":true,"href":"https:\/\/www.branas.se\/da\/wp-json\/wp\/v2\/comments?post=13699"}],"version-history":[{"count":18,"href":"https:\/\/www.branas.se\/da\/wp-json\/wp\/v2\/pages\/13699\/revisions"}],"predecessor-version":[{"id":13744,"href":"https:\/\/www.branas.se\/da\/wp-json\/wp\/v2\/pages\/13699\/revisions\/13744"}],"up":[{"embeddable":true,"href":"https:\/\/www.branas.se\/da\/wp-json\/wp\/v2\/pages\/6574"}],"wp:attachment":[{"href":"https:\/\/www.branas.se\/da\/wp-json\/wp\/v2\/media?parent=13699"}],"curies":[{"name":"wp","href":"https:\/\/api.w.org\/{rel}","templated":true}]}}