{"id":13723,"date":"2025-05-06T09:14:45","date_gmt":"2025-05-06T07:14:45","guid":{"rendered":"https:\/\/www.branas.se\/?page_id=13723"},"modified":"2025-05-06T12:06:51","modified_gmt":"2025-05-06T10:06:51","slug":"infor-resan","status":"publish","type":"page","link":"https:\/\/www.branas.se\/da\/sommar\/infor-resan\/","title":{"rendered":"F\u00f8r turen"},"content":{"rendered":"<div class=\"ingress\">Velkommen til Bran\u00e4s om sommeren! Her finder du information om, hvad der er tilg\u00e6ngeligt i vores indkvarteringer, og en pakkeliste, der giver dig de bedste foruds\u00e6tninger for en behagelig start p\u00e5 din ferie.<\/div>\n<h2>Hvad skal jeg tage med?<\/h2>\n<p>I vores bolig er der som standard opvaskeb\u00f8rste, h\u00e5ndopvaskemiddel, maskinopvaskemiddel, engangsklude, affaldsposer og toiletrulle. Der er reng\u00f8ringsmidler som st\u00f8vsugere, mopper og reng\u00f8ringsmidler.<\/p>\n<p>Der er ogs\u00e5 k\u00f8kkenudstyr tilpasset antallet af faste g\u00e6ster i indkvarteringen. Du finder ogs\u00e5 en kaffemaskine, en barneseng og en h\u00f8jstol. Det, der ikke er inkluderet i indkvarteringen if\u00f8lge vores standard, er et vaffeljern og en h\u00e5rt\u00f8rrer (h\u00e5rt\u00f8rrere er tilg\u00e6ngelige i vores hytter, Ski Lodge, Mountain Lodge, B\u00e4vertorget og Soltorget). P\u00e5 din bookingbekr\u00e6ftelse kan du se, om lagner, h\u00e5ndkl\u00e6der eller reng\u00f8ring er inkluderet.<\/p>\n<p style=\"text-align: center;\"><a class=\"btn btn--c--brand\" href=\"https:\/\/cdn.branasgruppen.se\/branas\/app\/uploads\/2025\/05\/06091259\/BF_packlista_sommar.pdf\">PAKKELISTE (PDF)<\/a><\/p>","protected":false},"excerpt":{"rendered":"<p>Velkommen til Bran\u00e4s om sommeren! Her finder du information om, hvad der er tilg\u00e6ngeligt i vores indkvarteringer, og en pakkeliste, der giver dig de bedste foruds\u00e6tninger for en behagelig start p\u00e5 din ferie. Hvad skal jeg medbringe? Vores indkvartering leveres som standard med opvaskeb\u00f8rste, h\u00e5ndopvaskemiddel, maskinopvaskemiddel, engangsklude, affaldsposer og toiletpapir. Der findes reng\u00f8ringsartikler s\u00e5som st\u00f8vsugere, mopper og [\u2026]<\/p>","protected":false},"author":14,"featured_media":0,"parent":7846,"menu_order":0,"comment_status":"closed","ping_status":"closed","template":"","meta":{"_acf_changed":false,"footnotes":""},"class_list":["post-13723","page","type-page","status-publish","hentry"],"acf":[],"_links":{"self":[{"href":"https:\/\/www.branas.se\/da\/wp-json\/wp\/v2\/pages\/13723"}],"collection":[{"href":"https:\/\/www.branas.se\/da\/wp-json\/wp\/v2\/pages"}],"about":[{"href":"https:\/\/www.branas.se\/da\/wp-json\/wp\/v2\/types\/page"}],"author":[{"embeddable":true,"href":"https:\/\/www.branas.se\/da\/wp-json\/wp\/v2\/users\/14"}],"replies":[{"embeddable":true,"href":"https:\/\/www.branas.se\/da\/wp-json\/wp\/v2\/comments?post=13723"}],"version-history":[{"count":4,"href":"https:\/\/www.branas.se\/da\/wp-json\/wp\/v2\/pages\/13723\/revisions"}],"predecessor-version":[{"id":13735,"href":"https:\/\/www.branas.se\/da\/wp-json\/wp\/v2\/pages\/13723\/revisions\/13735"}],"up":[{"embeddable":true,"href":"https:\/\/www.branas.se\/da\/wp-json\/wp\/v2\/pages\/7846"}],"wp:attachment":[{"href":"https:\/\/www.branas.se\/da\/wp-json\/wp\/v2\/media?parent=13723"}],"curies":[{"name":"wp","href":"https:\/\/api.w.org\/{rel}","templated":true}]}}