{"id":13755,"date":"2025-05-09T14:49:23","date_gmt":"2025-05-09T12:49:23","guid":{"rendered":"https:\/\/www.branas.se\/?page_id=13755"},"modified":"2025-05-09T14:49:23","modified_gmt":"2025-05-09T12:49:23","slug":"pumptrack-teknikbana","status":"publish","type":"page","link":"https:\/\/www.branas.se\/da\/sommar\/cykel\/pumptrack-teknikbana\/","title":{"rendered":"Pumptrack og teknisk bane"},"content":{"rendered":"<div class=\"ingress\">Udvikl dine cykelf\u00e6rdigheder med hver omgang! I Bran\u00e4s finder du b\u00e5de pumptracks og tekniske baner, der er perfekte til at \u00f8ve balance, finpudse teknik og have det sjovt sammen som familie. Oplev gl\u00e6den ved cykling p\u00e5 en legende m\u00e5de!<\/div>","protected":false},"excerpt":{"rendered":"<p>Udvikl dine cykelf\u00e6rdigheder med hver omgang! I Bran\u00e4s finder du b\u00e5de pumptracks og tekniske baner, der er perfekte til at \u00f8ve balance, finpudse teknik og have det sjovt sammen som familie. Oplev gl\u00e6den ved cykling p\u00e5 en legende m\u00e5de!<\/p>","protected":false},"author":14,"featured_media":0,"parent":6574,"menu_order":0,"comment_status":"closed","ping_status":"closed","template":"","meta":{"_acf_changed":false,"footnotes":""},"class_list":["post-13755","page","type-page","status-publish","hentry"],"acf":[],"_links":{"self":[{"href":"https:\/\/www.branas.se\/da\/wp-json\/wp\/v2\/pages\/13755"}],"collection":[{"href":"https:\/\/www.branas.se\/da\/wp-json\/wp\/v2\/pages"}],"about":[{"href":"https:\/\/www.branas.se\/da\/wp-json\/wp\/v2\/types\/page"}],"author":[{"embeddable":true,"href":"https:\/\/www.branas.se\/da\/wp-json\/wp\/v2\/users\/14"}],"replies":[{"embeddable":true,"href":"https:\/\/www.branas.se\/da\/wp-json\/wp\/v2\/comments?post=13755"}],"version-history":[{"count":11,"href":"https:\/\/www.branas.se\/da\/wp-json\/wp\/v2\/pages\/13755\/revisions"}],"predecessor-version":[{"id":13770,"href":"https:\/\/www.branas.se\/da\/wp-json\/wp\/v2\/pages\/13755\/revisions\/13770"}],"up":[{"embeddable":true,"href":"https:\/\/www.branas.se\/da\/wp-json\/wp\/v2\/pages\/6574"}],"wp:attachment":[{"href":"https:\/\/www.branas.se\/da\/wp-json\/wp\/v2\/media?parent=13755"}],"curies":[{"name":"wp","href":"https:\/\/api.w.org\/{rel}","templated":true}]}}