{"id":13773,"date":"2025-05-12T14:34:18","date_gmt":"2025-05-12T12:34:18","guid":{"rendered":"https:\/\/www.branas.se\/?page_id=13773"},"modified":"2026-04-09T12:58:09","modified_gmt":"2026-04-09T10:58:09","slug":"linbana-lekplats","status":"publish","type":"page","link":"https:\/\/www.branas.se\/da\/sommar\/upptack\/linbana-lekplats\/","title":{"rendered":"Kabelbane og legeplads"},"content":{"rendered":"<div class=\"ingress\"><span class=\"TextRun SCXW38214159 BCX0\" lang=\"SV-SE\" xml:lang=\"SV-SE\" data-contrast=\"auto\"><span class=\"NormalTextRun SCXW38214159 BCX0\">Tag en pause fra cyklingen og udforsk<\/span><span class=\"NormalTextRun SCXW38214159 BCX0\"> en legeverden hvor b\u00f8rn kan l\u00f8be, klatre og boltre sig. Her kan du finde <\/span><span class=\"NormalTextRun SCXW38214159 BCX0\">rutsjebane, sv\u00e6vebane, trampolin og sommeraktiviteter <\/span><span class=\"NormalTextRun SCXW38214159 BCX0\">venter p\u00e5 at blive opdaget! <\/span> <\/span><span class=\"EOP SCXW38214159 BCX0\" data-ccp-props=\"{}\">\u00a0<\/span><\/div>","protected":false},"excerpt":{"rendered":"<p>Tag en pause fra cyklingen og udforsk en legeverden, hvor b\u00f8rn kan l\u00f8be, klatre og boltre sig. Der er rutsjebaner, sv\u00e6vebaner, trampoliner og sommeraktiviteter, der venter p\u00e5 at blive opdaget! \u00a0<\/p>","protected":false},"author":14,"featured_media":0,"parent":807,"menu_order":0,"comment_status":"closed","ping_status":"closed","template":"","meta":{"_acf_changed":false,"footnotes":""},"class_list":["post-13773","page","type-page","status-publish","hentry"],"acf":[],"_links":{"self":[{"href":"https:\/\/www.branas.se\/da\/wp-json\/wp\/v2\/pages\/13773"}],"collection":[{"href":"https:\/\/www.branas.se\/da\/wp-json\/wp\/v2\/pages"}],"about":[{"href":"https:\/\/www.branas.se\/da\/wp-json\/wp\/v2\/types\/page"}],"author":[{"embeddable":true,"href":"https:\/\/www.branas.se\/da\/wp-json\/wp\/v2\/users\/14"}],"replies":[{"embeddable":true,"href":"https:\/\/www.branas.se\/da\/wp-json\/wp\/v2\/comments?post=13773"}],"version-history":[{"count":20,"href":"https:\/\/www.branas.se\/da\/wp-json\/wp\/v2\/pages\/13773\/revisions"}],"predecessor-version":[{"id":14873,"href":"https:\/\/www.branas.se\/da\/wp-json\/wp\/v2\/pages\/13773\/revisions\/14873"}],"up":[{"embeddable":true,"href":"https:\/\/www.branas.se\/da\/wp-json\/wp\/v2\/pages\/807"}],"wp:attachment":[{"href":"https:\/\/www.branas.se\/da\/wp-json\/wp\/v2\/media?parent=13773"}],"curies":[{"name":"wp","href":"https:\/\/api.w.org\/{rel}","templated":true}]}}