{"id":13969,"date":"2025-06-25T14:21:37","date_gmt":"2025-06-25T12:21:37","guid":{"rendered":"https:\/\/www.branas.se\/?page_id=13969"},"modified":"2026-04-09T12:57:02","modified_gmt":"2026-04-09T10:57:02","slug":"discgolf","status":"publish","type":"page","link":"https:\/\/www.branas.se\/da\/sommar\/upptack\/discgolf\/","title":{"rendered":"Disc golf"},"content":{"rendered":"<div class=\"ingress\" data-start=\"250\" data-end=\"481\">Discgolf er en sommerfavorit, der forts\u00e6tter med at vokse, og i Bran\u00e4s venter en familievenlig 9-hullers bane i natursk\u00f8nne omgivelser. Tag familien med og se, hvem der kan score flest holes-in-ones. En perfekt aktivitet for alle aldre!<\/div>","protected":false},"excerpt":{"rendered":"<p>Discgolf er en sommerfavorit, der forts\u00e6tter med at vokse, og i Bran\u00e4s venter en familievenlig 9-hullers bane i natursk\u00f8nne omgivelser. Tag familien med og se, hvem der kan score flest holes-in-ones. En perfekt aktivitet for alle aldre!<\/p>","protected":false},"author":14,"featured_media":0,"parent":807,"menu_order":0,"comment_status":"closed","ping_status":"closed","template":"","meta":{"_acf_changed":false,"footnotes":""},"class_list":["post-13969","page","type-page","status-publish","hentry"],"acf":[],"_links":{"self":[{"href":"https:\/\/www.branas.se\/da\/wp-json\/wp\/v2\/pages\/13969"}],"collection":[{"href":"https:\/\/www.branas.se\/da\/wp-json\/wp\/v2\/pages"}],"about":[{"href":"https:\/\/www.branas.se\/da\/wp-json\/wp\/v2\/types\/page"}],"author":[{"embeddable":true,"href":"https:\/\/www.branas.se\/da\/wp-json\/wp\/v2\/users\/14"}],"replies":[{"embeddable":true,"href":"https:\/\/www.branas.se\/da\/wp-json\/wp\/v2\/comments?post=13969"}],"version-history":[{"count":5,"href":"https:\/\/www.branas.se\/da\/wp-json\/wp\/v2\/pages\/13969\/revisions"}],"predecessor-version":[{"id":14872,"href":"https:\/\/www.branas.se\/da\/wp-json\/wp\/v2\/pages\/13969\/revisions\/14872"}],"up":[{"embeddable":true,"href":"https:\/\/www.branas.se\/da\/wp-json\/wp\/v2\/pages\/807"}],"wp:attachment":[{"href":"https:\/\/www.branas.se\/da\/wp-json\/wp\/v2\/media?parent=13969"}],"curies":[{"name":"wp","href":"https:\/\/api.w.org\/{rel}","templated":true}]}}