{"id":14280,"date":"2025-10-20T10:20:34","date_gmt":"2025-10-20T08:20:34","guid":{"rendered":"https:\/\/www.branas.se\/?page_id=14280"},"modified":"2025-10-20T10:38:11","modified_gmt":"2025-10-20T08:38:11","slug":"skidborgarmarken","status":"publish","type":"page","link":"https:\/\/www.branas.se\/da\/skidakning-i-branas\/skidborgarmarken\/","title":{"rendered":"Skisportsstedernes m\u00e6rker"},"content":{"rendered":"<div class=\"ingress\" style=\"text-align: center;\">En engagerende og sjov m\u00e5de for b\u00f8rn at udvikle deres skif\u00e6rdigheder p\u00e5, mens de samler farverige armb\u00e5nd som bevis p\u00e5 deres fremskridt. Skim\u00e6rkerne er opdelt i fire sv\u00e6rhedsgrader, der udfordrer b\u00f8rn p\u00e5 forskellige niveauer. Du kan k\u00f8be armb\u00e5ndene i vores butikker i dalen og p\u00e5 bjerget.<\/div>","protected":false},"excerpt":{"rendered":"<p>En engagerende og sjov m\u00e5de for b\u00f8rn at udvikle deres skif\u00e6rdigheder p\u00e5, mens de samler farverige armb\u00e5nd som bevis p\u00e5 deres fremskridt. Skim\u00e6rkerne er opdelt i fire sv\u00e6rhedsgrader, der udfordrer b\u00f8rn p\u00e5 forskellige niveauer. Du kan k\u00f8be armb\u00e5ndene i vores butikker i dalen og p\u00e5 bjerget.<\/p>","protected":false},"author":14,"featured_media":0,"parent":368,"menu_order":0,"comment_status":"closed","ping_status":"closed","template":"","meta":{"_acf_changed":false,"footnotes":""},"class_list":["post-14280","page","type-page","status-publish","hentry"],"acf":[],"_links":{"self":[{"href":"https:\/\/www.branas.se\/da\/wp-json\/wp\/v2\/pages\/14280"}],"collection":[{"href":"https:\/\/www.branas.se\/da\/wp-json\/wp\/v2\/pages"}],"about":[{"href":"https:\/\/www.branas.se\/da\/wp-json\/wp\/v2\/types\/page"}],"author":[{"embeddable":true,"href":"https:\/\/www.branas.se\/da\/wp-json\/wp\/v2\/users\/14"}],"replies":[{"embeddable":true,"href":"https:\/\/www.branas.se\/da\/wp-json\/wp\/v2\/comments?post=14280"}],"version-history":[{"count":8,"href":"https:\/\/www.branas.se\/da\/wp-json\/wp\/v2\/pages\/14280\/revisions"}],"predecessor-version":[{"id":14293,"href":"https:\/\/www.branas.se\/da\/wp-json\/wp\/v2\/pages\/14280\/revisions\/14293"}],"up":[{"embeddable":true,"href":"https:\/\/www.branas.se\/da\/wp-json\/wp\/v2\/pages\/368"}],"wp:attachment":[{"href":"https:\/\/www.branas.se\/da\/wp-json\/wp\/v2\/media?parent=14280"}],"curies":[{"name":"wp","href":"https:\/\/api.w.org\/{rel}","templated":true}]}}