{"id":14368,"date":"2025-11-11T16:00:39","date_gmt":"2025-11-11T15:00:39","guid":{"rendered":"https:\/\/www.branas.se\/?page_id=14368"},"modified":"2026-02-03T13:34:40","modified_gmt":"2026-02-03T12:34:40","slug":"tillganglighet","status":"publish","type":"page","link":"https:\/\/www.branas.se\/da\/tillganglighet\/","title":{"rendered":"Tilg\u00e6ngelighed"},"content":{"rendered":"<p>Vi arbejder p\u00e5 at alle f\u00f8ler sig velkomne i vores faciliteter, og vi tilpasser vores drift derefter.<\/p>\n<p>Hvis du rejser til os og har brug for en ledsager, skal du sende os en underskrevet attest via e-mail. N\u00e5r attesten er godkendt, vil du modtage et armb\u00e5nd til prioriteret k\u00f8 og et armb\u00e5nd til ledsageren som aftalt.<\/p>\n<p style=\"text-align: center;\"><a class=\"btn btn--c--brand\" href=\"https:\/\/cdn.branasgruppen.se\/branas\/app\/uploads\/2026\/02\/03133423\/BF_blankett-intyg-for-ledsagning-och-koforetrade.pdf\">Certifikat for eskortering i Bran\u00e4s elevatorsystem<\/a><\/p>\n<p>&nbsp;<\/p>","protected":false},"excerpt":{"rendered":"<p>Vi arbejder p\u00e5 at f\u00e5 alle til at f\u00f8le sig velkomne i vores faciliteter og arbejder aktivt p\u00e5 at tilpasse vores drift i overensstemmelse hermed. Hvis du rejser til os og har brug for en ledsager, skal du sende os en underskrevet attest via e-mail. N\u00e5r attesten er godkendt, vil et armb\u00e5nd til prioriteret k\u00f8 og et armb\u00e5nd til ledsager blive leveret som aftalt. Attest til ledsager [\u2026]<\/p>","protected":false},"author":14,"featured_media":0,"parent":0,"menu_order":0,"comment_status":"closed","ping_status":"closed","template":"","meta":{"_acf_changed":false,"footnotes":""},"class_list":["post-14368","page","type-page","status-publish","hentry"],"acf":[],"_links":{"self":[{"href":"https:\/\/www.branas.se\/da\/wp-json\/wp\/v2\/pages\/14368"}],"collection":[{"href":"https:\/\/www.branas.se\/da\/wp-json\/wp\/v2\/pages"}],"about":[{"href":"https:\/\/www.branas.se\/da\/wp-json\/wp\/v2\/types\/page"}],"author":[{"embeddable":true,"href":"https:\/\/www.branas.se\/da\/wp-json\/wp\/v2\/users\/14"}],"replies":[{"embeddable":true,"href":"https:\/\/www.branas.se\/da\/wp-json\/wp\/v2\/comments?post=14368"}],"version-history":[{"count":4,"href":"https:\/\/www.branas.se\/da\/wp-json\/wp\/v2\/pages\/14368\/revisions"}],"predecessor-version":[{"id":14682,"href":"https:\/\/www.branas.se\/da\/wp-json\/wp\/v2\/pages\/14368\/revisions\/14682"}],"wp:attachment":[{"href":"https:\/\/www.branas.se\/da\/wp-json\/wp\/v2\/media?parent=14368"}],"curies":[{"name":"wp","href":"https:\/\/api.w.org\/{rel}","templated":true}]}}