{"id":2079,"date":"2018-12-21T13:17:32","date_gmt":"2018-12-21T13:17:32","guid":{"rendered":"https:\/\/www.branas.se\/?page_id=2079"},"modified":"2018-12-27T07:57:32","modified_gmt":"2018-12-27T06:57:32","slug":"hundspann","status":"publish","type":"page","link":"https:\/\/www.branas.se\/da\/hundspann\/","title":{"rendered":"Hundehold"},"content":{"rendered":"<div class=\"ingress\">En hyggelig og tempofyldt vinteroplevelse - tag p\u00e5 hundesl\u00e6de!<\/div>\n<p style=\"text-align: center;\">P\u00e5 stedet hele s\u00e6sonen: tirsdag, onsdag og fredag, l\u00f8rdag. Helligdage mandag \u2013 l\u00f8rdag.\u00a0<a href=\"http:\/\/www.hikehuskytours.se\">www.hikehuskytours.se\u00a0<\/a><\/p>\n<p style=\"text-align: center;\">Bestilling prim\u00e6rt via e-mail: <a href=\"mailto:info@hikehuskytours.se\">info@hikehuskytours.se<\/a>. Telefonnr.: 0705442438.<\/p>","protected":false},"excerpt":{"rendered":"<p>En hyggelig og tempofyldt vinteroplevelse \u2013 tag p\u00e5 hundesl\u00e6detur! P\u00e5 stedet i hele s\u00e6sonen: tirsdag, onsdag, fredag, l\u00f8rdag. Ferieuger mandag \u2013 l\u00f8rdag. www.hikehuskytours.se Booking prim\u00e6rt via e-mail: info@hikehuskytours.se. Telefonnummer: 0705442438.<\/p>","protected":false},"author":14,"featured_media":0,"parent":0,"menu_order":0,"comment_status":"closed","ping_status":"closed","template":"","meta":{"_acf_changed":false,"footnotes":""},"class_list":["post-2079","page","type-page","status-publish","hentry"],"acf":[],"_links":{"self":[{"href":"https:\/\/www.branas.se\/da\/wp-json\/wp\/v2\/pages\/2079"}],"collection":[{"href":"https:\/\/www.branas.se\/da\/wp-json\/wp\/v2\/pages"}],"about":[{"href":"https:\/\/www.branas.se\/da\/wp-json\/wp\/v2\/types\/page"}],"author":[{"embeddable":true,"href":"https:\/\/www.branas.se\/da\/wp-json\/wp\/v2\/users\/14"}],"replies":[{"embeddable":true,"href":"https:\/\/www.branas.se\/da\/wp-json\/wp\/v2\/comments?post=2079"}],"version-history":[{"count":9,"href":"https:\/\/www.branas.se\/da\/wp-json\/wp\/v2\/pages\/2079\/revisions"}],"predecessor-version":[{"id":2086,"href":"https:\/\/www.branas.se\/da\/wp-json\/wp\/v2\/pages\/2079\/revisions\/2086"}],"wp:attachment":[{"href":"https:\/\/www.branas.se\/da\/wp-json\/wp\/v2\/media?parent=2079"}],"curies":[{"name":"wp","href":"https:\/\/api.w.org\/{rel}","templated":true}]}}