{"id":2445,"date":"2019-03-28T12:45:09","date_gmt":"2019-03-28T11:45:09","guid":{"rendered":"https:\/\/www.branas.se\/?page_id=2445"},"modified":"2025-10-02T07:33:50","modified_gmt":"2025-10-02T05:33:50","slug":"nyheter","status":"publish","type":"page","link":"https:\/\/www.branas.se\/da\/nyheter\/","title":{"rendered":"Nyheder"},"content":{"rendered":"<div class=\"ingress\">Vi bygger videre p\u00e5 sidste \u00e5rs succeser og skaber endnu flere minder for familier - b\u00e5de p\u00e5 pisterne og udenfor. Forud for s\u00e6sonen 25\/26 vil der v\u00e6re et udvidet og forbedret snesystem. Et klassisk sted vil blive komplet renoveret, en popul\u00e6r lift vil blive opgraderet, og vores g\u00e6steservice vil tage yderligere skridt for en moderne og problemfri g\u00e6steoplevelse.<\/div>\n<div>\n<p><a href=\"https:\/\/cdn.branasgruppen.se\/branas\/app\/uploads\/2025\/09\/12080434\/snolagg-dec-webb.jpg\"><img loading=\"lazy\" decoding=\"async\" class=\"alignnone size-large wp-image-14122\" src=\"https:\/\/cdn.branasgruppen.se\/branas\/app\/uploads\/2025\/09\/12080434\/snolagg-dec-webb-1024x578.jpg\" alt=\"\" width=\"1024\" height=\"578\" srcset=\"https:\/\/cdn.branasgruppen.se\/branas\/app\/uploads\/2025\/09\/12080434\/snolagg-dec-webb-1024x578.jpg 1024w, https:\/\/cdn.branasgruppen.se\/branas\/app\/uploads\/2025\/09\/12080434\/snolagg-dec-webb-300x169.jpg 300w, https:\/\/cdn.branasgruppen.se\/branas\/app\/uploads\/2025\/09\/12080434\/snolagg-dec-webb-768x434.jpg 768w, https:\/\/cdn.branasgruppen.se\/branas\/app\/uploads\/2025\/09\/12080434\/snolagg-dec-webb-1536x868.jpg 1536w, https:\/\/cdn.branasgruppen.se\/branas\/app\/uploads\/2025\/09\/12080434\/snolagg-dec-webb-18x10.jpg 18w, https:\/\/cdn.branasgruppen.se\/branas\/app\/uploads\/2025\/09\/12080434\/snolagg-dec-webb.jpg 2011w\" sizes=\"(max-width: 1024px) 100vw, 1024px\" \/><\/a><\/p>\n<h1>Udvidet og forbedret snesystem<\/h1>\n<p>Vi investerer kraftigt i snesystemet i \u00e5r for at sikre en lang s\u00e6son med gode forhold p\u00e5 s\u00e5 mange pister som muligt, s\u00e5 tidligt som muligt.<\/p>\n<ul>\n<li>EN <strong>helt nyt pumpehus<\/strong> \u00f8ger snekapaciteten med <strong>75 procent<\/strong>.<\/li>\n<li><strong>Flere snekanoner<\/strong> kan nu producere sne samtidigt, hvilket betyder, at vi kan \u00e5bne flere pister hurtigere.<\/li>\n<li>Resultatet er b\u00e5de mere \u00e5bent kl. <strong>s\u00e6sonstart<\/strong> og bedre snekvalitet hele vinteren.<\/li>\n<\/ul>\n<h1>Opgradering af snesystemet i V\u00e4stersj\u00f6<\/h1>\n<p>En popul\u00e6r piste beliggende n\u00e6r vores st\u00f8rste boligomr\u00e5de vil have bedre forhold i vinter. Ved at flytte hele snekanonsystemet p\u00e5 pisten kan vi nu opgradere det og give bedre adgang til skil\u00f8b i omr\u00e5det.<\/p>\n<ul>\n<li>Systemet kan nu ogs\u00e5 bruges til <strong>varmere temperaturer<\/strong> og under <strong>kortere kuldeperioder<\/strong> takket v\u00e6re automatiske snekanoner.<\/li>\n<li>Det betyder, at omr\u00e5der, der tidligere skulle vente p\u00e5 sne, nu kan f\u00e5 adgang til pister og lifter betydeligt tidligere.<\/li>\n<li><strong>Havets ekspress<\/strong> bliver hurtigere tilg\u00e6ngelig fra n\u00e6rliggende omr\u00e5der.<\/li>\n<\/ul>\n<h1>Ny og forbedret Lolift<\/h1>\n<p>Den popul\u00e6re Loliften 2 har f\u00e5et en st\u00f8rre opgradering forud for s\u00e6sonen, hvilket skaber mere plads p\u00e5 Ladan og et mere effektivt flow i et af vores mest aktive omr\u00e5der.<\/p>\n<ul>\n<li>Elevatoren er udskiftet med en <strong>ny og mere moderne model<\/strong> med h\u00f8jere driftssikkerhed.<\/li>\n<li><strong>Kravet rykkes frem<\/strong> hvilket giver st\u00f8rre omr\u00e5der ved Ladan og adgang til Logl\u00e4ntan b\u00f8rneomr\u00e5de.<\/li>\n<li><strong>Trinet er flyttet<\/strong>, hvilket \u00e5bner op for en lettere nedstigning mod broen.<\/li>\n<\/ul>\n<h1>Brants \u2013 en ny restaurantoplevelse<\/h1>\n<p>Vores popul\u00e6re restaurant Brants har f\u00e5et et nyt ansigt:<\/p>\n<ul>\n<li><strong>Loungeomr\u00e5de<\/strong> vil blive fuldst\u00e6ndig renoveret med en ny, st\u00f8rre bar og pejs for ekstra hygge<\/li>\n<li><strong>Forbedret afterskiing<\/strong> \u2013 vi har finpudset detaljerne, der l\u00f8fter hele oplevelsen<\/li>\n<li><strong>Milj\u00f8et og indretningen<\/strong> har f\u00e5et et l\u00f8ft \u2013 for en endnu mere behagelig atmosf\u00e6re, dag og nat.<br \/>\n<hr \/>\n<\/li>\n<\/ul>\n<h1 style=\"text-align: center;\">Sm\u00e5 \u00e6ndringer \u2013 stor forskel i oplevelsen<\/h1>\n<h2>Mere sjov p\u00e5 sneen<\/h2>\n<p>Vi tilf\u00f8jer flere detaljer om skiomr\u00e5det og vores aktiviteter, herunder:<\/p>\n<ul>\n<li>Bakken ved Bj\u00f6rnbuseland By vil have sjove stier, som de sm\u00e5 kan ride p\u00e5.<\/li>\n<li>Vi bygger en rigtig skicrossstart med h\u00e5ndtag.<\/li>\n<li>STIGA Snow Race Challenge bliver en parallel bane, s\u00e5 flere kan k\u00f8re p\u00e5 samme tid og udfordre hinanden.<\/li>\n<li>Skidborgarm\u00e4rket \u2013 Vi arbejder videre og udvikler konceptet yderligere for at fremme gl\u00e6den ved skil\u00f8b hos b\u00f8rn.<\/li>\n<\/ul>\n<h2>Bj\u00f6rnbusarnas vinterhits og afterski til b\u00f8rn<\/h2>\n<p>Dans l\u00f8s og lad hele familien synge med p\u00e5 Bj\u00f6rnbusarnas nye sange. Musik om vinter, skil\u00f8b og at hygge sig sammen er nu tilg\u00e6ngelig p\u00e5 Spotify og vil v\u00e6re et fast indslag p\u00e5 Barnens afterski i vinter.<\/p>\n<p><a class=\"btn btn--c--brand\" href=\"https:\/\/open.spotify.com\/album\/5ccm2xeSLTtkC8dUe7EuGn?si=bHDHyrC5T76YdPpig0ikpA\">Lyt til Bj\u00f6rnbusarnas vinterhits her<\/a><\/p>\n<h2>Videoopkald med g\u00e6steservice<\/h2>\n<p>Har du brug for hj\u00e6lp under dit ophold? Nu kan du hurtigt og nemt <strong>videoopkald med vores g\u00e6steservice<\/strong>, direkte via mobil. Perfekt hvis du har brug for at vise et problem eller f\u00e5 personlig kontakt.<\/p>\n<h2>Ny chatbot p\u00e5 nettet<\/h2>\n<p>Vores nye <strong>chatbotten besvarer dine sp\u00f8rgsm\u00e5l direkte<\/strong> \u2013 24\/7. Uanset om du er i gang med en booking eller allerede er p\u00e5 stedet. Dette giver mere bemanding til telefon og e-mail \u2013 hvilket giver dig som g\u00e6st en hurtigere respons.<\/p>\n<h2>B\u00f8rnebestik i vores indkvartering<\/h2>\n<p>Vi forts\u00e6tter med at g\u00f8re det nemmere for b\u00f8rnefamilier. Nu er der <strong>b\u00f8rnebestik i vores egne boliger<\/strong>, hvilket g\u00f8r det nemmere at d\u00e6kke bord for hele familien.<\/p>\n<h2>Snesystem i den elektriske lyssti<\/h2>\n<p>Til s\u00e6sonen starter vi, i samarbejde med vores sommerhusejerforening, et fler\u00e5rigt projekt med at bygge et snesystem omkring vores elektrisk oplyste l\u00f8jpe p\u00e5 Berget. Til s\u00e6sonen vil f\u00f8rste etape v\u00e6re f\u00e6rdig, hvilket g\u00f8r det muligt for os at tilbyde kunstsne p\u00e5 en mindre del af l\u00f8jpen. Det betyder, at sneen i langrendsl\u00f8jperne vil v\u00e6re mere robust i det meste af s\u00e6sonen end f\u00f8r.<\/p>\n<\/div>","protected":false},"excerpt":{"rendered":"<p>Vi bygger videre p\u00e5 sidste \u00e5rs succeser og skaber endnu flere minder for familier - b\u00e5de p\u00e5 pisterne og udenfor. Forud for s\u00e6sonen 25\/26 vil der v\u00e6re et udvidet og forbedret snesystem. Et klassisk sted vil blive komplet renoveret, en popul\u00e6r lift vil blive opgraderet, og vores g\u00e6steservice vil tage yderligere skridt for en moderne og problemfri g\u00e6steoplevelse. Udvidet og forbedret [\u2026]<\/p>","protected":false},"author":14,"featured_media":0,"parent":0,"menu_order":0,"comment_status":"closed","ping_status":"closed","template":"","meta":{"_acf_changed":false,"footnotes":""},"class_list":["post-2445","page","type-page","status-publish","hentry"],"acf":[],"_links":{"self":[{"href":"https:\/\/www.branas.se\/da\/wp-json\/wp\/v2\/pages\/2445"}],"collection":[{"href":"https:\/\/www.branas.se\/da\/wp-json\/wp\/v2\/pages"}],"about":[{"href":"https:\/\/www.branas.se\/da\/wp-json\/wp\/v2\/types\/page"}],"author":[{"embeddable":true,"href":"https:\/\/www.branas.se\/da\/wp-json\/wp\/v2\/users\/14"}],"replies":[{"embeddable":true,"href":"https:\/\/www.branas.se\/da\/wp-json\/wp\/v2\/comments?post=2445"}],"version-history":[{"count":116,"href":"https:\/\/www.branas.se\/da\/wp-json\/wp\/v2\/pages\/2445\/revisions"}],"predecessor-version":[{"id":14226,"href":"https:\/\/www.branas.se\/da\/wp-json\/wp\/v2\/pages\/2445\/revisions\/14226"}],"wp:attachment":[{"href":"https:\/\/www.branas.se\/da\/wp-json\/wp\/v2\/media?parent=2445"}],"curies":[{"name":"wp","href":"https:\/\/api.w.org\/{rel}","templated":true}]}}