{"id":2528,"date":"2019-04-25T15:23:17","date_gmt":"2019-04-25T13:23:17","guid":{"rendered":"https:\/\/www.branas.se\/?page_id=2528"},"modified":"2024-12-09T14:35:35","modified_gmt":"2024-12-09T13:35:35","slug":"nyhetsbrev","status":"publish","type":"page","link":"https:\/\/www.branas.se\/da\/nyhetsbrev\/","title":{"rendered":"Nyhedsbrev"},"content":{"rendered":"<p style=\"text-align: center;\">Hold styr p\u00e5 alle de sp\u00e6ndende begivenheder! Tilmeld dig vores nyhedsbrev og tag del i nyheder, kampagner og alt andet sjovt, der foreg\u00e5r.<\/p>\n<p><iframe loading=\"lazy\" src=\"https:\/\/form.apsis.one\/nAr7IB7QaIiMajE\" width=\"600px\" height=\"370px\" style=\"border:0;\"><\/iframe><\/p>","protected":false},"excerpt":{"rendered":"<p>Hold styr p\u00e5 alle de sp\u00e6ndende begivenheder! Tilmeld dig vores nyhedsbrev og tag del i nyheder, kampagner og alt andet sjovt, der foreg\u00e5r.<\/p>","protected":false},"author":14,"featured_media":0,"parent":0,"menu_order":0,"comment_status":"closed","ping_status":"closed","template":"","meta":{"_acf_changed":false,"footnotes":""},"class_list":["post-2528","page","type-page","status-publish","hentry"],"acf":[],"_links":{"self":[{"href":"https:\/\/www.branas.se\/da\/wp-json\/wp\/v2\/pages\/2528"}],"collection":[{"href":"https:\/\/www.branas.se\/da\/wp-json\/wp\/v2\/pages"}],"about":[{"href":"https:\/\/www.branas.se\/da\/wp-json\/wp\/v2\/types\/page"}],"author":[{"embeddable":true,"href":"https:\/\/www.branas.se\/da\/wp-json\/wp\/v2\/users\/14"}],"replies":[{"embeddable":true,"href":"https:\/\/www.branas.se\/da\/wp-json\/wp\/v2\/comments?post=2528"}],"version-history":[{"count":22,"href":"https:\/\/www.branas.se\/da\/wp-json\/wp\/v2\/pages\/2528\/revisions"}],"predecessor-version":[{"id":12580,"href":"https:\/\/www.branas.se\/da\/wp-json\/wp\/v2\/pages\/2528\/revisions\/12580"}],"wp:attachment":[{"href":"https:\/\/www.branas.se\/da\/wp-json\/wp\/v2\/media?parent=2528"}],"curies":[{"name":"wp","href":"https:\/\/api.w.org\/{rel}","templated":true}]}}