{"id":2845,"date":"2019-09-27T13:40:23","date_gmt":"2019-09-27T11:40:23","guid":{"rendered":"https:\/\/www.branas.se\/?page_id=2845"},"modified":"2025-10-21T14:51:04","modified_gmt":"2025-10-21T12:51:04","slug":"kommunkort-torsby-kommun","status":"publish","type":"page","link":"https:\/\/www.branas.se\/da\/kommunkort-torsby-kommun\/","title":{"rendered":"Kommunekort"},"content":{"rendered":"<div class=\"ingress\">Maksimer skis\u00e6sonen med et billigt liftkort<small class=\"small\"><\/small><\/div>\n<p>Hvis du bor i Torsby kommune og er medlem af Bran\u00e4s Alpina, har du hvert \u00e5r mulighed for at k\u00f8be et s\u00e6sonkort til en nedsat pris. Forud for s\u00e6sonen 25\/26 vil Kommunekortet v\u00e6re tilg\u00e6ngeligt for k\u00f8b via ladda.branas.se. V\u00e6lg et s\u00e6sonkort til b\u00f8rn, voksne eller seniorer, og indtast rabatkoden for at drage fordel af det fordelagtige tilbud. Husk, at kortet er personligt, og du skal uploade et billede af kortindehaveren.<\/p>\n<p>Der er tre m\u00e5der at f\u00e5 rabatkoden p\u00e5: Via Torsbybladet som offentligg\u00f8res den 15. oktober, fra vores personale i premiereweekenden eller ved at m\u00f8de os p\u00e5 Syssletreffen den 1. november.<\/p>\n<p>Fristen for at k\u00f8be kommunekortet er 14\/12.<\/p>\n<p><a class=\"btn btn--c--brand\" href=\"https:\/\/ladda.branas.se\/\">At indl\u00e6se<\/a><\/p>\n<h2>\u00c5rets priser<\/h2>\n<p>Voksen: 3.150 SEK (normalpris 6.395 SEK)<\/p>\n<p>Ungdom og senior: 1.250 SEK (ord. 4.895)<\/p>","protected":false},"excerpt":{"rendered":"<p>Maksimer skis\u00e6sonen med et overkommeligt liftkort. Hvert \u00e5r har du, hvis du bor i Torsby kommune og er medlem af Bran\u00e4s Alpina, mulighed for at k\u00f8be et s\u00e6sonkort til en nedsat pris. Forud for s\u00e6sonen 25\/26 vil Kommunkortet v\u00e6re tilg\u00e6ngeligt for k\u00f8b via ladda.branas.se. V\u00e6lg et s\u00e6sonkort til b\u00f8rn, voksne eller seniorer, og indtast rabatkoden for at drage fordel af det fordelagtige tilbud. [\u2026]<\/p>","protected":false},"author":14,"featured_media":0,"parent":0,"menu_order":0,"comment_status":"closed","ping_status":"closed","template":"","meta":{"_acf_changed":false,"footnotes":""},"class_list":["post-2845","page","type-page","status-publish","hentry"],"acf":[],"_links":{"self":[{"href":"https:\/\/www.branas.se\/da\/wp-json\/wp\/v2\/pages\/2845"}],"collection":[{"href":"https:\/\/www.branas.se\/da\/wp-json\/wp\/v2\/pages"}],"about":[{"href":"https:\/\/www.branas.se\/da\/wp-json\/wp\/v2\/types\/page"}],"author":[{"embeddable":true,"href":"https:\/\/www.branas.se\/da\/wp-json\/wp\/v2\/users\/14"}],"replies":[{"embeddable":true,"href":"https:\/\/www.branas.se\/da\/wp-json\/wp\/v2\/comments?post=2845"}],"version-history":[{"count":53,"href":"https:\/\/www.branas.se\/da\/wp-json\/wp\/v2\/pages\/2845\/revisions"}],"predecessor-version":[{"id":14296,"href":"https:\/\/www.branas.se\/da\/wp-json\/wp\/v2\/pages\/2845\/revisions\/14296"}],"wp:attachment":[{"href":"https:\/\/www.branas.se\/da\/wp-json\/wp\/v2\/media?parent=2845"}],"curies":[{"name":"wp","href":"https:\/\/api.w.org\/{rel}","templated":true}]}}