{"id":307,"date":"2018-10-30T06:34:37","date_gmt":"2018-10-30T06:34:37","guid":{"rendered":"https:\/\/www.branas.se\/?page_id=307"},"modified":"2026-01-12T08:58:10","modified_gmt":"2026-01-12T07:58:10","slug":"pris-och-snogaranti","status":"publish","type":"page","link":"https:\/\/www.branas.se\/da\/pris-och-snogaranti\/","title":{"rendered":"Pris og snegaranti"},"content":{"rendered":"<div class=\"ingress\">Hos os kan du f\u00f8le dig tryg, n\u00e5r du bestiller en skiferie \u2013 uanset om du booker tidligt eller sent. Med vores sne- og prisgaranti f\u00e5r du altid en fordelagtig pris og du skal selvf\u00f8lgelig aldrig betale for en skitur uden sne.<\/div>\n<h2 style=\"text-align: left;\">Snegaranti - pengene tilbage eller ombooking<\/h2>\n<p style=\"text-align: left;\">En skitur er ikke en skitur uden skil\u00f8b og sne. Eller er det? For os er det derfor en selvf\u00f8lge, at du ikke skal betale, hvis vores faciliteter ikke leverer pr\u00e6cis det. Med vores snegaranti f\u00e5r du altid pengene tilbage, eller muligheden for at ombooke din tur, hvis vi ikke lever op til det, vi lover. P\u00e5 denne m\u00e5de kan du v\u00e6re sikker p\u00e5, at du f\u00e5r, hvad du booker. Garantien g\u00e6lder for indkvartering booket af Bran\u00e4s Fritidscenter AB&#039;s booking. Snegarantien g\u00e6lder ikke for aktuelt lukkede lifter eller pister som f\u00f8lge af tekniske problemer eller d\u00e5rligt vejr.<\/p>\n<p><strong>Hvad garanterer vi?<\/strong><\/p>\n<ul>\n<li>11 navngivne pister og 9 lifter.<\/li>\n<\/ul>\n<p>Skr\u00e5ning: Sidvinden, Lilla Amundsbacken, Stora Amundsbacken, Lobacken, S\u00e4terbacken, Ekorrbacken, Nedre L\u00e5ngsv\u00e4ngen, Sydpolen 3, Nordpolen 2, Nordsj\u00f6backen, Genv\u00e4gen<\/p>\n<p>Lifter: Motvinden, Amundsliften, Toppexpressen, Kotten, Loliften 1, Istappen, Bj\u00f6rnbusan, Gondola, Sj\u00f6expressen<\/p>\n<p><strong>Hvis snegarantien ikke er opfyldt<\/strong><\/p>\n<p>Indtil kl. 11:00 dagen efter ankomst kan du v\u00e6lge at afbestille eller uds\u00e6tte dit ophold og v\u00e6lge mellem nedenst\u00e5ende muligheder.<\/p>\n<ul>\n<li>Tilbagebetaling af det fulde bel\u00f8b.<\/li>\n<li>Ombook din rejse til en anden dato eller til vores s\u00f8steranl\u00e6g Kungsberget.<\/li>\n<\/ul>","protected":false},"excerpt":{"rendered":"<p>Hos os kan du f\u00f8le dig tryg, n\u00e5r du booker en skiferie \u2013 uanset om du booker tidligt eller sent. Med vores sne- og prisgaranti f\u00e5r du altid en favorabel pris, og du beh\u00f8ver selvf\u00f8lgelig aldrig at betale for en skitur uden sne. Snegaranti \u2013 pengene tilbage eller ombooking En skitur er ikke en skitur uden at st\u00e5 p\u00e5 ski [\u2026]<\/p>","protected":false},"author":2,"featured_media":0,"parent":0,"menu_order":0,"comment_status":"closed","ping_status":"closed","template":"","meta":{"_acf_changed":false,"footnotes":""},"class_list":["post-307","page","type-page","status-publish","hentry"],"acf":[],"_links":{"self":[{"href":"https:\/\/www.branas.se\/da\/wp-json\/wp\/v2\/pages\/307"}],"collection":[{"href":"https:\/\/www.branas.se\/da\/wp-json\/wp\/v2\/pages"}],"about":[{"href":"https:\/\/www.branas.se\/da\/wp-json\/wp\/v2\/types\/page"}],"author":[{"embeddable":true,"href":"https:\/\/www.branas.se\/da\/wp-json\/wp\/v2\/users\/2"}],"replies":[{"embeddable":true,"href":"https:\/\/www.branas.se\/da\/wp-json\/wp\/v2\/comments?post=307"}],"version-history":[{"count":41,"href":"https:\/\/www.branas.se\/da\/wp-json\/wp\/v2\/pages\/307\/revisions"}],"predecessor-version":[{"id":14616,"href":"https:\/\/www.branas.se\/da\/wp-json\/wp\/v2\/pages\/307\/revisions\/14616"}],"wp:attachment":[{"href":"https:\/\/www.branas.se\/da\/wp-json\/wp\/v2\/media?parent=307"}],"curies":[{"name":"wp","href":"https:\/\/api.w.org\/{rel}","templated":true}]}}