{"id":310,"date":"2018-10-30T06:36:42","date_gmt":"2018-10-30T06:36:42","guid":{"rendered":"https:\/\/www.branas.se\/?page_id=310"},"modified":"2025-12-19T11:46:01","modified_gmt":"2025-12-19T10:46:01","slug":"atervinning","status":"publish","type":"page","link":"https:\/\/www.branas.se\/da\/atervinning\/","title":{"rendered":"Genbrug"},"content":{"rendered":"<div class=\"ingress\">Bran\u00e4s&#039; arbejde for et b\u00e6redygtigt milj\u00f8 forts\u00e6tter. Tak for din hj\u00e6lp ved at sortere dit affald. P\u00e5 kortene nedenfor kan du se genbrugsstationer for vores tre omr\u00e5der, Bran\u00e4sdalen, Berget og Mattesdalen.<\/div>","protected":false},"excerpt":{"rendered":"<p>Bran\u00e4s&#039; arbejde for et b\u00e6redygtigt milj\u00f8 forts\u00e6tter. Tak for din hj\u00e6lp ved at sortere dit affald. P\u00e5 kortene nedenfor kan du se genbrugsstationer for vores tre omr\u00e5der, Bran\u00e4sdalen, Berget og Mattesdalen.<\/p>","protected":false},"author":2,"featured_media":0,"parent":0,"menu_order":0,"comment_status":"closed","ping_status":"closed","template":"","meta":{"_acf_changed":false,"footnotes":""},"class_list":["post-310","page","type-page","status-publish","hentry"],"acf":[],"_links":{"self":[{"href":"https:\/\/www.branas.se\/da\/wp-json\/wp\/v2\/pages\/310"}],"collection":[{"href":"https:\/\/www.branas.se\/da\/wp-json\/wp\/v2\/pages"}],"about":[{"href":"https:\/\/www.branas.se\/da\/wp-json\/wp\/v2\/types\/page"}],"author":[{"embeddable":true,"href":"https:\/\/www.branas.se\/da\/wp-json\/wp\/v2\/users\/2"}],"replies":[{"embeddable":true,"href":"https:\/\/www.branas.se\/da\/wp-json\/wp\/v2\/comments?post=310"}],"version-history":[{"count":44,"href":"https:\/\/www.branas.se\/da\/wp-json\/wp\/v2\/pages\/310\/revisions"}],"predecessor-version":[{"id":14538,"href":"https:\/\/www.branas.se\/da\/wp-json\/wp\/v2\/pages\/310\/revisions\/14538"}],"wp:attachment":[{"href":"https:\/\/www.branas.se\/da\/wp-json\/wp\/v2\/media?parent=310"}],"curies":[{"name":"wp","href":"https:\/\/api.w.org\/{rel}","templated":true}]}}