{"id":3444,"date":"2019-11-12T13:06:40","date_gmt":"2019-11-12T12:06:40","guid":{"rendered":"https:\/\/www.branas.se\/?page_id=3444"},"modified":"2025-12-31T18:42:48","modified_gmt":"2025-12-31T17:42:48","slug":"nyar","status":"publish","type":"page","link":"https:\/\/www.branas.se\/da\/hogtider\/nyar\/","title":{"rendered":"nyt\u00e5r"},"content":{"rendered":"<div class=\"ingress\" style=\"text-align: center;\">Bran\u00e4s i nyt\u00e5r er noget ekstra at opleve. Spr\u00f8de dejlige fl\u00f8jlsbukser, nyt\u00e5rsmiddag og samv\u00e6r. En perfekt afslutning p\u00e5 \u00e5ret og en chance for at starte det n\u00e6ste p\u00e5 den absolut bedste m\u00e5de.<\/div>\n<div style=\"text-align: center;\"><\/div>","protected":false},"excerpt":{"rendered":"<p>Bran\u00e4s i nyt\u00e5r er noget ekstra at opleve. Spr\u00f8de dejlige fl\u00f8jlsbukser, nyt\u00e5rsmiddag og samv\u00e6r. En perfekt afslutning p\u00e5 \u00e5ret og en chance for at starte det n\u00e6ste p\u00e5 den absolut bedste m\u00e5de.<\/p>","protected":false},"author":14,"featured_media":0,"parent":7783,"menu_order":0,"comment_status":"closed","ping_status":"closed","template":"","meta":{"_acf_changed":false,"footnotes":""},"class_list":["post-3444","page","type-page","status-publish","hentry"],"acf":[],"_links":{"self":[{"href":"https:\/\/www.branas.se\/da\/wp-json\/wp\/v2\/pages\/3444"}],"collection":[{"href":"https:\/\/www.branas.se\/da\/wp-json\/wp\/v2\/pages"}],"about":[{"href":"https:\/\/www.branas.se\/da\/wp-json\/wp\/v2\/types\/page"}],"author":[{"embeddable":true,"href":"https:\/\/www.branas.se\/da\/wp-json\/wp\/v2\/users\/14"}],"replies":[{"embeddable":true,"href":"https:\/\/www.branas.se\/da\/wp-json\/wp\/v2\/comments?post=3444"}],"version-history":[{"count":78,"href":"https:\/\/www.branas.se\/da\/wp-json\/wp\/v2\/pages\/3444\/revisions"}],"predecessor-version":[{"id":14582,"href":"https:\/\/www.branas.se\/da\/wp-json\/wp\/v2\/pages\/3444\/revisions\/14582"}],"up":[{"embeddable":true,"href":"https:\/\/www.branas.se\/da\/wp-json\/wp\/v2\/pages\/7783"}],"wp:attachment":[{"href":"https:\/\/www.branas.se\/da\/wp-json\/wp\/v2\/media?parent=3444"}],"curies":[{"name":"wp","href":"https:\/\/api.w.org\/{rel}","templated":true}]}}