{"id":39,"date":"2018-10-11T09:42:12","date_gmt":"2018-10-11T07:42:12","guid":{"rendered":"https:\/\/www.branas.se\/?page_id=39"},"modified":"2025-10-09T07:24:14","modified_gmt":"2025-10-09T05:24:14","slug":"gruppskidskola","status":"publish","type":"page","link":"https:\/\/www.branas.se\/da\/skidskola-i-branas\/gruppskidskola\/","title":{"rendered":"Gruppe skiskole"},"content":{"rendered":"<div class=\"ingress\" style=\"text-align: center;\">I Bran\u00e4s finder du gruppeskiskoler for alle niveauer og aldre. Udvikl dit skil\u00f8b eller lad b\u00f8rnene tage deres f\u00f8rste skridt mod skieventyr, uanset \u00e5rsagen vil du aldrig fortryde et bes\u00f8g p\u00e5 skiskolen.<\/div>","protected":false},"excerpt":{"rendered":"<p>I Bran\u00e4s finder du gruppeskiskoler for alle niveauer og aldre. Udvikl dit skil\u00f8b eller lad b\u00f8rnene tage deres f\u00f8rste skridt mod skieventyr, uanset \u00e5rsagen vil du aldrig fortryde et bes\u00f8g p\u00e5 skiskolen.<\/p>","protected":false},"author":2,"featured_media":0,"parent":340,"menu_order":2,"comment_status":"closed","ping_status":"closed","template":"","meta":{"_acf_changed":false,"footnotes":""},"class_list":["post-39","page","type-page","status-publish","hentry"],"acf":[],"_links":{"self":[{"href":"https:\/\/www.branas.se\/da\/wp-json\/wp\/v2\/pages\/39"}],"collection":[{"href":"https:\/\/www.branas.se\/da\/wp-json\/wp\/v2\/pages"}],"about":[{"href":"https:\/\/www.branas.se\/da\/wp-json\/wp\/v2\/types\/page"}],"author":[{"embeddable":true,"href":"https:\/\/www.branas.se\/da\/wp-json\/wp\/v2\/users\/2"}],"replies":[{"embeddable":true,"href":"https:\/\/www.branas.se\/da\/wp-json\/wp\/v2\/comments?post=39"}],"version-history":[{"count":73,"href":"https:\/\/www.branas.se\/da\/wp-json\/wp\/v2\/pages\/39\/revisions"}],"predecessor-version":[{"id":14247,"href":"https:\/\/www.branas.se\/da\/wp-json\/wp\/v2\/pages\/39\/revisions\/14247"}],"up":[{"embeddable":true,"href":"https:\/\/www.branas.se\/da\/wp-json\/wp\/v2\/pages\/340"}],"wp:attachment":[{"href":"https:\/\/www.branas.se\/da\/wp-json\/wp\/v2\/media?parent=39"}],"curies":[{"name":"wp","href":"https:\/\/api.w.org\/{rel}","templated":true}]}}