{"id":4585,"date":"2020-02-10T10:49:23","date_gmt":"2020-02-10T09:49:23","guid":{"rendered":"https:\/\/www.branas.se\/?page_id=4585"},"modified":"2023-02-23T17:51:28","modified_gmt":"2023-02-23T16:51:28","slug":"hyr-barnvagn","status":"publish","type":"page","link":"https:\/\/www.branas.se\/da\/hyr-barnvagn\/","title":{"rendered":"Lej en barnevogn"},"content":{"rendered":"<div class=\"ingress\" style=\"text-align: center;\">Spar bagageplads i bilen og lej din klapvogn hos os. Tilpasset til sne og terr\u00e6n er Thule Chariot Cross en perfekt vogn til bjergmilj\u00f8er. Forudbestil din vogn inden rejsen p\u00e5 054-13 26 00<\/div>\n<div><\/div>","protected":false},"excerpt":{"rendered":"<p>Spar bagageplads i bilen og lej din klapvogn hos os. Tilpasset til sne og terr\u00e6n er Thule Chariot Cross en perfekt vogn til bjergmilj\u00f8er. Forudbestil din vogn inden rejsen p\u00e5 054-13 26 00<\/p>","protected":false},"author":14,"featured_media":0,"parent":0,"menu_order":0,"comment_status":"closed","ping_status":"closed","template":"","meta":{"_acf_changed":false,"footnotes":""},"class_list":["post-4585","page","type-page","status-publish","hentry"],"acf":[],"_links":{"self":[{"href":"https:\/\/www.branas.se\/da\/wp-json\/wp\/v2\/pages\/4585"}],"collection":[{"href":"https:\/\/www.branas.se\/da\/wp-json\/wp\/v2\/pages"}],"about":[{"href":"https:\/\/www.branas.se\/da\/wp-json\/wp\/v2\/types\/page"}],"author":[{"embeddable":true,"href":"https:\/\/www.branas.se\/da\/wp-json\/wp\/v2\/users\/14"}],"replies":[{"embeddable":true,"href":"https:\/\/www.branas.se\/da\/wp-json\/wp\/v2\/comments?post=4585"}],"version-history":[{"count":20,"href":"https:\/\/www.branas.se\/da\/wp-json\/wp\/v2\/pages\/4585\/revisions"}],"predecessor-version":[{"id":9706,"href":"https:\/\/www.branas.se\/da\/wp-json\/wp\/v2\/pages\/4585\/revisions\/9706"}],"wp:attachment":[{"href":"https:\/\/www.branas.se\/da\/wp-json\/wp\/v2\/media?parent=4585"}],"curies":[{"name":"wp","href":"https:\/\/api.w.org\/{rel}","templated":true}]}}