{"id":5049,"date":"2020-06-02T10:59:26","date_gmt":"2020-06-02T08:59:26","guid":{"rendered":"https:\/\/www.branas.se\/?page_id=5049"},"modified":"2025-10-01T08:23:15","modified_gmt":"2025-10-01T06:23:15","slug":"kul-pa-sno","status":"publish","type":"page","link":"https:\/\/www.branas.se\/da\/skidakning-i-branas\/kul-pa-sno\/","title":{"rendered":"Sjov p\u00e5 sne"},"content":{"rendered":"<div class=\"ingress\">\n<p>I Bran\u00e4s finder du alt hvad du beh\u00f8ver til en skioplevelse for hele familien. Tag chancen for at v\u00e6re den hurtigste i familien p\u00e5 speedski, vis dine tricks frem i parken eller spil med Mario og hans venner i Nintendo Land.<\/p>\n<\/div>\n<p>&nbsp;<\/p>","protected":false},"excerpt":{"rendered":"<p>I Bran\u00e4s finder du alt hvad du beh\u00f8ver til en skioplevelse for hele familien. Tag chancen for at v\u00e6re den hurtigste i familien p\u00e5 speedski, vis dine tricks frem i parken eller spil med Mario og hans venner i Nintendo Land. &nbsp;<\/p>","protected":false},"author":14,"featured_media":0,"parent":368,"menu_order":0,"comment_status":"closed","ping_status":"closed","template":"page-templates\/page-genomgang.php","meta":{"_acf_changed":false,"footnotes":""},"class_list":["post-5049","page","type-page","status-publish","hentry"],"acf":[],"_links":{"self":[{"href":"https:\/\/www.branas.se\/da\/wp-json\/wp\/v2\/pages\/5049"}],"collection":[{"href":"https:\/\/www.branas.se\/da\/wp-json\/wp\/v2\/pages"}],"about":[{"href":"https:\/\/www.branas.se\/da\/wp-json\/wp\/v2\/types\/page"}],"author":[{"embeddable":true,"href":"https:\/\/www.branas.se\/da\/wp-json\/wp\/v2\/users\/14"}],"replies":[{"embeddable":true,"href":"https:\/\/www.branas.se\/da\/wp-json\/wp\/v2\/comments?post=5049"}],"version-history":[{"count":62,"href":"https:\/\/www.branas.se\/da\/wp-json\/wp\/v2\/pages\/5049\/revisions"}],"predecessor-version":[{"id":14208,"href":"https:\/\/www.branas.se\/da\/wp-json\/wp\/v2\/pages\/5049\/revisions\/14208"}],"up":[{"embeddable":true,"href":"https:\/\/www.branas.se\/da\/wp-json\/wp\/v2\/pages\/368"}],"wp:attachment":[{"href":"https:\/\/www.branas.se\/da\/wp-json\/wp\/v2\/media?parent=5049"}],"curies":[{"name":"wp","href":"https:\/\/api.w.org\/{rel}","templated":true}]}}