{"id":51,"date":"2018-10-11T09:43:30","date_gmt":"2018-10-11T07:43:30","guid":{"rendered":"https:\/\/www.branas.se\/?page_id=51"},"modified":"2026-03-24T11:09:05","modified_gmt":"2026-03-24T10:09:05","slug":"skidverkstad","status":"publish","type":"page","link":"https:\/\/www.branas.se\/da\/hyra-skidor\/skidverkstad\/","title":{"rendered":"Skiv\u00e6rksted"},"content":{"rendered":"<div class=\"ingress\">\n<p><span data-contrast=\"auto\">Vil du have bedre glid, skarpere kanter og en endnu sjovere skioplevelse? Medbring dit udstyr til os p\u00e5 v\u00e6rkstedet, s\u00e5 s\u00f8rger vi for, at dine ski er i top stand. Med den rigtige service f\u00e5r du ikke kun en mere behagelig tur, men ogs\u00e5 en l\u00e6ngere levetid for dit udstyr.<\/span><span data-ccp-props=\"{&quot;134233117&quot;:false,&quot;134233118&quot;:false,&quot;335559738&quot;:0,&quot;335559739&quot;:0}\">\u00a0<\/span><\/p>\n<\/div>","protected":false},"excerpt":{"rendered":"<p>Vil du have bedre glid, skarpere kanter og en endnu sjovere skioplevelse? Medbring dit udstyr til os p\u00e5 v\u00e6rkstedet, s\u00e5 s\u00f8rger vi for, at dine ski er i top stand. Med den rigtige service f\u00e5r du ikke kun en mere behagelig tur, men ogs\u00e5 en l\u00e6ngere levetid for dit udstyr.\u00a0<\/p>","protected":false},"author":2,"featured_media":0,"parent":3188,"menu_order":5,"comment_status":"closed","ping_status":"closed","template":"","meta":{"_acf_changed":false,"footnotes":""},"class_list":["post-51","page","type-page","status-publish","hentry"],"acf":[],"_links":{"self":[{"href":"https:\/\/www.branas.se\/da\/wp-json\/wp\/v2\/pages\/51"}],"collection":[{"href":"https:\/\/www.branas.se\/da\/wp-json\/wp\/v2\/pages"}],"about":[{"href":"https:\/\/www.branas.se\/da\/wp-json\/wp\/v2\/types\/page"}],"author":[{"embeddable":true,"href":"https:\/\/www.branas.se\/da\/wp-json\/wp\/v2\/users\/2"}],"replies":[{"embeddable":true,"href":"https:\/\/www.branas.se\/da\/wp-json\/wp\/v2\/comments?post=51"}],"version-history":[{"count":46,"href":"https:\/\/www.branas.se\/da\/wp-json\/wp\/v2\/pages\/51\/revisions"}],"predecessor-version":[{"id":14826,"href":"https:\/\/www.branas.se\/da\/wp-json\/wp\/v2\/pages\/51\/revisions\/14826"}],"up":[{"embeddable":true,"href":"https:\/\/www.branas.se\/da\/wp-json\/wp\/v2\/pages\/3188"}],"wp:attachment":[{"href":"https:\/\/www.branas.se\/da\/wp-json\/wp\/v2\/media?parent=51"}],"curies":[{"name":"wp","href":"https:\/\/api.w.org\/{rel}","templated":true}]}}