{"id":536,"date":"2018-10-30T17:36:40","date_gmt":"2018-10-30T17:36:40","guid":{"rendered":"https:\/\/www.branas.se\/?page_id=536"},"modified":"2025-10-09T07:24:46","modified_gmt":"2025-10-09T05:24:46","slug":"snowboardlektioner","status":"publish","type":"page","link":"https:\/\/www.branas.se\/da\/skidskola-i-branas\/snowboardlektioner\/","title":{"rendered":"Snowboard lektioner"},"content":{"rendered":"<div class=\"ingress\">Alle har dr\u00f8mt om at pr\u00f8ve snowboard p\u00e5 et tidspunkt. Her i Bran\u00e4s kan b\u00e5de dig, der har redet f\u00f8r og dig, der er nybegynder, f\u00e5 din dr\u00f8m opfyldt takket v\u00e6re vores dygtige og personlige instrukt\u00f8rer.<\/div>\n<p style=\"text-align: center;\"><a class=\"btn btn--action\" href=\"https:\/\/www.branas.se\/da\/bokning\/#\/skidskola\/oversikt?type=snowboard&amp;c=snowboard\">Book snowboardundervisning<\/a><\/p>","protected":false},"excerpt":{"rendered":"<p>Alle har p\u00e5 et tidspunkt dr\u00f8mt om at pr\u00f8ve snowboarding. Her i Bran\u00e4s kan b\u00e5de nybegyndere og dem, der har st\u00e5et p\u00e5 ski f\u00f8r, f\u00e5 deres dr\u00f8mme til virkelighed takket v\u00e6re vores dygtige og personlige instrukt\u00f8rer. Book snowboardlektioner<\/p>","protected":false},"author":2,"featured_media":0,"parent":340,"menu_order":4,"comment_status":"closed","ping_status":"closed","template":"","meta":{"_acf_changed":false,"footnotes":""},"class_list":["post-536","page","type-page","status-publish","hentry"],"acf":[],"_links":{"self":[{"href":"https:\/\/www.branas.se\/da\/wp-json\/wp\/v2\/pages\/536"}],"collection":[{"href":"https:\/\/www.branas.se\/da\/wp-json\/wp\/v2\/pages"}],"about":[{"href":"https:\/\/www.branas.se\/da\/wp-json\/wp\/v2\/types\/page"}],"author":[{"embeddable":true,"href":"https:\/\/www.branas.se\/da\/wp-json\/wp\/v2\/users\/2"}],"replies":[{"embeddable":true,"href":"https:\/\/www.branas.se\/da\/wp-json\/wp\/v2\/comments?post=536"}],"version-history":[{"count":47,"href":"https:\/\/www.branas.se\/da\/wp-json\/wp\/v2\/pages\/536\/revisions"}],"predecessor-version":[{"id":14249,"href":"https:\/\/www.branas.se\/da\/wp-json\/wp\/v2\/pages\/536\/revisions\/14249"}],"up":[{"embeddable":true,"href":"https:\/\/www.branas.se\/da\/wp-json\/wp\/v2\/pages\/340"}],"wp:attachment":[{"href":"https:\/\/www.branas.se\/da\/wp-json\/wp\/v2\/media?parent=536"}],"curies":[{"name":"wp","href":"https:\/\/api.w.org\/{rel}","templated":true}]}}