{"id":545,"date":"2018-10-30T20:11:07","date_gmt":"2018-10-30T20:11:07","guid":{"rendered":"https:\/\/www.branas.se\/?page_id=545"},"modified":"2025-10-14T16:53:54","modified_gmt":"2025-10-14T14:53:54","slug":"mat-noje-restauranger-i-branas","status":"publish","type":"page","link":"https:\/\/www.branas.se\/da\/mat-noje-restauranger-i-branas\/","title":{"rendered":"Restauranter i Bran\u00e4s"},"content":{"rendered":"<div class=\"ingress\"><strong><span data-contrast=\"auto\">Mad til b\u00e5de store og sm\u00e5 skil\u00f8bere<\/span><\/strong><span data-ccp-props=\"{}\">\u00a0<\/span><\/div>\n<div class=\"ingress\"><span data-contrast=\"none\">Nyd tiden sammen b\u00e5de p\u00e5 pisterne og i restauranten.<\/span> <span data-contrast=\"auto\">I vores restauranter og cafeer er b\u00f8rns madoplevelser i fokus. Her serverer vi alt tilbeh\u00f8ret ved siden af og for at g\u00f8re ventetiden p\u00e5 maden lidt sjovere, er legestuen altid t\u00e6t p\u00e5. Menuen omfatter favoritter som pandekager, hamburgere, frikadeller med kartoffelmos <\/span><span data-contrast=\"none\">og chancen for at lave din egen kage til dessert<\/span><span data-contrast=\"auto\">. Hjertelig velkommen til en af vores restauranter! <\/span><span data-ccp-props=\"{&quot;134233117&quot;:false,&quot;134233118&quot;:false,&quot;335559738&quot;:240,&quot;335559739&quot;:240}\">\u00a0<\/span><\/div>","protected":false},"excerpt":{"rendered":"<p>Mad til b\u00e5de store og sm\u00e5 skil\u00f8bere. Nyd tiden sammen b\u00e5de p\u00e5 pisterne og i restauranten. I vores restauranter og caf\u00e9er er b\u00f8rnenes madoplevelser i fokus. Her serverer vi alt tilbeh\u00f8ret ved siden af, og for at g\u00f8re ventetiden p\u00e5 maden lidt sjovere, er legerummet altid i n\u00e6rheden. Menuen indeholder favoritter som pandekager, hamburgere, [\u2026]<\/p>","protected":false},"author":2,"featured_media":0,"parent":0,"menu_order":0,"comment_status":"closed","ping_status":"closed","template":"page-templates\/page-restaurang.php","meta":{"_acf_changed":false,"footnotes":""},"class_list":["post-545","page","type-page","status-publish","hentry"],"acf":[],"_links":{"self":[{"href":"https:\/\/www.branas.se\/da\/wp-json\/wp\/v2\/pages\/545"}],"collection":[{"href":"https:\/\/www.branas.se\/da\/wp-json\/wp\/v2\/pages"}],"about":[{"href":"https:\/\/www.branas.se\/da\/wp-json\/wp\/v2\/types\/page"}],"author":[{"embeddable":true,"href":"https:\/\/www.branas.se\/da\/wp-json\/wp\/v2\/users\/2"}],"replies":[{"embeddable":true,"href":"https:\/\/www.branas.se\/da\/wp-json\/wp\/v2\/comments?post=545"}],"version-history":[{"count":67,"href":"https:\/\/www.branas.se\/da\/wp-json\/wp\/v2\/pages\/545\/revisions"}],"predecessor-version":[{"id":14271,"href":"https:\/\/www.branas.se\/da\/wp-json\/wp\/v2\/pages\/545\/revisions\/14271"}],"wp:attachment":[{"href":"https:\/\/www.branas.se\/da\/wp-json\/wp\/v2\/media?parent=545"}],"curies":[{"name":"wp","href":"https:\/\/api.w.org\/{rel}","templated":true}]}}