{"id":55,"date":"2018-10-11T09:43:53","date_gmt":"2018-10-11T07:43:53","guid":{"rendered":"https:\/\/www.branas.se\/?page_id=55"},"modified":"2026-04-02T08:16:54","modified_gmt":"2026-04-02T06:16:54","slug":"sportshop","status":"publish","type":"page","link":"https:\/\/www.branas.se\/da\/sportshop\/","title":{"rendered":"Sportsforretning"},"content":{"rendered":"<div class=\"ingress\">Har du glemt noget derhjemme? Eller er det tid til at fuldende din garderobe? Om vinteren finder du vores butik p\u00e5 Soltorget med alt fra handsker og hjelme til solbriller, skit\u00f8j og hobbyartikler til b\u00f8rnene.<\/div>\n<div style=\"text-align: center;\"><a class=\"btn btn--c--brand\" href=\"https:\/\/www.branas.se\/da\/sommar\/oppettider\/\">se \u00e5bningstider<\/a><\/div>","protected":false},"excerpt":{"rendered":"<p>Glemt noget derhjemme? Eller er det tid til at fuldende garderoben? Om vinteren finder du vores butik p\u00e5 Soltorget med alt fra handsker og hjelme til solbriller, skit\u00f8j og hobbyartikler til b\u00f8rnene. Se \u00e5bningstider<\/p>","protected":false},"author":2,"featured_media":0,"parent":0,"menu_order":0,"comment_status":"closed","ping_status":"closed","template":"","meta":{"_acf_changed":false,"footnotes":""},"class_list":["post-55","page","type-page","status-publish","hentry"],"acf":[],"_links":{"self":[{"href":"https:\/\/www.branas.se\/da\/wp-json\/wp\/v2\/pages\/55"}],"collection":[{"href":"https:\/\/www.branas.se\/da\/wp-json\/wp\/v2\/pages"}],"about":[{"href":"https:\/\/www.branas.se\/da\/wp-json\/wp\/v2\/types\/page"}],"author":[{"embeddable":true,"href":"https:\/\/www.branas.se\/da\/wp-json\/wp\/v2\/users\/2"}],"replies":[{"embeddable":true,"href":"https:\/\/www.branas.se\/da\/wp-json\/wp\/v2\/comments?post=55"}],"version-history":[{"count":16,"href":"https:\/\/www.branas.se\/da\/wp-json\/wp\/v2\/pages\/55\/revisions"}],"predecessor-version":[{"id":14849,"href":"https:\/\/www.branas.se\/da\/wp-json\/wp\/v2\/pages\/55\/revisions\/14849"}],"wp:attachment":[{"href":"https:\/\/www.branas.se\/da\/wp-json\/wp\/v2\/media?parent=55"}],"curies":[{"name":"wp","href":"https:\/\/api.w.org\/{rel}","templated":true}]}}