{"id":554,"date":"2018-10-30T20:16:14","date_gmt":"2018-10-30T20:16:14","guid":{"rendered":"https:\/\/www.branas.se\/?page_id=554"},"modified":"2025-10-14T16:55:33","modified_gmt":"2025-10-14T14:55:33","slug":"butiker","status":"publish","type":"page","link":"https:\/\/www.branas.se\/da\/butiker\/","title":{"rendered":"Butikker"},"content":{"rendered":"<div class=\"ingress\">Her finder du alt, hvad du beh\u00f8ver til din ferie. Opgrader dit skiudstyr, eller suppler din aftenunderholdning. Uanset om du bor i dalen eller p\u00e5 bjerget, er der en butik i n\u00e6rheden af dig.<\/div>\n<div style=\"text-align: center;\"><a class=\"btn btn--c--brand\" href=\"https:\/\/www.branas.se\/da\/skidakning-i-branas\/oppettider\/\">Til vores \u00e5bningstider<\/a><\/div>","protected":false},"excerpt":{"rendered":"<p>Her finder du alt, hvad du beh\u00f8ver til din ferie. Opgrader dit skiudstyr, eller f\u00e5 mere sjov om aftenen. Uanset om du bor i dalen eller p\u00e5 bjerget, er der en butik i n\u00e6rheden af dig. Se vores \u00e5bningstider<\/p>","protected":false},"author":2,"featured_media":0,"parent":0,"menu_order":0,"comment_status":"closed","ping_status":"closed","template":"page-templates\/page-butiker.php","meta":{"_acf_changed":false,"footnotes":""},"class_list":["post-554","page","type-page","status-publish","hentry"],"acf":[],"_links":{"self":[{"href":"https:\/\/www.branas.se\/da\/wp-json\/wp\/v2\/pages\/554"}],"collection":[{"href":"https:\/\/www.branas.se\/da\/wp-json\/wp\/v2\/pages"}],"about":[{"href":"https:\/\/www.branas.se\/da\/wp-json\/wp\/v2\/types\/page"}],"author":[{"embeddable":true,"href":"https:\/\/www.branas.se\/da\/wp-json\/wp\/v2\/users\/2"}],"replies":[{"embeddable":true,"href":"https:\/\/www.branas.se\/da\/wp-json\/wp\/v2\/comments?post=554"}],"version-history":[{"count":37,"href":"https:\/\/www.branas.se\/da\/wp-json\/wp\/v2\/pages\/554\/revisions"}],"predecessor-version":[{"id":14273,"href":"https:\/\/www.branas.se\/da\/wp-json\/wp\/v2\/pages\/554\/revisions\/14273"}],"wp:attachment":[{"href":"https:\/\/www.branas.se\/da\/wp-json\/wp\/v2\/media?parent=554"}],"curies":[{"name":"wp","href":"https:\/\/api.w.org\/{rel}","templated":true}]}}