{"id":57,"date":"2018-10-11T09:44:19","date_gmt":"2018-10-11T07:44:19","guid":{"rendered":"https:\/\/www.branas.se\/?page_id=57"},"modified":"2025-06-26T13:49:18","modified_gmt":"2025-06-26T11:49:18","slug":"langdskidor","status":"publish","type":"page","link":"https:\/\/www.branas.se\/da\/skidakning-i-branas\/langdskidor\/","title":{"rendered":"Langrendsski"},"content":{"rendered":"<div class=\"ingress\">I Bran\u00e4s er der velholdte langrendsl\u00f8jper med plads til b\u00e5de klassisk stil og sk\u00f8jtel\u00f8b. Banel\u00e6ngden p\u00e5 i alt 29 kilometer omfatter seks forskellige spor af varierende l\u00e6ngde. Perfekt til b\u00e5de begyndere og erfarne skil\u00f8bere!<\/div>\n<div><\/div>\n<div>\n<p style=\"text-align: center;\"><a class=\"btn btn--action\" href=\"https:\/\/www.branas.se\/da\/skidakning-i-branas\/langdskidor\/\">Se den aktuelle sporstatus<\/a><\/p>\n<\/div>\n<p style=\"text-align: center;\"><a class=\"btn btn--action\" href=\"https:\/\/ladda.branas.se\/sparkort\">K\u00f8b sporkort<\/a><\/p>\n<p style=\"text-align: center;\">Ved k\u00f8b modtager du en sms med et digitalt sporingskort til det telefonnummer, du oplyser. Har du k\u00f8bt et liftkort til alpint skil\u00f8b, fungerer det ogs\u00e5 som et trailpas.<\/p>\n<hr \/>","protected":false},"excerpt":{"rendered":"<p>I Bran\u00e4s er der velholdte langrendsl\u00f8jper med plads til b\u00e5de klassisk stil og sk\u00f8jtel\u00f8b. Den samlede banel\u00e6ngde p\u00e5 29 kilometer omfatter seks forskellige baner i varierende l\u00e6ngder. Perfekt til b\u00e5de begyndere og erfarne skil\u00f8bere! Se aktuel nummerstatus K\u00f8b nummerkort Ved k\u00f8b modtager du en sms med et digitalt nummerkort til det telefonnummer, du angiver. Hvis [\u2026]<\/p>","protected":false},"author":2,"featured_media":0,"parent":368,"menu_order":0,"comment_status":"closed","ping_status":"closed","template":"","meta":{"_acf_changed":false,"footnotes":""},"class_list":["post-57","page","type-page","status-publish","hentry"],"acf":[],"_links":{"self":[{"href":"https:\/\/www.branas.se\/da\/wp-json\/wp\/v2\/pages\/57"}],"collection":[{"href":"https:\/\/www.branas.se\/da\/wp-json\/wp\/v2\/pages"}],"about":[{"href":"https:\/\/www.branas.se\/da\/wp-json\/wp\/v2\/types\/page"}],"author":[{"embeddable":true,"href":"https:\/\/www.branas.se\/da\/wp-json\/wp\/v2\/users\/2"}],"replies":[{"embeddable":true,"href":"https:\/\/www.branas.se\/da\/wp-json\/wp\/v2\/comments?post=57"}],"version-history":[{"count":73,"href":"https:\/\/www.branas.se\/da\/wp-json\/wp\/v2\/pages\/57\/revisions"}],"predecessor-version":[{"id":13985,"href":"https:\/\/www.branas.se\/da\/wp-json\/wp\/v2\/pages\/57\/revisions\/13985"}],"up":[{"embeddable":true,"href":"https:\/\/www.branas.se\/da\/wp-json\/wp\/v2\/pages\/368"}],"wp:attachment":[{"href":"https:\/\/www.branas.se\/da\/wp-json\/wp\/v2\/media?parent=57"}],"curies":[{"name":"wp","href":"https:\/\/api.w.org\/{rel}","templated":true}]}}