{"id":573,"date":"2018-10-30T20:27:54","date_gmt":"2018-10-30T20:27:54","guid":{"rendered":"https:\/\/www.branas.se\/?page_id=573"},"modified":"2022-08-18T16:24:32","modified_gmt":"2022-08-18T14:24:32","slug":"arets-barnskidsemester","status":"publish","type":"page","link":"https:\/\/www.branas.se\/da\/om-branasgruppen\/arets-barnskidsemester\/","title":{"rendered":"\u00c5rets b\u00f8rneferiepris"},"content":{"rendered":"<h1><span class=\"TextRun SCXO86554457 BCX0\" lang=\"SV-SE\" xml:lang=\"SV-SE\" data-contrast=\"none\"><span class=\"NormalTextRun SCXO86554457 BCX0\">Vinder af den store b\u00f8rneferiepris 13 gange<\/span><\/span><\/h1>\n<p><span class=\"TextRun SCXO86554457 BCX0\" lang=\"SV-SE\" xml:lang=\"SV-SE\" data-contrast=\"none\"><span class=\"NormalTextRun SCXO86554457 BCX0\">Hos Bran\u00e4s s\u00e6tter vi altid familien i fokus, men m\u00e5let er at tilbyde en skitur, som alle familiemedlemmer kan se tilbage p\u00e5 med et smil p\u00e5 l\u00e6ben. Det er if\u00f8lge g\u00e6sterne lykkedes. Bran\u00e4s<\/span><\/span><span class=\"TextRun SCXO86554457 BCX0\" lang=\"SV-SE\" xml:lang=\"SV-SE\" data-contrast=\"none\"><span class=\"NormalTextRun SCXO86554457 BCX0\">\u00a0er blevet k\u00e5ret som vinder af Great Children&#039;s Holiday Award, i kategorien Bedste skisportssted for\u00a0<\/span><span class=\"SpellingError SCXO86554457 BCX0\">familier med b\u00f8rn, i alt 13 gange. <\/span><\/span><\/p>","protected":false},"excerpt":{"rendered":"<p>Vinder af Stora Barnsemesterpriset 13 gange. Hos Bran\u00e4s s\u00e6tter vi altid familien i fokus, men m\u00e5let er at tilbyde en skitur, som alle familiemedlemmer kan se tilbage p\u00e5 med et smil p\u00e5 l\u00e6ben. If\u00f8lge g\u00e6sterne er det lykkedes os. Bran\u00e4s er blevet k\u00e5ret som vinder af den store b\u00f8rneferiepris i kategorien Bedste skisportssted for familier hele 13 gange.<\/p>","protected":false},"author":2,"featured_media":0,"parent":579,"menu_order":0,"comment_status":"closed","ping_status":"closed","template":"","meta":{"_acf_changed":false,"footnotes":""},"class_list":["post-573","page","type-page","status-publish","hentry"],"acf":[],"_links":{"self":[{"href":"https:\/\/www.branas.se\/da\/wp-json\/wp\/v2\/pages\/573"}],"collection":[{"href":"https:\/\/www.branas.se\/da\/wp-json\/wp\/v2\/pages"}],"about":[{"href":"https:\/\/www.branas.se\/da\/wp-json\/wp\/v2\/types\/page"}],"author":[{"embeddable":true,"href":"https:\/\/www.branas.se\/da\/wp-json\/wp\/v2\/users\/2"}],"replies":[{"embeddable":true,"href":"https:\/\/www.branas.se\/da\/wp-json\/wp\/v2\/comments?post=573"}],"version-history":[{"count":22,"href":"https:\/\/www.branas.se\/da\/wp-json\/wp\/v2\/pages\/573\/revisions"}],"predecessor-version":[{"id":8324,"href":"https:\/\/www.branas.se\/da\/wp-json\/wp\/v2\/pages\/573\/revisions\/8324"}],"up":[{"embeddable":true,"href":"https:\/\/www.branas.se\/da\/wp-json\/wp\/v2\/pages\/579"}],"wp:attachment":[{"href":"https:\/\/www.branas.se\/da\/wp-json\/wp\/v2\/media?parent=573"}],"curies":[{"name":"wp","href":"https:\/\/api.w.org\/{rel}","templated":true}]}}