{"id":5756,"date":"2020-11-22T13:40:41","date_gmt":"2020-11-22T12:40:41","guid":{"rendered":"https:\/\/www.branas.se\/?page_id=5756"},"modified":"2025-10-16T10:25:32","modified_gmt":"2025-10-16T08:25:32","slug":"app-skidhyra-information","status":"publish","type":"page","link":"https:\/\/www.branas.se\/da\/app-skidhyra-information\/","title":{"rendered":"[APP: SKIUDLEJNING] \u2013 Information"},"content":{"rendered":"<h4>SKIUDSTYR<\/h4>\n<p><strong>Lej udstyr<\/strong><br \/>\nI Bran\u00e4s booker du alt udstyr hurtigt og nemt via online booking p\u00e5 hjemmesiden eller direkte p\u00e5 din mobiltelefon, booker du i mindst to dage, s\u00e5 leverer vi ogs\u00e5 skiene til din bolig helt gratis. Skal du afhente dit udstyr hos skiudlejningen, beder vi dig om ikke at komme ind, f\u00f8r du har modtaget din sms med instruktioner. Skulle du have behov for at skifte p\u00e5 grund af st\u00f8rrelse eller andet, s\u00e5 hj\u00e6lper vi dig selvf\u00f8lgelig med det.<\/p>\n<p><strong>Gratis levering<\/strong><br \/>\nBooker du skiudstyr i mindst 2 dage, tilbyder vi gratis levering og afhentning af dit udstyr. Kort sagt mere skil\u00f8b for pengene! N\u00e5r det er tid til at tage hjem, kan du v\u00e6lge at efterlade udstyret i boligen eller tage et par ture, inden du returnerer alt til skiudlejningen.<\/p>\n<p><strong>Nat opbevaring<\/strong><br \/>\nOvernatning i M\u00e5rden, Sportsmans stugor, Tinastorp, Skolhuset, Alphyddan, T\u00e4ppan og Lill-R\u00f6da f\u00e5r i stedet for at k\u00f8re ud en opbevaringsboks i skiudlejningen fem meter fra skisne. I din skiboks kan du opbevare dine sko i l\u00f8bet af dagen, s\u00e5 du kan g\u00e5 i dine behagelige sko til og fra din indkvartering.<\/p>\n<p><strong>Hvad betyder begynder, mellemliggende og avanceret?<\/strong><br \/>\nBegyndere \u2013 Velegnet til dem, der skal l\u00e6re at ride og bremse.<br \/>\nMedium \u2013 Velegnet til dem, der \u00f8nsker at udvikle deres skil\u00f8b og st\u00e5 p\u00e5 ski fra toppen og f\u00e5 mere fart.<br \/>\nAvanceret \u2013 Velegnet til dem, der k\u00f8rer p\u00e5 alle pister og \u00f8nsker at kunne tilpasse deres skil\u00f8b. Vi har alt fra slalomski til Allmountain.<\/p>\n<p><strong>Multilejer<\/strong><br \/>\nVil du st\u00e5 p\u00e5 snowboard, st\u00e5 p\u00e5 ski og m\u00e5ske endda langrend under dit ophold? Intet problem! Hos os i Bran\u00e4s er multileje inkluderet i alle pakker, s\u00e5 du kan skifte frem og tilbage s\u00e5 meget du vil og du betaler kun forskellen mellem pakkerne. Multiudlejningen er fleksibel og er perfekt til dem, der vil teste sig selv under bes\u00f8get, men ogs\u00e5 til dem, der har udviklet sig i skiskolen og gerne vil teste deres skil\u00f8b p\u00e5 et par mere avancerede ski.<\/p>\n<p><strong>Udlejningst\u00f8j<\/strong><br \/>\nHar du glemt din skijakke derhjemme eller er den lidt koldere, end du troede? Intet problem \u2013 vi tilbyder ogs\u00e5 lejebekl\u00e6dning, s\u00e5 du ikke fryser p\u00e5 pisterne. Du kan nemt og bekvemt forudbestille skit\u00f8jet direkte via din mobiltelefon. Du skal simpelthen ikke bekymre dig om ikke at v\u00e6re kl\u00e6dt ordentligt p\u00e5 til pisterne.<\/p>\n<p><strong>Bj\u00f6rnbusarnas v\u00e6kstpakke<\/strong><br \/>\nBj\u00f6rnbusarnas V\u00e6kstpakke er en udstyrspakke, der f\u00f8lger dit barns h\u00f8jde og udvikling. Pakken inkluderer ski (HEAD) &amp; st\u00f8vler. Du v\u00e6lger indgangsl\u00e6ngden og kan s\u00e5 skifte til den rigtige st\u00f8rrelse, n\u00e5r barnet vokser. Byttepakken er ny eller nyserviceret. Skift s\u00e5 ofte du vil, indtil barnet har 140 cm lange ski. Du f\u00e5r beholde den sidste skipakke. Skal du flytte eller p\u00e5 skiferie, er det fint at \u00e6ndre pakken ogs\u00e5 i Kungsberget. Vi anbefaler den lille pakke til b\u00f8rn 80-120 cm og den st\u00f8rre til b\u00f8rn 120-130 cm h\u00f8je. Vi forbeholder os ret til at visse l\u00e6ngder kan v\u00e6re udsolgt. Udskiftning skal ske inden for 24 m\u00e5neder.<\/p>\n<p>Udvekslingsgebyrer:<\/p>\n<p>\u2022 Ski &amp; St\u00f8vler 450 kr<br \/>\n\u2022 Kun ski 350 kr<br \/>\n\u2022 St\u00f8vler kun 200 kr<\/p>\n<p><strong>Service dit skiudstyr<\/strong><br \/>\nDit udstyrs tilstand spiller en stor rolle for din oplevelse p\u00e5 pisterne. Hvis det er l\u00e6nge siden, du har serviceret dine ski, f\u00e5r du helt sikkert en ny oplevelse. Kom ind i skiudlejningen, s\u00e5 hj\u00e6lper vi dig med, hvilken form for service dine ski har brug for!<\/p>\n<p><strong>Egne st\u00f8vler<\/strong><br \/>\nHvis du bestiller ski, men har dine egne st\u00f8vler, s\u00e5 husk at du skal f\u00e5 tilpasset skiene korrekt, da alle st\u00f8vler har forskellige yderm\u00e5l. Vores skiudlejning vil med gl\u00e6de hj\u00e6lpe dig.<\/p>\n<p><strong>Sikkerhedspakke<\/strong><br \/>\nTilf\u00f8j en sikkerhedspakke til dit reserverede udstyr. Sikkerhedspakken sikrer dig mod un\u00f8dvendige udgifter i tilf\u00e6lde af, at lejet udstyr bliver stj\u00e5let, eller hvis uheldet er ude. Den d\u00e6kker dog ikke skader p\u00e5 udstyr ved tydelige tegn p\u00e5 sk\u00f8desl\u00f8s omgang, s\u00e5som: ridser opst\u00e5et ved k\u00f8rsel uden for en afm\u00e6rket bakke eller p\u00e5 en parkeringsplads. Selvrisikoen ved tyveri, st\u00e5lkantsbrud eller en kn\u00e6kket ski er 300 SEK.<\/p>\n<p><strong>Bjerg eller dal?<\/strong><br \/>\nVi har skiudlejning oppe p\u00e5 Bran\u00e4sberget og en nede i Bran\u00e4sdalen. S\u00f8rg for at booke dit udstyr hos den rigtige skiudlejning.<\/p>\n<p><img decoding=\"async\" src=\"https:\/\/static.booking.branasgruppen.se\/pwa\/byn-berget.jpg\" \/><\/p>\n<p>&nbsp;<\/p>\n<h4>TILG\u00c6NGELIGHEDSRAPPORT<\/h4>\n<p>Bran\u00e4sgruppen AB st\u00e5r bag denne hjemmeside. Vi \u00f8nsker, at s\u00e5 mange som muligt skal kunne bruge den. Vores &quot;Tilg\u00e6ngelighedserkl\u00e6ring&quot; beskriver, hvordan hjemmesiden overholder loven om tilg\u00e6ngelighed til digitale offentlige tjenester, eventuelle kendte tilg\u00e6ngelighedsproblemer, og hvordan du kan rapportere mangler til os, s\u00e5 vi kan udbedre dem. <a href=\"https:\/\/www.branas.se\/da\/tillganglighetsredogorelse\/\">L\u00e6s vores tilg\u00e6ngelighedserkl\u00e6ring her<\/a><\/p>","protected":false},"excerpt":{"rendered":"<p>SKIUDSTYR Lej udstyr I Bran\u00e4s kan du hurtigt og nemt booke alt udstyr via online booking p\u00e5 hjemmesiden eller direkte p\u00e5 din mobiltelefon. Hvis du booker for mindst to dage, leverer vi ogs\u00e5 skiene gratis til din indkvartering. Hvis du skal hente dit udstyr fra skiudlejningen, beder vi dig om ikke at komme, f\u00f8r du har [\u2026]<\/p>","protected":false},"author":2,"featured_media":0,"parent":0,"menu_order":0,"comment_status":"closed","ping_status":"closed","template":"","meta":{"_acf_changed":false,"footnotes":""},"class_list":["post-5756","page","type-page","status-publish","hentry"],"acf":[],"_links":{"self":[{"href":"https:\/\/www.branas.se\/da\/wp-json\/wp\/v2\/pages\/5756"}],"collection":[{"href":"https:\/\/www.branas.se\/da\/wp-json\/wp\/v2\/pages"}],"about":[{"href":"https:\/\/www.branas.se\/da\/wp-json\/wp\/v2\/types\/page"}],"author":[{"embeddable":true,"href":"https:\/\/www.branas.se\/da\/wp-json\/wp\/v2\/users\/2"}],"replies":[{"embeddable":true,"href":"https:\/\/www.branas.se\/da\/wp-json\/wp\/v2\/comments?post=5756"}],"version-history":[{"count":21,"href":"https:\/\/www.branas.se\/da\/wp-json\/wp\/v2\/pages\/5756\/revisions"}],"predecessor-version":[{"id":14276,"href":"https:\/\/www.branas.se\/da\/wp-json\/wp\/v2\/pages\/5756\/revisions\/14276"}],"wp:attachment":[{"href":"https:\/\/www.branas.se\/da\/wp-json\/wp\/v2\/media?parent=5756"}],"curies":[{"name":"wp","href":"https:\/\/api.w.org\/{rel}","templated":true}]}}