{"id":579,"date":"2018-10-30T20:34:40","date_gmt":"2018-10-30T20:34:40","guid":{"rendered":"https:\/\/www.branas.se\/?page_id=579"},"modified":"2026-03-19T13:05:20","modified_gmt":"2026-03-19T12:05:20","slug":"om-branasgruppen","status":"publish","type":"page","link":"https:\/\/www.branas.se\/da\/om-branasgruppen\/","title":{"rendered":"Om Bran\u00e4s"},"content":{"rendered":"<div class=\"ingress\">I begyndelsen af 1960&#039;erne blev ideen om en skibakke i Bran\u00e4s rejst. Den dav\u00e6rende Finnskoga-Dalby kommune fik et l\u00f8fte fra statsminister Tage Erlander om en million kroner i st\u00f8tte. Det forudsatte, at en eller anden initiativrig person ville tage sig af projektet. P\u00e5 det tidspunkt var der dog ingen, der var villige til at st\u00e5 for anl\u00e6ggelsen af en skibakke i Bran\u00e4s.<\/div>\n<div><\/div>\n<div>\n<p>Det var f\u00f8rst i midten af 1980&#039;erne, at projektet fik et ordentligt skub fremad. LO-V\u00e4rmland p\u00e5tog sig Bran\u00e4s-projektet, og sammen med HSB V\u00e4rmland og Landstinget i V\u00e4rmland lykkedes finansieringen. I juli 1987 blev det annonceret, at Bran\u00e4s-projektet ville modtage statsst\u00f8tte. I 1988 blev skovlen sat i jorden og indvielsen af anl\u00e6gget blev foretaget af kong Carl XVI Gustaf i december samme \u00e5r.<\/p>\n<p>De f\u00f8rste \u00e5r blev der investeret cirka 500 millioner kroner, hvorefter det blev sv\u00e6rere, fordi omkostningerne trak ud og konkursen var t\u00e6t p\u00e5. I 1992 blev der lavet en aftale med kreditorerne, og g\u00e6lden blev nedskrevet med 75 %. HSB Sverige overtog anl\u00e6gget og drev det frem til 1999. Derefter overtog de nuv\u00e6rende ejere Bran\u00e4s Fritidscenter AB og siden 2004 tilh\u00f8rer Kungsbergets skianl\u00e6g ogs\u00e5 Bran\u00e4s-koncernen.<\/p>\n<\/div>\n<p>Bran\u00e4s er en tretten-dobbelt vinder af Great Children&#039;s Holiday Award, og i 2021 blev vi k\u00e5ret til \u00c5rets Skisportssted af SLAO. En pris, som du kan l\u00e6se mere om <a href=\"https:\/\/www.slao.se\/om-slao\/tidigare-vinnare\/vinnare-av-2021-ars-slao-priser\/\">her<\/a>.<\/p>\n<div>\n<h2 style=\"text-align: left;\">Seje fakta om Bran\u00e4s<\/h2>\n<ul style=\"text-align: center;\">\n<li style=\"text-align: left;\">34 pister og 33 lifter, inklusive en gondollift og 3 ekspreslifter.<\/li>\n<li style=\"text-align: left;\">L\u00e6ngste l\u00f8b 3.500 meter.<\/li>\n<li style=\"text-align: left;\">12.000 sengepladser t\u00e6t p\u00e5 pisterne.<\/li>\n<li style=\"text-align: left;\">To parker samt Big Air Bag, Funslope, Skicross.<\/li>\n<li style=\"text-align: left;\">2 b\u00f8rneomr\u00e5der, Bj\u00f6rnbuseland.<\/li>\n<li style=\"text-align: left;\">Nintendo Land.<\/li>\n<li style=\"text-align: left;\">Skiskole for alle aldre.<\/li>\n<li style=\"text-align: left;\">Aftenskil\u00f8b til kl. 19.00 hver dag.<\/li>\n<li style=\"text-align: left;\">29 km langrendsl\u00f8jpe p\u00e5 natursne og en kortere sl\u00f8jfe p\u00e5 kanonsne.<\/li>\n<li style=\"text-align: left;\">Faldh\u00f8jde p\u00e5 415 meter.<\/li>\n<\/ul>\n<\/div>","protected":false},"excerpt":{"rendered":"<p>I begyndelsen af 1960&#039;erne blev ideerne udl\u00f8st p\u00e5 en skibakke i Bran\u00e4s. Den dav\u00e6rende Finnskoga-Dalby kommune modtog et l\u00f8fte fra statsminister Tage Erlander om en million kroner i st\u00f8tte. Dette foruds\u00e6tter, at en eller anden initiativrig person vil tage sig af projektet. P\u00e5 det tidspunkt var der dog ingen, der var villige til at v\u00e6re ansvarlige for anl\u00e6ggelsen af en skibakke i Bran\u00e4s. [\u2026]<\/p>","protected":false},"author":2,"featured_media":0,"parent":0,"menu_order":0,"comment_status":"closed","ping_status":"closed","template":"","meta":{"_acf_changed":false,"footnotes":""},"class_list":["post-579","page","type-page","status-publish","hentry"],"acf":[],"_links":{"self":[{"href":"https:\/\/www.branas.se\/da\/wp-json\/wp\/v2\/pages\/579"}],"collection":[{"href":"https:\/\/www.branas.se\/da\/wp-json\/wp\/v2\/pages"}],"about":[{"href":"https:\/\/www.branas.se\/da\/wp-json\/wp\/v2\/types\/page"}],"author":[{"embeddable":true,"href":"https:\/\/www.branas.se\/da\/wp-json\/wp\/v2\/users\/2"}],"replies":[{"embeddable":true,"href":"https:\/\/www.branas.se\/da\/wp-json\/wp\/v2\/comments?post=579"}],"version-history":[{"count":42,"href":"https:\/\/www.branas.se\/da\/wp-json\/wp\/v2\/pages\/579\/revisions"}],"predecessor-version":[{"id":14813,"href":"https:\/\/www.branas.se\/da\/wp-json\/wp\/v2\/pages\/579\/revisions\/14813"}],"wp:attachment":[{"href":"https:\/\/www.branas.se\/da\/wp-json\/wp\/v2\/media?parent=579"}],"curies":[{"name":"wp","href":"https:\/\/api.w.org\/{rel}","templated":true}]}}