{"id":646,"date":"2018-10-31T13:19:47","date_gmt":"2018-10-31T13:19:47","guid":{"rendered":"https:\/\/www.branas.se\/?page_id=646"},"modified":"2025-11-18T15:08:16","modified_gmt":"2025-11-18T14:08:16","slug":"hitta-hit","status":"publish","type":"page","link":"https:\/\/www.branas.se\/da\/om-branasgruppen\/hitta-hit\/","title":{"rendered":"Find her"},"content":{"rendered":"<p style=\"text-align: center;\"><a class=\"btn btn--c--brand\" href=\"https:\/\/www.google.com\/maps\/dir\/\/60.6598442,12.9691249\/@60.6583272,12.9642132,16z\/data=!4m2!4m1!3e0?hl=sv-SE\" target=\"_blank\" rel=\"noopener\">FIND BRANASDALEN<\/a><\/p>\n<h3 style=\"text-align: center;\"><a class=\"btn btn--c--brand\" href=\"https:\/\/www.google.com\/maps\/dir\/\/60.6456914,12.943353\/@60.6465399,12.9451775,15.75z\/data=!4m2!4m1!3e0?hl=sv-SE\" target=\"_blank\" rel=\"noopener\">finde Bran\u00e4s bjerg<\/a><\/h3>\n<h3><span style=\"font-size: 18.72px;\">FRA G\u00d8TEBORG<\/span><\/h3>\n<p>F\u00f8lg E45 mod vej 62 i V\u00e4rmlands l\u00e4n. F\u00f8lg vej 62 mod Gondolv\u00e4gen.<\/p>\n<h3>FRA STOCKHOLM<\/h3>\n<p>V\u00e6lg E18 eller E20 mod \u00d6rebro alt efter hvor du bor. Forts\u00e6t E18 til V\u00e4se, hvor du drejer af mod vej 240.<br \/>\nAlternativt forts\u00e6tter du gennem Karlstad og v\u00e6lger den lidt mere lige og bredere rute 62 mod nord.<br \/>\nK\u00f8r mod Gondolv\u00e4gen.<\/p>\n<h3>FRA MORA<\/h3>\n<p>K\u00f8r mod vej 26\/E45.<br \/>\nF\u00f8lg E45 mod vej 62 i V\u00e4rmlands l\u00e4n.<br \/>\nF\u00f8lg vej 62 mod Gondolv\u00e4gen.<\/p>\n<h3>FRA OSLO<\/h3>\n<p>K\u00f8r fra E16, Rv2, Rv205, Rv202 og Bograngenv\u00e4gen til V\u00e4rmland County, Sverige.<br \/>\nK\u00f8r mod Gondolv\u00e4gen.<\/p>\n<h3><span style=\"font-size: 18.72px;\">TIL DIG MED EN ELBIL<\/span><\/h3>\n<p>Ankommet med elbilen? Vi har ogs\u00e5 parkering til dig!<\/p>","protected":false},"excerpt":{"rendered":"<p>FIND BRAN\u00c4SDALEN find Bran\u00e4s bjerg FRA G\u00d8TEBORG F\u00f8lg E45 mod vej 62 i V\u00e4rmlands l\u00e4n. F\u00f8lg vej 62 mod Gondolv\u00e4gen. FRA STOCKHOLM V\u00e6lg E18 eller E20 mod \u00d6rebro afh\u00e6ngigt af hvor du bor. Forts\u00e6t E18 til V\u00e4se, hvor du drejer af p\u00e5 vej 240. Alternativt kan du forts\u00e6tte gennem Karlstad og v\u00e6lge den let [\u2026]<\/p>","protected":false},"author":2,"featured_media":0,"parent":579,"menu_order":0,"comment_status":"closed","ping_status":"closed","template":"","meta":{"_acf_changed":false,"footnotes":""},"class_list":["post-646","page","type-page","status-publish","hentry"],"acf":[],"_links":{"self":[{"href":"https:\/\/www.branas.se\/da\/wp-json\/wp\/v2\/pages\/646"}],"collection":[{"href":"https:\/\/www.branas.se\/da\/wp-json\/wp\/v2\/pages"}],"about":[{"href":"https:\/\/www.branas.se\/da\/wp-json\/wp\/v2\/types\/page"}],"author":[{"embeddable":true,"href":"https:\/\/www.branas.se\/da\/wp-json\/wp\/v2\/users\/2"}],"replies":[{"embeddable":true,"href":"https:\/\/www.branas.se\/da\/wp-json\/wp\/v2\/comments?post=646"}],"version-history":[{"count":18,"href":"https:\/\/www.branas.se\/da\/wp-json\/wp\/v2\/pages\/646\/revisions"}],"predecessor-version":[{"id":14394,"href":"https:\/\/www.branas.se\/da\/wp-json\/wp\/v2\/pages\/646\/revisions\/14394"}],"up":[{"embeddable":true,"href":"https:\/\/www.branas.se\/da\/wp-json\/wp\/v2\/pages\/579"}],"wp:attachment":[{"href":"https:\/\/www.branas.se\/da\/wp-json\/wp\/v2\/media?parent=646"}],"curies":[{"name":"wp","href":"https:\/\/api.w.org\/{rel}","templated":true}]}}