{"id":6574,"date":"2021-05-17T12:21:06","date_gmt":"2021-05-17T10:21:06","guid":{"rendered":"https:\/\/www.branas.se\/?page_id=6574"},"modified":"2025-06-03T10:28:11","modified_gmt":"2025-06-03T08:28:11","slug":"cykel","status":"publish","type":"page","link":"https:\/\/www.branas.se\/da\/sommar\/cykel\/","title":{"rendered":"Cyklus"},"content":{"rendered":"<div class=\"ingress\" style=\"text-align: left;\">I Bran\u00e4s finder du vidunderligt bl\u00f8de og dejlige flow-stier, der snor sig ned af Bran\u00e4sberget med udsigt over V\u00e4rmlands natur og Klar\u00e4lvens snoede vand. Lej cykler eller medbring din egen, sommeren tilbringes bedst med familie og venner i Bran\u00e4s.<\/div>","protected":false},"excerpt":{"rendered":"<p>I Bran\u00e4s finder du vidunderligt bl\u00f8de og dejlige flow-stier, der snor sig ned af Bran\u00e4sberget med udsigt over V\u00e4rmlands natur og Klar\u00e4lvens snoede vand. Lej cykler eller medbring din egen, sommeren tilbringes bedst med familie og venner i Bran\u00e4s.<\/p>","protected":false},"author":14,"featured_media":0,"parent":7846,"menu_order":0,"comment_status":"closed","ping_status":"closed","template":"","meta":{"_acf_changed":false,"footnotes":""},"class_list":["post-6574","page","type-page","status-publish","hentry"],"acf":[],"_links":{"self":[{"href":"https:\/\/www.branas.se\/da\/wp-json\/wp\/v2\/pages\/6574"}],"collection":[{"href":"https:\/\/www.branas.se\/da\/wp-json\/wp\/v2\/pages"}],"about":[{"href":"https:\/\/www.branas.se\/da\/wp-json\/wp\/v2\/types\/page"}],"author":[{"embeddable":true,"href":"https:\/\/www.branas.se\/da\/wp-json\/wp\/v2\/users\/14"}],"replies":[{"embeddable":true,"href":"https:\/\/www.branas.se\/da\/wp-json\/wp\/v2\/comments?post=6574"}],"version-history":[{"count":99,"href":"https:\/\/www.branas.se\/da\/wp-json\/wp\/v2\/pages\/6574\/revisions"}],"predecessor-version":[{"id":13937,"href":"https:\/\/www.branas.se\/da\/wp-json\/wp\/v2\/pages\/6574\/revisions\/13937"}],"up":[{"embeddable":true,"href":"https:\/\/www.branas.se\/da\/wp-json\/wp\/v2\/pages\/7846"}],"wp:attachment":[{"href":"https:\/\/www.branas.se\/da\/wp-json\/wp\/v2\/media?parent=6574"}],"curies":[{"name":"wp","href":"https:\/\/api.w.org\/{rel}","templated":true}]}}