{"id":704,"date":"2018-11-05T09:34:13","date_gmt":"2018-11-05T09:34:13","guid":{"rendered":"https:\/\/www.branas.se\/?page_id=704"},"modified":"2025-12-17T07:17:29","modified_gmt":"2025-12-17T06:17:29","slug":"take-away","status":"publish","type":"page","link":"https:\/\/www.branas.se\/da\/restauranger\/take-away\/","title":{"rendered":"Take away &amp; levering"},"content":{"rendered":"<div class=\"ingress\">Tag st\u00f8vlerne af, nyd hyggen i sommerhuset og lad os bidrage til stemningen med frisklavet mad.<\/div>\n<p>N\u00e5r man er p\u00e5 ferie i Bran\u00e4s, er skil\u00f8b og samv\u00e6r det vigtigste. Derfor er det dejligt at fork\u00e6le sig selv med noget ekstra og lade en anden tage sig af maden. Hos os kan du nemt bestille pizzalevering fra <a href=\"https:\/\/www.branas.se\/da\/restaurang\/brants\/\">Brants<\/a> og <a href=\"https:\/\/www.branas.se\/da\/restaurang\/loftets-pizzeria\/\">Loftet<\/a>Den perfekte l\u00f8sning, n\u00e5r du bare vil slappe af i dit sommerhus og v\u00e6re social.<\/p>\n<p>&nbsp;<\/p>\n<p><a class=\"btn btn--c--prim\" href=\"https:\/\/order.happyorder.io\/loftetspizzeria\/1343\">Bestil fra Loftet<\/a><\/p>\n<p><a class=\"btn btn--c--prim\" href=\"https:\/\/order.happyorder.io\/brantsrestaurang\/1419\">Bestil hos Brants<\/a><\/p>\n<p>&nbsp;<\/p>","protected":false},"excerpt":{"rendered":"<p>Tag skist\u00f8vlerne af, nyd hyttestemningen, og lad os bidrage til atmosf\u00e6ren med frisklavet mad. N\u00e5r du er p\u00e5 ferie i Bran\u00e4s, er skil\u00f8b og at hygge dig sammen det vigtigste. Derfor er det dejligt at fork\u00e6le dig selv med noget ekstra og lade en anden tage sig af maden. Hos os kan du nemt bestille pizzalevering fra [\u2026]<\/p>","protected":false},"author":2,"featured_media":0,"parent":87,"menu_order":9,"comment_status":"closed","ping_status":"closed","template":"","meta":{"_acf_changed":false,"footnotes":""},"class_list":["post-704","page","type-page","status-publish","hentry"],"acf":[],"_links":{"self":[{"href":"https:\/\/www.branas.se\/da\/wp-json\/wp\/v2\/pages\/704"}],"collection":[{"href":"https:\/\/www.branas.se\/da\/wp-json\/wp\/v2\/pages"}],"about":[{"href":"https:\/\/www.branas.se\/da\/wp-json\/wp\/v2\/types\/page"}],"author":[{"embeddable":true,"href":"https:\/\/www.branas.se\/da\/wp-json\/wp\/v2\/users\/2"}],"replies":[{"embeddable":true,"href":"https:\/\/www.branas.se\/da\/wp-json\/wp\/v2\/comments?post=704"}],"version-history":[{"count":68,"href":"https:\/\/www.branas.se\/da\/wp-json\/wp\/v2\/pages\/704\/revisions"}],"predecessor-version":[{"id":14510,"href":"https:\/\/www.branas.se\/da\/wp-json\/wp\/v2\/pages\/704\/revisions\/14510"}],"up":[{"embeddable":true,"href":"https:\/\/www.branas.se\/da\/wp-json\/wp\/v2\/pages\/87"}],"wp:attachment":[{"href":"https:\/\/www.branas.se\/da\/wp-json\/wp\/v2\/media?parent=704"}],"curies":[{"name":"wp","href":"https:\/\/api.w.org\/{rel}","templated":true}]}}