{"id":7401,"date":"2022-01-14T13:47:26","date_gmt":"2022-01-14T12:47:26","guid":{"rendered":"https:\/\/www.branas.se\/?page_id=7401"},"modified":"2023-08-16T16:20:50","modified_gmt":"2023-08-16T14:20:50","slug":"hyr-ut-boende","status":"publish","type":"page","link":"https:\/\/www.branas.se\/da\/hyr-ut-boende\/","title":{"rendered":"Lej bolig"},"content":{"rendered":"<div class=\"ingress\">\n<p style=\"text-align: left;\">Ejer du en ejendom i Bran\u00e4s og har brug for hj\u00e6lp til udlejning? V\u00e6lg Bran\u00e4s som mellemmand, og du vil n\u00e5 en million bes\u00f8gende p\u00e5 vores hjemmeside hvert \u00e5r - en sikker og fleksibel vej til en ekstra indt\u00e6gt i uger, hvor dit sommerhus st\u00e5r tomt.<\/p>\n<\/div>\n<p>Uanset om du ejer sommerhus eller lejlighed, f\u00e5r du al den hj\u00e6lp, du skal bruge for at opn\u00e5 en vellykket og smidig udlejning. Vi tager os af hele processen, alt fra g\u00e6stekontakt og de praktiske aspekter af udlejningen - s\u00e5som fakturering, priss\u00e6tning, information om boligen og n\u00f8gleudlevering - til markedsf\u00f8ring af boligen. Du kan slappe af og lade os g\u00f8re arbejdet.<\/p>\n<p>&nbsp;<\/p>\n<h1 style=\"text-align: left;\">Hvorfor leje ud via Bran\u00e4s?<\/h1>","protected":false},"excerpt":{"rendered":"<p>Ejer du en ejendom i Bran\u00e4s og har brug for hj\u00e6lp til udlejning? V\u00e6lg Bran\u00e4s som din formidler, og du vil n\u00e5 en million bes\u00f8gende p\u00e5 vores hjemmeside hvert \u00e5r - en sikker og problemfri m\u00e5de at f\u00e5 ekstra indt\u00e6gter p\u00e5 i uger, hvor dit sommerhus st\u00e5r tomt. Uanset om du ejer et sommerhus eller en lejlighed, f\u00e5r du [\u2026]<\/p>","protected":false},"author":14,"featured_media":0,"parent":0,"menu_order":0,"comment_status":"closed","ping_status":"closed","template":"","meta":{"_acf_changed":false,"footnotes":""},"class_list":["post-7401","page","type-page","status-publish","hentry"],"acf":[],"_links":{"self":[{"href":"https:\/\/www.branas.se\/da\/wp-json\/wp\/v2\/pages\/7401"}],"collection":[{"href":"https:\/\/www.branas.se\/da\/wp-json\/wp\/v2\/pages"}],"about":[{"href":"https:\/\/www.branas.se\/da\/wp-json\/wp\/v2\/types\/page"}],"author":[{"embeddable":true,"href":"https:\/\/www.branas.se\/da\/wp-json\/wp\/v2\/users\/14"}],"replies":[{"embeddable":true,"href":"https:\/\/www.branas.se\/da\/wp-json\/wp\/v2\/comments?post=7401"}],"version-history":[{"count":72,"href":"https:\/\/www.branas.se\/da\/wp-json\/wp\/v2\/pages\/7401\/revisions"}],"predecessor-version":[{"id":10170,"href":"https:\/\/www.branas.se\/da\/wp-json\/wp\/v2\/pages\/7401\/revisions\/10170"}],"wp:attachment":[{"href":"https:\/\/www.branas.se\/da\/wp-json\/wp\/v2\/media?parent=7401"}],"curies":[{"name":"wp","href":"https:\/\/api.w.org\/{rel}","templated":true}]}}