{"id":7437,"date":"2022-02-25T15:19:51","date_gmt":"2022-02-25T14:19:51","guid":{"rendered":"https:\/\/www.branas.se\/?page_id=7437"},"modified":"2025-11-20T10:54:17","modified_gmt":"2025-11-20T09:54:17","slug":"stugagare","status":"publish","type":"page","link":"https:\/\/www.branas.se\/da\/stugagare\/","title":{"rendered":"K\u00f8b bolig"},"content":{"rendered":"<div class=\"ingress\">\n<p style=\"text-align: left;\">Roen i den stille og smukke natur sammen med den fart og eventyr, der venter dig p\u00e5 skibakken. Kombinationen af aktivitet og afslapning tiltr\u00e6kker i \u00f8jeblikket mange til at k\u00f8be sommerhus p\u00e5 et skisportssted. I Bran\u00e4s er der masser af sommerhuse og lejligheder til salg - alt fra igangv\u00e6rende projekter til helt f\u00e6rdige boliger klar til indflytning i dag. Grib chancen og realiser dr\u00f8mmen om et sommerhus for hele familien.<\/p>\n<\/div>\n<p style=\"text-align: center;\"><a class=\"btn btn--action\" href=\"https:\/\/www.branas.se\/da\/stugagare\/bli-stugagare\/\">K\u00f8b ny produktion<\/a><\/p>\n<p style=\"text-align: center;\"><a class=\"btn btn--action\" href=\"https:\/\/www.hemnet.se\/bostader?location_ids%5B%5D=903268\" target=\"_blank\" rel=\"noopener\">Se alle overnatningssteder i Bran\u00e4s p\u00e5 Hemnet<\/a><\/p>\n<p style=\"text-align: left;\">Vi er sikkert mange, der p\u00e5 et tidspunkt har f\u00f8lt trangen til et tilflugtssted \u2013 en l\u00e6ngsel efter en pause fra hverdagen. Med overnatning i Bran\u00e4s, et af Sveriges mest popul\u00e6re skisportssteder, f\u00e5r du netop det og meget mere. Her kan du bo i umiddelbar n\u00e6rhed af pister, aktiviteter og restauranter, der tiltr\u00e6kker familier fra hele landet. Det er ikke tilf\u00e6ldigt, at Bran\u00e4s, af g\u00e6sterne selv, er blevet k\u00e5ret som Sveriges bedste skisportssted for familier med b\u00f8rn 13 gange.<\/p>","protected":false},"excerpt":{"rendered":"<p>Roen i den stille og smukke natur kombineret med den fart og det eventyr, der venter dig p\u00e5 skibakken. Kombinationen af aktivitet og afslapning tiltr\u00e6kker i \u00f8jeblikket mange mennesker til at k\u00f8be et feriehus p\u00e5 et skisportssted. I Bran\u00e4s er der masser af sommerhuse og lejligheder til salg \u2013 alt fra igangv\u00e6rende projekter til helt f\u00e6rdige huse, der er klar til brug [\u2026]<\/p>","protected":false},"author":14,"featured_media":0,"parent":0,"menu_order":0,"comment_status":"closed","ping_status":"closed","template":"","meta":{"_acf_changed":false,"footnotes":""},"class_list":["post-7437","page","type-page","status-publish","hentry"],"acf":[],"_links":{"self":[{"href":"https:\/\/www.branas.se\/da\/wp-json\/wp\/v2\/pages\/7437"}],"collection":[{"href":"https:\/\/www.branas.se\/da\/wp-json\/wp\/v2\/pages"}],"about":[{"href":"https:\/\/www.branas.se\/da\/wp-json\/wp\/v2\/types\/page"}],"author":[{"embeddable":true,"href":"https:\/\/www.branas.se\/da\/wp-json\/wp\/v2\/users\/14"}],"replies":[{"embeddable":true,"href":"https:\/\/www.branas.se\/da\/wp-json\/wp\/v2\/comments?post=7437"}],"version-history":[{"count":37,"href":"https:\/\/www.branas.se\/da\/wp-json\/wp\/v2\/pages\/7437\/revisions"}],"predecessor-version":[{"id":14399,"href":"https:\/\/www.branas.se\/da\/wp-json\/wp\/v2\/pages\/7437\/revisions\/14399"}],"wp:attachment":[{"href":"https:\/\/www.branas.se\/da\/wp-json\/wp\/v2\/media?parent=7437"}],"curies":[{"name":"wp","href":"https:\/\/api.w.org\/{rel}","templated":true}]}}