{"id":7454,"date":"2022-02-25T15:23:29","date_gmt":"2022-02-25T14:23:29","guid":{"rendered":"https:\/\/www.branas.se\/?page_id=7454"},"modified":"2026-04-02T11:34:37","modified_gmt":"2026-04-02T09:34:37","slug":"bli-stugagare","status":"publish","type":"page","link":"https:\/\/www.branas.se\/da\/stugagare\/bli-stugagare\/","title":{"rendered":"Ejendomme til salg"},"content":{"rendered":"<div class=\"ingress\" style=\"text-align: left;\">Hyggelige sommerhuse med en magisk udsigt, moderne lejligheder lige p\u00e5 bakken eller dr\u00f8mmegrunden, hvor et helt nyt sommerhus snart st\u00e5r klar til indflytning. Der er mange valgmuligheder i Bran\u00e4s og nedenfor finder du alle kommende nyproducerede ejendomme, der er til salg lige nu. Klik p\u00e5 den bolig du er interesseret i for at l\u00e6se mere. Du kan ogs\u00e5 klikke p\u00e5 Hemnet for at se flere ejendomme til salg.<\/div>\n<p style=\"text-align: center;\"><a class=\"btn btn--action\" href=\"https:\/\/www.hemnet.se\/bostader?location_ids%5B%5D=903268\" target=\"_blank\" rel=\"noopener\">Se alle overnatningssteder i Bran\u00e4s p\u00e5 Hemnet<\/a><\/p>\n<p style=\"text-align: left;\">Er du interesseret i en bolig i Bran\u00e4s, men \u00f8nsker du mere information om, hvad et k\u00f8b g\u00e5r ud p\u00e5? <a href=\"https:\/\/www.branas.se\/da\/stugagare\/\">Klik her<\/a> at udforske alle de fantastiske ting, en ferieudlejning p\u00e5 et skisportssted kan bringe \u2013 fra en ekstra indkomst til en familieferie.<\/p>\n<h1><\/h1>\n<h1 style=\"text-align: left;\">Kommende overnatning i Bran\u00e4s - ny produktion<\/h1>","protected":false},"excerpt":{"rendered":"<p>Hyggelige sommerhuse med magisk udsigt, moderne lejligheder lige p\u00e5 skr\u00e5ningen eller dr\u00f8mmegrunden hvor et helt nyt feriehus snart st\u00e5r klar til indflytning. Der er mange valgmuligheder i Bran\u00e4s, og nedenfor finder du alle kommende nybyggede ejendomme, der lige nu er til salg. Klik p\u00e5 den indkvartering, du er interesseret i, for at l\u00e6se mere. Du [\u2026]<\/p>","protected":false},"author":14,"featured_media":0,"parent":7437,"menu_order":0,"comment_status":"closed","ping_status":"closed","template":"","meta":{"_acf_changed":false,"footnotes":""},"class_list":["post-7454","page","type-page","status-publish","hentry"],"acf":[],"_links":{"self":[{"href":"https:\/\/www.branas.se\/da\/wp-json\/wp\/v2\/pages\/7454"}],"collection":[{"href":"https:\/\/www.branas.se\/da\/wp-json\/wp\/v2\/pages"}],"about":[{"href":"https:\/\/www.branas.se\/da\/wp-json\/wp\/v2\/types\/page"}],"author":[{"embeddable":true,"href":"https:\/\/www.branas.se\/da\/wp-json\/wp\/v2\/users\/14"}],"replies":[{"embeddable":true,"href":"https:\/\/www.branas.se\/da\/wp-json\/wp\/v2\/comments?post=7454"}],"version-history":[{"count":74,"href":"https:\/\/www.branas.se\/da\/wp-json\/wp\/v2\/pages\/7454\/revisions"}],"predecessor-version":[{"id":14860,"href":"https:\/\/www.branas.se\/da\/wp-json\/wp\/v2\/pages\/7454\/revisions\/14860"}],"up":[{"embeddable":true,"href":"https:\/\/www.branas.se\/da\/wp-json\/wp\/v2\/pages\/7437"}],"wp:attachment":[{"href":"https:\/\/www.branas.se\/da\/wp-json\/wp\/v2\/media?parent=7454"}],"curies":[{"name":"wp","href":"https:\/\/api.w.org\/{rel}","templated":true}]}}