{"id":7468,"date":"2022-02-25T15:23:03","date_gmt":"2022-02-25T14:23:03","guid":{"rendered":"https:\/\/www.branas.se\/?page_id=7468"},"modified":"2022-08-22T16:51:34","modified_gmt":"2022-08-22T14:51:34","slug":"kan-vi-hyra-ut-ditt-boende","status":"publish","type":"page","link":"https:\/\/www.branas.se\/da\/hyr-ut-boende\/kan-vi-hyra-ut-ditt-boende\/","title":{"rendered":"Kan vi leje din bolig ud?"},"content":{"rendered":"<div class=\"ingress\">\n<p style=\"text-align: left;\">I Bran\u00e4s udlejer vi b\u00e5de sommerhuse og lejligheder, store som sm\u00e5, og du kan til enhver tid i l\u00f8bet af \u00e5ret kontakte os med en interessetilkendegivelse for at udleje dit sommerhus. For at vi kan udleje din bolig, kr\u00e6ves det dog, at den lever op til vores basale krav \u2013 for at forbedre g\u00e6stens ophold og p\u00e5 sigt resultatet af din udlejning. Her har vi listet nogle af de kriterier, som din bolig skal opfylde, for at vi kan leje den ud.<\/p>\n<\/div>\n<h2>K\u00f8kken og stue<\/h2>\n<p>K\u00f8kken og stue skal have samme antal siddepladser som antallet af senge i boligen, og vi anbefaler, at husholdningsredskaber, s\u00e5som service, bestik, glas og pander, bestilles hos vores leverand\u00f8r. P\u00e5 den m\u00e5de kan vi nemt udskifte det, hvis noget g\u00e5r i stykker. Der skal v\u00e6re et tv med et grundl\u00e6ggende udvalg af kanaler, ikke kun streamingtjenester.<\/p>\n<h2>Badev\u00e6relse<\/h2>\n<p>Den skal v\u00e6re udstyret med bad og toilet, gerne tilpasset hvor mange senge der er. For g\u00e6stens komfort er det vigtigt, at der er 2 toiletter og 1 bruser til 8-10 senge. Ved 10-12 senge skal der v\u00e6re mindst 2 toiletter og 2 brusere.<\/p>\n<h2>Sovev\u00e6relse<\/h2>\n<p>Her skal der v\u00e6re senge af god kvalitet, med b\u00e5de madrasbeskyttere og sengebelysning. Hver seng skal v\u00e6re mindst 75 cm bred, det vil sige en dobbeltseng skal v\u00e6re mindst 150 cm, og dyner og puder skal v\u00e6re af hotelkvalitet, der kan t\u00e5le mange vaske (sengetekstiler m\u00e5 ikke indeholde \u00e6gte dun). Da mange b\u00f8rnefamilier bes\u00f8ger os, skal der v\u00e6re barneseng, h\u00f8j stol og l\u00e5ge foran trappen.<\/p>\n<h2>Opbevaring<\/h2>\n<p>Der skal v\u00e6re opbevaringsfaciliteter (garderobe\/kommode) baseret p\u00e5 antal senge og adgang til afl\u00e5seligt skirum.<\/p>","protected":false},"excerpt":{"rendered":"<p>I Bran\u00e4s udlejer vi b\u00e5de sommerhuse og lejligheder, store som sm\u00e5, og du kan kontakte os n\u00e5r som helst p\u00e5 \u00e5ret med en foresp\u00f8rgsel om information om udlejning af din feriebolig. For at vi kan udleje din bolig, skal den dog opfylde vores grundl\u00e6ggende krav \u2013 for at forbedre [...]<\/p>","protected":false},"author":14,"featured_media":0,"parent":7401,"menu_order":0,"comment_status":"closed","ping_status":"closed","template":"","meta":{"_acf_changed":false,"footnotes":""},"class_list":["post-7468","page","type-page","status-publish","hentry"],"acf":[],"_links":{"self":[{"href":"https:\/\/www.branas.se\/da\/wp-json\/wp\/v2\/pages\/7468"}],"collection":[{"href":"https:\/\/www.branas.se\/da\/wp-json\/wp\/v2\/pages"}],"about":[{"href":"https:\/\/www.branas.se\/da\/wp-json\/wp\/v2\/types\/page"}],"author":[{"embeddable":true,"href":"https:\/\/www.branas.se\/da\/wp-json\/wp\/v2\/users\/14"}],"replies":[{"embeddable":true,"href":"https:\/\/www.branas.se\/da\/wp-json\/wp\/v2\/comments?post=7468"}],"version-history":[{"count":20,"href":"https:\/\/www.branas.se\/da\/wp-json\/wp\/v2\/pages\/7468\/revisions"}],"predecessor-version":[{"id":8342,"href":"https:\/\/www.branas.se\/da\/wp-json\/wp\/v2\/pages\/7468\/revisions\/8342"}],"up":[{"embeddable":true,"href":"https:\/\/www.branas.se\/da\/wp-json\/wp\/v2\/pages\/7401"}],"wp:attachment":[{"href":"https:\/\/www.branas.se\/da\/wp-json\/wp\/v2\/media?parent=7468"}],"curies":[{"name":"wp","href":"https:\/\/api.w.org\/{rel}","templated":true}]}}