{"id":7495,"date":"2022-02-25T15:20:25","date_gmt":"2022-02-25T14:20:25","guid":{"rendered":"https:\/\/www.branas.se\/?page_id=7495"},"modified":"2022-08-22T16:50:58","modified_gmt":"2022-08-22T14:50:58","slug":"hur-gar-uthyrningen-till","status":"publish","type":"page","link":"https:\/\/www.branas.se\/da\/hyr-ut-boende\/hur-gar-uthyrningen-till\/","title":{"rendered":"Hvordan fungerer udlejningen?"},"content":{"rendered":"<div class=\"ingress\">\n<p style=\"text-align: left;\">At leje ud via Bran\u00e4s er b\u00e5de sikkert og nemt. N\u00e5r du har besluttet dig og kontaktet os, er bolden allerede i gang, og der g\u00e5r ikke lang tid, f\u00f8r din ejendom er ude til udlejning. Nedenfor har vi beskrevet begivenhedsforl\u00f8bet i tre enkle trin, fra du kontakter os, til g\u00e6sten kan booke din bolig.<\/p>\n<\/div>","protected":false},"excerpt":{"rendered":"<p>Det er b\u00e5de sikkert og nemt at leje ud gennem Bran\u00e4s. N\u00e5r du har besluttet dig og kontaktet os, er bolden allerede i gang, og det varer ikke l\u00e6nge, f\u00f8r din bolig er tilg\u00e6ngelig til leje. Nedenfor har vi beskrevet h\u00e6ndelsesforl\u00f8bet i tre enkle trin, fra det \u00f8jeblik du kontakter os til [\u2026]<\/p>","protected":false},"author":14,"featured_media":0,"parent":7401,"menu_order":0,"comment_status":"closed","ping_status":"closed","template":"","meta":{"_acf_changed":false,"footnotes":""},"class_list":["post-7495","page","type-page","status-publish","hentry"],"acf":[],"_links":{"self":[{"href":"https:\/\/www.branas.se\/da\/wp-json\/wp\/v2\/pages\/7495"}],"collection":[{"href":"https:\/\/www.branas.se\/da\/wp-json\/wp\/v2\/pages"}],"about":[{"href":"https:\/\/www.branas.se\/da\/wp-json\/wp\/v2\/types\/page"}],"author":[{"embeddable":true,"href":"https:\/\/www.branas.se\/da\/wp-json\/wp\/v2\/users\/14"}],"replies":[{"embeddable":true,"href":"https:\/\/www.branas.se\/da\/wp-json\/wp\/v2\/comments?post=7495"}],"version-history":[{"count":13,"href":"https:\/\/www.branas.se\/da\/wp-json\/wp\/v2\/pages\/7495\/revisions"}],"predecessor-version":[{"id":8341,"href":"https:\/\/www.branas.se\/da\/wp-json\/wp\/v2\/pages\/7495\/revisions\/8341"}],"up":[{"embeddable":true,"href":"https:\/\/www.branas.se\/da\/wp-json\/wp\/v2\/pages\/7401"}],"wp:attachment":[{"href":"https:\/\/www.branas.se\/da\/wp-json\/wp\/v2\/media?parent=7495"}],"curies":[{"name":"wp","href":"https:\/\/api.w.org\/{rel}","templated":true}]}}