{"id":7978,"date":"2022-04-11T10:47:00","date_gmt":"2022-04-11T08:47:00","guid":{"rendered":"https:\/\/www.branas.se\/?page_id=7978"},"modified":"2026-03-20T11:02:23","modified_gmt":"2026-03-20T10:02:23","slug":"infor-resan","status":"publish","type":"page","link":"https:\/\/www.branas.se\/da\/infor-resan\/","title":{"rendered":"f\u00f8r turen"},"content":{"rendered":"<div class=\"ingress\">Udover at forudbestille liftkort og skileje sammen med overnatningen, er pakning til skiferien en vigtig del, her finder du information om hvad der er i boligen og en pakkeliste der giver dig de bedste foruds\u00e6tninger for en hyggelig begynde p\u00e5 ferien.<\/div>\n<h2>Hvad er der i indkvarteringen?<\/h2>\n<p>Som standard er der en opvaskeb\u00f8rste, h\u00e5ndopvaskemiddel, maskinopvaskemiddel, engangsklude, affaldsposer og en toiletrulle.<\/p>\n<p>Der er ogs\u00e5 reng\u00f8ringsmidler s\u00e5som st\u00f8vsugere, mopper og reng\u00f8ringsmidler.<\/p>\n<p>Der er k\u00f8kkenudstyr tilpasset antallet af faste g\u00e6ster i indkvarteringen. Indkvarteringen indeholder en kaffemaskine, \u00c9N barneseng og \u00c9N h\u00f8jstol.<\/p>\n<h2>Hvad skal jeg tage med?<\/h2>\n<p>Det, der ikke er inkluderet i indkvarteringen if\u00f8lge vores standard, er for eksempel et vaffeljern og en h\u00e5rt\u00f8rrer (h\u00e5rt\u00f8rrere findes i Ski Lodge, Mountain Lodge, B\u00e4vertorget, Soltorget og Byhusen). P\u00e5 din bookingbekr\u00e6ftelse kan du se information om, hvorvidt lagner, h\u00e5ndkl\u00e6der eller reng\u00f8ring er inkluderet.<\/p>\n<p>Se vores tips til pakkelister via linket nedenfor.<\/p>\n<p>&nbsp;<\/p>\n<p style=\"text-align: center;\"><a class=\"btn btn--c--brand\" href=\"https:\/\/cdn.branasgruppen.se\/branas\/app\/uploads\/2026\/03\/03113043\/BF_packlista.pdf\">Pakkeliste til skiferien (PDF)<\/a><\/p>\n<p style=\"text-align: center;\"><a class=\"btn btn--c--brand\" href=\"https:\/\/cdn.branasgruppen.se\/branas\/app\/uploads\/2026\/03\/03113047\/BF_packlista_ENG.pdf\">Tjekliste \u2013 ting du skal medbringe (PDF)<\/a><\/p>","protected":false},"excerpt":{"rendered":"<p>F\u00f6rutom att f\u00f6rboka liftkort och skidhyra tillsammans med boendet \u00e4r packningen p\u00e5 skidsemestern en viktig del, h\u00e4r hittar du information om vad som finns i boenden och en packlista som ger er b\u00e4sta f\u00f6ruts\u00e4ttningarna f\u00f6r en trevlig semesterstart. Vad finns i boendet? Som standard finns diskborste, handdiskmedel, maskindiskmedel, eng\u00e5ngstrasor, avfallsp\u00e5sar samt en toalettrulle. Det finns [&hellip;]<\/p>","protected":false},"author":14,"featured_media":0,"parent":0,"menu_order":0,"comment_status":"closed","ping_status":"closed","template":"","meta":{"_acf_changed":false,"footnotes":""},"class_list":["post-7978","page","type-page","status-publish","hentry"],"acf":[],"_links":{"self":[{"href":"https:\/\/www.branas.se\/da\/wp-json\/wp\/v2\/pages\/7978"}],"collection":[{"href":"https:\/\/www.branas.se\/da\/wp-json\/wp\/v2\/pages"}],"about":[{"href":"https:\/\/www.branas.se\/da\/wp-json\/wp\/v2\/types\/page"}],"author":[{"embeddable":true,"href":"https:\/\/www.branas.se\/da\/wp-json\/wp\/v2\/users\/14"}],"replies":[{"embeddable":true,"href":"https:\/\/www.branas.se\/da\/wp-json\/wp\/v2\/comments?post=7978"}],"version-history":[{"count":21,"href":"https:\/\/www.branas.se\/da\/wp-json\/wp\/v2\/pages\/7978\/revisions"}],"predecessor-version":[{"id":14821,"href":"https:\/\/www.branas.se\/da\/wp-json\/wp\/v2\/pages\/7978\/revisions\/14821"}],"wp:attachment":[{"href":"https:\/\/www.branas.se\/da\/wp-json\/wp\/v2\/media?parent=7978"}],"curies":[{"name":"wp","href":"https:\/\/api.w.org\/{rel}","templated":true}]}}