{"id":807,"date":"2018-11-14T12:03:11","date_gmt":"2018-11-14T12:03:11","guid":{"rendered":"https:\/\/www.branas.se\/?page_id=807"},"modified":"2025-06-30T11:24:04","modified_gmt":"2025-06-30T09:24:04","slug":"upptack","status":"publish","type":"page","link":"https:\/\/www.branas.se\/da\/sommar\/upptack\/","title":{"rendered":"Opdage"},"content":{"rendered":"<div class=\"ingress\">\n<div>\u00a0 \u00a0Tilbring sommeren med eventyr for hele familien i Bran\u00e4s! Her finder du familievenlige cykelstier, en restaurant til hyggelige sommeraftener, en velassorteret butik og et kvarter med alt hvad du beh\u00f8ver. I n\u00e6romr\u00e5det er der ogs\u00e5 mulighed for fiskeri, vandreture og traill\u00f8b.<\/div>\n<\/div>","protected":false},"excerpt":{"rendered":"<p>\u00a0 \u00a0Tilbring sommeren med eventyr for hele familien i Bran\u00e4s! Her finder du familievenlige cykelstier, en restaurant til hyggelige sommeraftener, en velassorteret butik og et kvarter med alt hvad du beh\u00f8ver. I n\u00e6romr\u00e5det er der ogs\u00e5 mulighed for fiskeri, vandreture og traill\u00f8b.<\/p>","protected":false},"author":2,"featured_media":0,"parent":7846,"menu_order":0,"comment_status":"closed","ping_status":"closed","template":"","meta":{"_acf_changed":false,"footnotes":""},"class_list":["post-807","page","type-page","status-publish","hentry"],"acf":[],"_links":{"self":[{"href":"https:\/\/www.branas.se\/da\/wp-json\/wp\/v2\/pages\/807"}],"collection":[{"href":"https:\/\/www.branas.se\/da\/wp-json\/wp\/v2\/pages"}],"about":[{"href":"https:\/\/www.branas.se\/da\/wp-json\/wp\/v2\/types\/page"}],"author":[{"embeddable":true,"href":"https:\/\/www.branas.se\/da\/wp-json\/wp\/v2\/users\/2"}],"replies":[{"embeddable":true,"href":"https:\/\/www.branas.se\/da\/wp-json\/wp\/v2\/comments?post=807"}],"version-history":[{"count":117,"href":"https:\/\/www.branas.se\/da\/wp-json\/wp\/v2\/pages\/807\/revisions"}],"predecessor-version":[{"id":14012,"href":"https:\/\/www.branas.se\/da\/wp-json\/wp\/v2\/pages\/807\/revisions\/14012"}],"up":[{"embeddable":true,"href":"https:\/\/www.branas.se\/da\/wp-json\/wp\/v2\/pages\/7846"}],"wp:attachment":[{"href":"https:\/\/www.branas.se\/da\/wp-json\/wp\/v2\/media?parent=807"}],"curies":[{"name":"wp","href":"https:\/\/api.w.org\/{rel}","templated":true}]}}