{"id":8213,"date":"2022-06-20T08:52:10","date_gmt":"2022-06-20T06:52:10","guid":{"rendered":"https:\/\/www.branas.se\/?page_id=8213"},"modified":"2022-06-22T09:50:21","modified_gmt":"2022-06-22T07:50:21","slug":"bjarne-hovelsas","status":"publish","type":"page","link":"https:\/\/www.branas.se\/da\/bjarne-hovelsas\/","title":{"rendered":"Bjarne Hovel sauce"},"content":{"rendered":"<div class=\"ingress\">Bran\u00e4s er i dag et af Sveriges mest popul\u00e6re skisportssteder, men da anl\u00e6gget \u00e5bnede i 1988, kunne man ikke sp\u00e5 om den succes, der ventede. Bjarne Hovels\u00e5s, 66 \u00e5r, har v\u00e6ret med siden starten og har set udviklingen p\u00e5 t\u00e6t hold. Efter n\u00e6sten 34 \u00e5r som ansat l\u00e6gger trotjeneren nu skoene p\u00e5 hylden.<\/div>\n<p>17. december 1988. Det var dagen, hvor kongen sammen med den dengang kun 9-\u00e5rige prins Carl Philip klippede snoren og erkl\u00e6rede Bran\u00e4s for indviet som skisportssted. Godt to m\u00e5neder tidligere startede nordmanden Bjarne Hovels\u00e5s som en af de f\u00f8rste medarbejdere nogensinde som driftsleder for teknologiafdelingen p\u00e5 pladsen, der i dag er et prisvindende skisportssted med bes\u00f8gende fra hele landet.<\/p>\n<p>- Hvis du havde fortalt mig, da det hele startede den dag for 34 \u00e5r siden, at Bran\u00e4s ville se ud, som det g\u00f8r i dag, havde jeg ikke troet dig. Udviklingen har v\u00e6ret fantastisk at f\u00f8lge, siger Bjarne Hovels\u00e5s.<\/p>","protected":false},"excerpt":{"rendered":"<p>Bran\u00e4s er i dag et af Sveriges mest popul\u00e6re skisportssteder, men da anl\u00e6gget \u00e5bnede i 1988, kunne ingen have forudset den succes, der ventede. Bjarne Hovels\u00e5s, 66, har v\u00e6ret med siden starten og har set udviklingen p\u00e5 t\u00e6t hold. Efter n\u00e6sten 34 \u00e5r som ansat l\u00e6gger den loyale tjener nu st\u00f8vlerne p\u00e5 hylden. 17. december 1988. Det var dagen [\u2026]<\/p>","protected":false},"author":14,"featured_media":0,"parent":0,"menu_order":0,"comment_status":"closed","ping_status":"closed","template":"","meta":{"_acf_changed":false,"footnotes":""},"class_list":["post-8213","page","type-page","status-publish","hentry"],"acf":[],"_links":{"self":[{"href":"https:\/\/www.branas.se\/da\/wp-json\/wp\/v2\/pages\/8213"}],"collection":[{"href":"https:\/\/www.branas.se\/da\/wp-json\/wp\/v2\/pages"}],"about":[{"href":"https:\/\/www.branas.se\/da\/wp-json\/wp\/v2\/types\/page"}],"author":[{"embeddable":true,"href":"https:\/\/www.branas.se\/da\/wp-json\/wp\/v2\/users\/14"}],"replies":[{"embeddable":true,"href":"https:\/\/www.branas.se\/da\/wp-json\/wp\/v2\/comments?post=8213"}],"version-history":[{"count":13,"href":"https:\/\/www.branas.se\/da\/wp-json\/wp\/v2\/pages\/8213\/revisions"}],"predecessor-version":[{"id":8242,"href":"https:\/\/www.branas.se\/da\/wp-json\/wp\/v2\/pages\/8213\/revisions\/8242"}],"wp:attachment":[{"href":"https:\/\/www.branas.se\/da\/wp-json\/wp\/v2\/media?parent=8213"}],"curies":[{"name":"wp","href":"https:\/\/api.w.org\/{rel}","templated":true}]}}