{"id":8261,"date":"2022-10-24T10:53:47","date_gmt":"2022-10-24T08:53:47","guid":{"rendered":"https:\/\/www.branas.se\/?page_id=8261"},"modified":"2026-03-12T12:42:40","modified_gmt":"2026-03-12T11:42:40","slug":"notasen","status":"publish","type":"page","link":"https:\/\/www.branas.se\/da\/om-branasgruppen\/projekt\/notasen\/","title":{"rendered":"N\u00f6t\u00e5sen"},"content":{"rendered":"<div class=\"ingress\">Bran\u00e4s forts\u00e6tter sit fokus p\u00e5 b\u00f8rnefamilier, og et helt nyt skiomr\u00e5de er i \u00f8jeblikket under opf\u00f8relse p\u00e5 Bran\u00e4s Berg \u2013 et hyggeligt familieomr\u00e5de, der, n\u00e5r det er f\u00e6rdigt, vil skabe en unik opdagelsesrejse rundt om hele bjerget. Den f\u00f8rste piste og lift blev f\u00e6rdiggjort i s\u00e6son 23\/24.<\/div>\n<h2>Sveriges &quot;Sella Ronda&quot;<\/h2>\n<p>N\u00f6t\u00e5sen bliver den sidste brik i puslespillet til at binde Bran\u00e4s sammen og skabe en vej rundt om hele bjerget.<\/p>\n<p>- Vi har i sp\u00f8g kaldt det Sveriges Sella Ronda, siger Anders Kj\u00e4llstr\u00f6m, administrerende direkt\u00f8r i Bran\u00e4sgruppen.<\/p>\n<p>Sella Ronda er en velkendt skitur p\u00e5 40 kilometer med pister og lifter, der tager dig rundt i Sella-massivet i Italien. Selvom Bran\u00e4s rute rundt om bjerget bliver kortere, kan det blive noget unikt for Skis Sweden.<\/p>\n<p>- Der er ikke mange svenske skianl\u00e6g, der har skil\u00f8b i s\u00e5 mange retninger, som vi har i Bran\u00e4s, og vi bliver, s\u00e5 vidt jeg ved, det f\u00f8rste anl\u00e6g, der muligg\u00f8r en rute rundt om hele bjerget.<\/p>\n<p>N\u00f6t\u00e5sen ligger oppe p\u00e5 bjerget, p\u00e5 den anden side af vejen fra Soltorget, omtrent hvor den nuv\u00e6rende langrendsbane ligger. Omr\u00e5det vil byde p\u00e5 perfekt skil\u00f8b for familier med b\u00f8rn, og pisterne f\u00f8rer ogs\u00e5 ud til resten af Bran\u00e4s skisystem i to forskellige retninger, en mod Medvinden og Mattesdalen og en mod Bj\u00f6rnliftarna og Bran\u00e4s Berg.  Og n\u00e5r alt er klar, kan du l\u00e6gge vejen fra Bran\u00e4s By rundt om hele bjerget og passere alle omr\u00e5der p\u00e5 vejen \u2013 Mattesdalen, N\u00f6t\u00e5sen, Bran\u00e4s Berg og S\u00f8omr\u00e5det \u2013 for til sidst at afslutte turen, hvor du startede den.<\/p>\n<p>\u2013 Jeg tror, det kunne v\u00e6re et sjovt eventyr for b\u00f8rnene at komme rundt om hele bjerget s\u00e5 hurtigt som muligt.<\/p>\n<p>Den f\u00f8rste piste og lift var klar til s\u00e6sonstart 23\/24, hvilket ogs\u00e5 var s\u00e6sonen, hvor de f\u00f8rste g\u00e6ster flyttede ind i omr\u00e5det. I s\u00e6sonen 25\/26...<a href=\"https:\/\/www.branasview.se\/\"> Bran\u00e4s udsigt<\/a> f\u00e6rdiggjort og begyndt at modtage g\u00e6ster. Projektet med det nye skiomr\u00e5de opbygges gradvist over flere \u00e5r.<\/p>\n<p>&nbsp;<\/p>\n<h2>Skil\u00f8b for familien<\/h2>\n<p>Skil\u00f8b p\u00e5 N\u00f6t\u00e5sen er perfekt for b\u00f8rnefamilier. M\u00e5let er at have 5 gr\u00f8n\/bl\u00e5 pister, tre l\u00e6ngere og to kortere til de yngste g\u00e6ster. I \u00f8jeblikket er der \u00e9n piste med tilh\u00f8rende lift, der tager g\u00e6ster fra N\u00f6t\u00e5sens hytter og lejligheder ned til Bj\u00f6rnliftene p\u00e5 Bran\u00e4s Berg.<\/p>\n<p>- Det bliver sk\u00f8nt at st\u00e5 p\u00e5 ski plus det bliver en glidende vej l\u00e6ngere ind i skisystemet for omr\u00e5dets beboere.<\/p>\n<p>Udover pisten til Bj\u00f6rnliftarna er der planlagt yderligere to l\u00e6ngere pister, hvor m\u00e5let er, at den ene skal v\u00e6re en piste, der minder lidt om Nintendo Land, Bran\u00e4s eventyrpiste, der snor sig ned gennem b\u00e5de skov og figurer fra Nintendos verden. Den anden piste f\u00f8rer dig, via en transportlift, til Medvindens avsig, hvor du kan forts\u00e6tte ud i skiomr\u00e5det og n\u00e5 b\u00e5de Mattesdalen og Bran\u00e4sdalen.<\/p>\n<p>- M\u00e5let er, at familien skal kunne bruge en hel dag i omr\u00e5det med sjovt skil\u00f8b, men at det hurtigt og nemt skal v\u00e6re muligt at komme ud p\u00e5 flere pister.<\/p>\n<p><img loading=\"lazy\" decoding=\"async\" class=\"alignnone size-full wp-image-7374\" src=\"https:\/\/cdn.branasgruppen.se\/branas\/app\/uploads\/2022\/01\/07152826\/kvallsakning_hero_startsida_21-22.jpg\" alt=\"\" width=\"1700\" height=\"1000\" srcset=\"https:\/\/cdn.branasgruppen.se\/branas\/app\/uploads\/2022\/01\/07152826\/kvallsakning_hero_startsida_21-22.jpg 1700w, https:\/\/cdn.branasgruppen.se\/branas\/app\/uploads\/2022\/01\/07152826\/kvallsakning_hero_startsida_21-22-300x176.jpg 300w, https:\/\/cdn.branasgruppen.se\/branas\/app\/uploads\/2022\/01\/07152826\/kvallsakning_hero_startsida_21-22-768x452.jpg 768w, https:\/\/cdn.branasgruppen.se\/branas\/app\/uploads\/2022\/01\/07152826\/kvallsakning_hero_startsida_21-22-1024x602.jpg 1024w\" sizes=\"(max-width: 1700px) 100vw, 1700px\" \/><\/p>\n<h2>Hyggeligt centrum med restauranter og service<\/h2>\n<p>I hjertet af N\u00f6t\u00e5sen finder du et hyggeligt centrum. Her kan du stoppe for en kop kaffe, frokost eller middag p\u00e5 en af restauranterne, fylde dit spisekammer i k\u00f8bmanden eller tage en pause i den opvarmede hytte.<\/p>\n<p>\u2013 Det bliver som en mindre udgave af Soltorget. Vi har flere sp\u00e6ndende planer i st\u00f8beskeen, som vi h\u00e5ber at kunne pr\u00e6sentere inden for et par \u00e5r.<\/p>\n<p>Pr\u00e6cis hvilken type restauranter, og hvor mange der bliver, er endnu ikke klart, men et m\u00e5l er, at der skal v\u00e6re en take away-station.<\/p>\n<p>- Vi \u00f8nsker, at det skal v\u00e6re nemt at komme ind p\u00e5 ski eller i bil og hente sin mad, men der vil selvf\u00f8lgelig ogs\u00e5 v\u00e6re restauranter med siddepladser, hvor man kan spise frokost eller aftensmad med sine n\u00e6rmeste.<\/p>\n<p>Ved siden af N\u00f6t\u00e5sens centrum kommer der to kortere pister med tilh\u00f8rende tovbane. Her kan b\u00f8rn tr\u00e6ne deres balance og tage deres f\u00f8rste drejninger, f\u00f8r de begiver sig ud i mere udfordrende pister.<\/p>\n<p>\u2013 Med de korte b\u00f8rnepister og de lidt l\u00e6ngere pister i omr\u00e5det skabes en god progression i niveau. B\u00f8rnene kan udvikle deres skil\u00f8b uden at skulle ud p\u00e5 mere vanskelige pister for hurtigt, og for\u00e6ldrene kan nemt holde \u00f8je med tingene, da alt er inden for kort r\u00e6kkevidde.<\/p>\n<h2>Overnatning med ski in\/ski out<\/h2>\n<p>Uanset om du har en stor eller lille familie, er der indkvartering til dig p\u00e5 N\u00f6t\u00e5sen. Her kan du v\u00e6lge mellem hyggelige hytter og moderne lejligheder i forskellige st\u00f8rrelser. Indkvarteringen i omr\u00e5det, ligesom alle andre indkvarteringer i Bran\u00e4s, har enten ski-in\/ski-out beliggenhed eller ligger i g\u00e5afstand til lifter og pister.<\/p>\n<h2>Fakta om N\u00f6t\u00e5sen (if\u00f8lge g\u00e6ldende plan)<\/h2>\n<ul>\n<li>5 pister<\/li>\n<li>4 lifte + 1 transportb\u00e5nd<\/li>\n<li>L\u00e6ngdespor<\/li>\n<li>Hytter og lejligheder med ski in\/ski out<\/li>\n<li>Restaurant<\/li>\n<li>Shop og bo<\/li>\n<li>Varmekabine<\/li>\n<\/ul>","protected":false},"excerpt":{"rendered":"<p>Bran\u00e4s forts\u00e6tter sit fokus p\u00e5 b\u00f8rnefamilier, og et helt nyt skiomr\u00e5de er i \u00f8jeblikket under opf\u00f8relse p\u00e5 Bran\u00e4s Berg \u2013 et hyggeligt familieomr\u00e5de, der, n\u00e5r det er f\u00e6rdigt, vil skabe en unik opdagelsesrejse rundt om hele bjerget. Den f\u00f8rste piste og lift blev f\u00e6rdiggjort i s\u00e6son 23\/24. Sveriges &quot;Sella Ronda&quot; N\u00f6t\u00e5sen bliver den sidste brik i puslespillet, der forbinder Bran\u00e4s og [\u2026]<\/p>","protected":false},"author":14,"featured_media":0,"parent":9138,"menu_order":0,"comment_status":"closed","ping_status":"closed","template":"","meta":{"_acf_changed":false,"footnotes":""},"class_list":["post-8261","page","type-page","status-publish","hentry"],"acf":[],"_links":{"self":[{"href":"https:\/\/www.branas.se\/da\/wp-json\/wp\/v2\/pages\/8261"}],"collection":[{"href":"https:\/\/www.branas.se\/da\/wp-json\/wp\/v2\/pages"}],"about":[{"href":"https:\/\/www.branas.se\/da\/wp-json\/wp\/v2\/types\/page"}],"author":[{"embeddable":true,"href":"https:\/\/www.branas.se\/da\/wp-json\/wp\/v2\/users\/14"}],"replies":[{"embeddable":true,"href":"https:\/\/www.branas.se\/da\/wp-json\/wp\/v2\/comments?post=8261"}],"version-history":[{"count":25,"href":"https:\/\/www.branas.se\/da\/wp-json\/wp\/v2\/pages\/8261\/revisions"}],"predecessor-version":[{"id":14794,"href":"https:\/\/www.branas.se\/da\/wp-json\/wp\/v2\/pages\/8261\/revisions\/14794"}],"up":[{"embeddable":true,"href":"https:\/\/www.branas.se\/da\/wp-json\/wp\/v2\/pages\/9138"}],"wp:attachment":[{"href":"https:\/\/www.branas.se\/da\/wp-json\/wp\/v2\/media?parent=8261"}],"curies":[{"name":"wp","href":"https:\/\/api.w.org\/{rel}","templated":true}]}}